{"id":712975,"date":"2025-08-27T17:02:20","date_gmt":"2025-08-27T14:02:20","guid":{"rendered":"https:\/\/roveyayinevi.com.tr\/index.php\/urun\/bilinmeyen-yonleriyle-cemil-meric\/"},"modified":"2026-04-16T02:21:39","modified_gmt":"2026-04-15T23:21:39","slug":"bilinmeyen-yonleriyle-cemil-meric","status":"publish","type":"product","link":"https:\/\/roveyayinevi.com.tr\/index.php\/urun\/bilinmeyen-yonleriyle-cemil-meric\/","title":{"rendered":"Bilinmeyen Y\u00f6nleriyle Cemil Meri\u00e7"},"content":{"rendered":"<p>Elinizdeki  kitapta Cemil Meri\u00e7\u2019in farkl\u0131 y\u00f6nlerini ele alan 28 makale ve serbest yaz\u0131 var. Bug\u00fcne kadar Cemil Meri\u00e7 hakk\u0131nda  yaz\u0131lanlara bakt\u0131\u011f\u0131m\u0131zda  bir tekd\u00fczeli\u011fin hakim oldu\u011funu g\u00f6r\u00fcr\u00fcz. Hatta aralarda Cemil Meri\u00e7\u2019i oldu\u011fundan ba\u015fka g\u00f6sterme gayretke\u015fliklerini de g\u00f6r\u00fcr\u00fcz. \u0130\u015fte bu kitap Cemil Meri\u00e7\u2019i \u00e7e\u015fitli y\u00f6nleriyle ortaya \u00e7\u0131karmak amac\u0131yla haz\u0131rlad\u0131. Kadir Cang\u0131zbay\u2019\u0131n hakl\u0131 bir bi\u00e7imde serzeni\u015fte buldu\u011fu gibi, okuyucu Cemil Meri\u00e7ler i\u00e7inde hangisinin en hakiki Cemil Meri\u00e7 oldu\u011funu sormada hakl\u0131d\u0131r ve bunun cevab\u0131n\u0131n  mutlaka verilmesi gerekir. Kendisi hakk\u0131nda bu kadar \u00e7ok \u00e7e\u015fitli ve birbirine z\u0131t, birbirinden uzak tan\u0131mlamalar getirilen ba\u015fka birisi herhalde \u00e7ok az bulunur. Bug\u00fcne kadar yaz\u0131lanlara bakt\u0131\u011f\u0131m\u0131zda \u00f6zellikle \u015fakirtlerinin  O\u2019nu hep farkl\u0131 g\u00f6sterme \u00e7abas\u0131na \u015fahit olundu. Cemil Meri\u00e7 Kitab\u0131\u2019nda, ba\u015fka yerde  aray\u0131p da bulamad\u0131\u011f\u0131n\u0131z Cemil Meri\u00e7\u2019i  farkl\u0131 kalemlerin metinlerinde  bulabilece\u011finizi tahmin ediyoruz. <\/p>\n","protected":false},"excerpt":{"rendered":"<p>Elinizdeki kitapta Cemil Meri\u00e7\u2019in farkl\u0131 y\u00f6nlerini ele alan 28 makale ve serbest yaz\u0131 var. Bug\u00fcne kadar Cemil Meri\u00e7 hakk\u0131nda yaz\u0131lanlara bakt\u0131\u011f\u0131m\u0131zda bir tekd\u00fczeli\u011fin hakim oldu\u011funu g\u00f6r\u00fcr\u00fcz.<span class=\"excerpt-hellip\"> [\u2026]<\/span><\/p>\n","protected":false},"featured_media":0,"template":"","meta":{"_monsterinsights_skip_tracking":false,"_monsterinsights_sitenote_active":false,"_monsterinsights_sitenote_note":"","_monsterinsights_sitenote_category":0},"product_brand":[],"product_cat":[14009,12291],"product_tag":[],"class_list":{"0":"post-712975","1":"product","2":"type-product","3":"status-publish","5":"product_cat-biyografi-otobiyografi-edebiyat","6":"product_cat-edebiyat","7":"pa_cilt-ciltsiz","8":"pa_tur-kitap","9":"pa_yayinevi-altinordu-yayinlari","10":"pa_yazar-kollektif","12":"first","13":"instock","14":"sale","15":"shipping-taxable","16":"purchasable","17":"product-type-simple"},"_links":{"self":[{"href":"https:\/\/roveyayinevi.com.tr\/index.php\/wp-json\/wp\/v2\/product\/712975","targetHints":{"allow":["GET"]}}],"collection":[{"href":"https:\/\/roveyayinevi.com.tr\/index.php\/wp-json\/wp\/v2\/product"}],"about":[{"href":"https:\/\/roveyayinevi.com.tr\/index.php\/wp-json\/wp\/v2\/types\/product"}],"wp:attachment":[{"href":"https:\/\/roveyayinevi.com.tr\/index.php\/wp-json\/wp\/v2\/media?parent=712975"}],"wp:term":[{"taxonomy":"product_brand","embeddable":true,"href":"https:\/\/roveyayinevi.com.tr\/index.php\/wp-json\/wp\/v2\/product_brand?post=712975"},{"taxonomy":"product_cat","embeddable":true,"href":"https:\/\/roveyayinevi.com.tr\/index.php\/wp-json\/wp\/v2\/product_cat?post=712975"},{"taxonomy":"product_tag","embeddable":true,"href":"https:\/\/roveyayinevi.com.tr\/index.php\/wp-json\/wp\/v2\/product_tag?post=712975"}],"curies":[{"name":"wp","href":"https:\/\/api.w.org\/{rel}","templated":true}]}}