{"id":712974,"date":"2025-08-27T17:02:19","date_gmt":"2025-08-27T14:02:19","guid":{"rendered":"https:\/\/roveyayinevi.com.tr\/index.php\/urun\/dede-korkut-oguznameleri-2\/"},"modified":"2026-04-16T02:21:39","modified_gmt":"2026-04-15T23:21:39","slug":"dede-korkut-oguznameleri-2","status":"publish","type":"product","link":"https:\/\/roveyayinevi.com.tr\/index.php\/urun\/dede-korkut-oguznameleri-2\/","title":{"rendered":"Dede Korkut O\u011fuznameleri"},"content":{"rendered":"<p>Kimi ara\u015ft\u0131rmac\u0131lar\u0131n eski, b\u00fcy\u00fck bir destan\u0131n kal\u0131nt\u0131lar\u0131, kimilerinin b\u00f6yle bir destan\u0131n halk \u00f6yk\u00fclerine d\u00f6n\u00fc\u015fm\u00fc\u015f par\u00e7alar\u0131, kimilerinin de destanla\u015ft\u0131r\u0131lm\u0131\u015f halk \u00f6yk\u00fcleri olarak g\u00f6rd\u00fckleri Dede Korkut O\u011fuznameleri, kesin olarak belirlenemeyen bir d\u00f6nemde ve bir yerde yaz\u0131ya ge\u00e7irilmi\u015ftir. Bunlar\u0131n ilk yaz\u0131l\u0131 bi\u00e7imlerinden bug\u00fcn elde kalm\u0131\u015f olan metinlere, yani 15. ya da 16. y\u00fczy\u0131lda yaz\u0131lm\u0131\u015f oldu\u011fu kabul edilen yazmalara gelinceye de\u011fin epeyce de\u011fi\u015fikli\u011fe u\u011fram\u0131\u015f oldu\u011fu d\u00fc\u015f\u00fcn\u00fclmektedir. Elde bulunan metinlerde bu anlat\u0131lar, boy ve O\u011fuzname diye nitelenir, bunlar\u0131 ilk olarak Tanr\u0131 El\u00e7isi Muhammed zaman\u0131na yak\u0131n do\u011fmu\u015f olan Dede Korkut&#8217;un kopuz \u00e7al\u0131p manzum par\u00e7alar okuyarak anlatt\u0131\u011f\u0131 s\u00f6ylenir. Olaylar, hangi zaman oldu\u011fubelirtilmeyen &#8220;O\u011fuz zaman\u0131&#8221;nda; s\u0131n\u0131rlar\u0131 \u00e7izilmeyen, nerede oldu\u011fu a\u00e7\u0131k\u00e7a belirtilmeyen &#8220;O\u011fuz ili&#8221;nde, g\u00f6\u00e7erevli M\u00fcsl\u00fcman O\u011fuzlar aras\u0131nda ya da bunlarla hisarlarda ya\u015fayan Hristiyanlar aras\u0131nda ge\u00e7er. Anlat\u0131lanlar\u0131n Do\u011fu Anadolu, G\u00fcrcistan ve Azerbaycan&#8217;da ge\u00e7ti\u011fi, hisarlarda ya\u015fayan ve her sava\u015fta yenilgiye u\u011frat\u0131lanlar\u0131n G\u00fcrc\u00fcler ve Trabzon Rumlar\u0131 oldu\u011fu ancak yer adlar\u0131ndan anla\u015f\u0131l\u0131r. Anlat\u0131lar\u0131n birka\u00e7\u0131 s\u00f6zl\u00fc gelenekte halk \u00f6yk\u00fcs\u00fc olarak s\u00fcregeldi\u011fi halde yaz\u0131l\u0131 metinlerin yay\u0131lmad\u0131\u011f\u0131, pek az say\u0131da kald\u0131\u011f\u0131 anla\u015f\u0131lmaktad\u0131r. Bu kitapta, Dresden ve Vatikan yazmalar\u0131ndaki O\u011fuznamelerin yer yer birbirinden olduk\u00e7a farkl\u0131la\u015fm\u0131\u015f metinleri, ilk kez pek \u00e7ok sorunlar\u0131 \u00e7\u00f6z\u00fcmlenmi\u015f, onar\u0131lmas\u0131 gereken yerleri onar\u0131lm\u0131\u015f olarak ayr\u0131 ayr\u0131 yay\u0131mlanmaktad\u0131r. \ufffcTan\u0131t\u0131m Metni<\/p>\n","protected":false},"excerpt":{"rendered":"<p>Kimi ara\u015ft\u0131rmac\u0131lar\u0131n eski, b\u00fcy\u00fck bir destan\u0131n kal\u0131nt\u0131lar\u0131, kimilerinin b\u00f6yle bir destan\u0131n halk \u00f6yk\u00fclerine d\u00f6n\u00fc\u015fm\u00fc\u015f par\u00e7alar\u0131, kimilerinin de destanla\u015ft\u0131r\u0131lm\u0131\u015f halk \u00f6yk\u00fcleri olarak g\u00f6rd\u00fckleri Dede Korkut O\u011fuznameleri, kesin<span class=\"excerpt-hellip\"> [\u2026]<\/span><\/p>\n","protected":false},"featured_media":0,"template":"","meta":{"_monsterinsights_skip_tracking":false,"_monsterinsights_sitenote_active":false,"_monsterinsights_sitenote_note":"","_monsterinsights_sitenote_category":0},"product_brand":[],"product_cat":[12291,13706],"product_tag":[],"class_list":{"0":"post-712974","1":"product","2":"type-product","3":"status-publish","5":"product_cat-edebiyat","6":"product_cat-efsane-destan-masal","7":"pa_cilt-ciltsiz","8":"pa_tur-kitap","9":"pa_yayinevi-yapi-kredi-yayinlari","10":"pa_yazar-kollektif","12":"first","13":"instock","14":"sale","15":"shipping-taxable","16":"purchasable","17":"product-type-simple"},"_links":{"self":[{"href":"https:\/\/roveyayinevi.com.tr\/index.php\/wp-json\/wp\/v2\/product\/712974","targetHints":{"allow":["GET"]}}],"collection":[{"href":"https:\/\/roveyayinevi.com.tr\/index.php\/wp-json\/wp\/v2\/product"}],"about":[{"href":"https:\/\/roveyayinevi.com.tr\/index.php\/wp-json\/wp\/v2\/types\/product"}],"wp:attachment":[{"href":"https:\/\/roveyayinevi.com.tr\/index.php\/wp-json\/wp\/v2\/media?parent=712974"}],"wp:term":[{"taxonomy":"product_brand","embeddable":true,"href":"https:\/\/roveyayinevi.com.tr\/index.php\/wp-json\/wp\/v2\/product_brand?post=712974"},{"taxonomy":"product_cat","embeddable":true,"href":"https:\/\/roveyayinevi.com.tr\/index.php\/wp-json\/wp\/v2\/product_cat?post=712974"},{"taxonomy":"product_tag","embeddable":true,"href":"https:\/\/roveyayinevi.com.tr\/index.php\/wp-json\/wp\/v2\/product_tag?post=712974"}],"curies":[{"name":"wp","href":"https:\/\/api.w.org\/{rel}","templated":true}]}}