{"id":712973,"date":"2025-08-27T17:02:19","date_gmt":"2025-08-27T14:02:19","guid":{"rendered":"https:\/\/roveyayinevi.com.tr\/index.php\/urun\/balthusun-anilari\/"},"modified":"2026-04-16T02:21:39","modified_gmt":"2026-04-15T23:21:39","slug":"balthusun-anilari","status":"publish","type":"product","link":"https:\/\/roveyayinevi.com.tr\/index.php\/urun\/balthusun-anilari\/","title":{"rendered":"Balthus\u2019\u00fcn An\u0131lar\u0131"},"content":{"rendered":"<p>Do\u011fan\u0131n, ya\u015fam\u0131n uyan\u0131\u015f\u0131, olaylar\u0131n do\u011fu\u015fudur beni ilgilendiren. \u00c7ocuklu\u011fun bu gizlerini resmedebilmek beni her zaman u\u011fra\u015ft\u0131rm\u0131\u015ft\u0131r. Giacometti&#8217;yi bunun i\u00e7in o kadar seviyordum. Nesnelerin \u00f6l\u00e7\u00fcs\u00fcn\u00fc veriyor, m\u00fczi\u011fi ileten, y\u00fczlere ve manzaralara ezgiler s\u00f6yleten do\u011fru sesi veriyordu bana. Ben de bu biricik aray\u0131\u015f i\u00e7indeyim, tek i\u015fim bu. Ve bu zanaatk\u00e2r \u00e7al\u0131\u015fmas\u0131n\u0131n \u00f6zel bir p\u0131r\u0131lt\u0131s\u0131 yoktur. Karanl\u0131k, uzun ve sessiz bir yoldur. Bunun i\u00e7in nefret ediyorum sanat\u00e7\u0131 diye nitelemekten. Bu s\u00f6zc\u00fc\u011f\u00fc bir k\u00fcf\u00fcr kabun eden ve bu y\u00fczden daha \u00e7ok k\u00fcfreden sevgili Kaptan Haddock gibiyim! Sadece f\u0131r\u00e7alar, bu \u00f6nl\u00fck ve tuval var. Bunlard\u0131r t\u00fcm ya\u015fam\u0131m\u0131 ge\u00e7erli k\u0131lan. Ne para, ne \u00fcn, bunlar hi\u00e7bir zaman etkilemedi beni. Ressam, imgeleri kar\u015f\u0131ya ge\u00e7iren al\u00e7akg\u00f6n\u00fcll\u00fc kay\u0131k\u00e7\u0131, sab\u0131rla a\u015f\u0131lm\u0131\u015f basamaklarda onlar\u0131 tutmay\u0131 bilen uysal bir zanaatk\u00e2rd\u0131r yaln\u0131zca. Budur onun g\u00f6revi. Ula\u015faca\u011f\u0131 son nokta budur. <\/p>\n","protected":false},"excerpt":{"rendered":"<p>Do\u011fan\u0131n, ya\u015fam\u0131n uyan\u0131\u015f\u0131, olaylar\u0131n do\u011fu\u015fudur beni ilgilendiren. \u00c7ocuklu\u011fun bu gizlerini resmedebilmek beni her zaman u\u011fra\u015ft\u0131rm\u0131\u015ft\u0131r. Giacometti&#8217;yi bunun i\u00e7in o kadar seviyordum. Nesnelerin \u00f6l\u00e7\u00fcs\u00fcn\u00fc veriyor, m\u00fczi\u011fi ileten,<span class=\"excerpt-hellip\"> [\u2026]<\/span><\/p>\n","protected":false},"featured_media":0,"template":"","meta":{"_monsterinsights_skip_tracking":false,"_monsterinsights_sitenote_active":false,"_monsterinsights_sitenote_note":"","_monsterinsights_sitenote_category":0},"product_brand":[],"product_cat":[15733,12408],"product_tag":[],"class_list":{"0":"post-712973","1":"product","2":"type-product","3":"status-publish","5":"product_cat-resim","6":"product_cat-sanat","7":"pa_cilt-ciltsiz","8":"pa_tur-kitap","9":"pa_yayinevi-yapi-kredi-yayinlari","10":"pa_yazar-alain-vircondelet","12":"first","13":"instock","14":"sale","15":"shipping-taxable","16":"purchasable","17":"product-type-simple"},"_links":{"self":[{"href":"https:\/\/roveyayinevi.com.tr\/index.php\/wp-json\/wp\/v2\/product\/712973","targetHints":{"allow":["GET"]}}],"collection":[{"href":"https:\/\/roveyayinevi.com.tr\/index.php\/wp-json\/wp\/v2\/product"}],"about":[{"href":"https:\/\/roveyayinevi.com.tr\/index.php\/wp-json\/wp\/v2\/types\/product"}],"wp:attachment":[{"href":"https:\/\/roveyayinevi.com.tr\/index.php\/wp-json\/wp\/v2\/media?parent=712973"}],"wp:term":[{"taxonomy":"product_brand","embeddable":true,"href":"https:\/\/roveyayinevi.com.tr\/index.php\/wp-json\/wp\/v2\/product_brand?post=712973"},{"taxonomy":"product_cat","embeddable":true,"href":"https:\/\/roveyayinevi.com.tr\/index.php\/wp-json\/wp\/v2\/product_cat?post=712973"},{"taxonomy":"product_tag","embeddable":true,"href":"https:\/\/roveyayinevi.com.tr\/index.php\/wp-json\/wp\/v2\/product_tag?post=712973"}],"curies":[{"name":"wp","href":"https:\/\/api.w.org\/{rel}","templated":true}]}}