{"id":712972,"date":"2025-08-27T17:02:18","date_gmt":"2025-08-27T14:02:18","guid":{"rendered":"https:\/\/roveyayinevi.com.tr\/index.php\/urun\/oncesi-de-kalir\/"},"modified":"2026-04-16T02:21:39","modified_gmt":"2026-04-15T23:21:39","slug":"oncesi-de-kalir","status":"publish","type":"product","link":"https:\/\/roveyayinevi.com.tr\/index.php\/urun\/oncesi-de-kalir\/","title":{"rendered":"\u00d6ncesi de Kal\u0131r"},"content":{"rendered":"<p>Edip Canseverin, son kitab\u0131 Oteller Kentinden (1985) sonra yazd\u0131\u011f\u0131 \u015fiirler Sonras\u0131 Kal\u0131r ad\u0131yla yay\u0131mlad\u0131\u011f\u0131m\u0131z &#8220;B\u00fct\u00fcn \u015eiirlerlerine dahil edilmi\u015fti. itaplar\u0131na gir(e)memi\u015f ilk ve son \u015fiirleri ise \u015fair ve ele\u015ftirmen Mehmet Can Do\u011fan\u0131n &#8220;Sonras\u0131n\u0131n kald\u0131\u011f\u0131, bilinen bir durum; bilinmesi gereken ise \u00f6ncesinin de kald\u0131\u011f\u0131d\u0131r. Benim yorumlar\u0131ma eklenecek yeni yorumlar, \u00f6ncesinden kalanlar\u0131n Canseveri yeni ba\u015ftan yorumlamam\u0131z\u0131 gerektirip gerektirmedi\u011fini g\u00f6sterecektir&#8221; s\u00f6zleriyle sundu\u011fu \u00d6ncesi de Kal\u0131rda bir araya geliyor: &#8220;Bu kitap, bir \u015fairin \u015fiir yay\u0131mlama prati\u011fini anlamak ve s\u00fcre\u00e7 i\u00e7indeki s\u0131\u00e7ramalar\u0131n\u0131 fark etmek y\u00f6nlerinden Edip Canseveri g\u00f6zetirken; Canseverin deneyimi, \u015fiir yazanlara da yay\u0131mlama noktas\u0131nda&#8221; bir \u015feyler s\u00f6yler.&#8221; \ufffcTan\u0131t\u0131m Metni<\/p>\n","protected":false},"excerpt":{"rendered":"<p>Edip Canseverin, son kitab\u0131 Oteller Kentinden (1985) sonra yazd\u0131\u011f\u0131 \u015fiirler Sonras\u0131 Kal\u0131r ad\u0131yla yay\u0131mlad\u0131\u011f\u0131m\u0131z &#8220;B\u00fct\u00fcn \u015eiirlerlerine dahil edilmi\u015fti. itaplar\u0131na gir(e)memi\u015f ilk ve son \u015fiirleri ise \u015fair<span class=\"excerpt-hellip\"> [\u2026]<\/span><\/p>\n","protected":false},"featured_media":0,"template":"","meta":{"_monsterinsights_skip_tracking":false,"_monsterinsights_sitenote_active":false,"_monsterinsights_sitenote_note":"","_monsterinsights_sitenote_category":0},"product_brand":[],"product_cat":[12291,12509],"product_tag":[],"class_list":{"0":"post-712972","1":"product","2":"type-product","3":"status-publish","5":"product_cat-edebiyat","6":"product_cat-siir","7":"pa_cilt-ciltsiz","8":"pa_tur-kitap","9":"pa_yayinevi-yapi-kredi-yayinlari","10":"pa_yazar-edip-cansever","12":"first","13":"instock","14":"sale","15":"shipping-taxable","16":"purchasable","17":"product-type-simple"},"_links":{"self":[{"href":"https:\/\/roveyayinevi.com.tr\/index.php\/wp-json\/wp\/v2\/product\/712972","targetHints":{"allow":["GET"]}}],"collection":[{"href":"https:\/\/roveyayinevi.com.tr\/index.php\/wp-json\/wp\/v2\/product"}],"about":[{"href":"https:\/\/roveyayinevi.com.tr\/index.php\/wp-json\/wp\/v2\/types\/product"}],"wp:attachment":[{"href":"https:\/\/roveyayinevi.com.tr\/index.php\/wp-json\/wp\/v2\/media?parent=712972"}],"wp:term":[{"taxonomy":"product_brand","embeddable":true,"href":"https:\/\/roveyayinevi.com.tr\/index.php\/wp-json\/wp\/v2\/product_brand?post=712972"},{"taxonomy":"product_cat","embeddable":true,"href":"https:\/\/roveyayinevi.com.tr\/index.php\/wp-json\/wp\/v2\/product_cat?post=712972"},{"taxonomy":"product_tag","embeddable":true,"href":"https:\/\/roveyayinevi.com.tr\/index.php\/wp-json\/wp\/v2\/product_tag?post=712972"}],"curies":[{"name":"wp","href":"https:\/\/api.w.org\/{rel}","templated":true}]}}