{"id":712970,"date":"2025-08-27T17:02:17","date_gmt":"2025-08-27T14:02:17","guid":{"rendered":"https:\/\/roveyayinevi.com.tr\/index.php\/urun\/mavi-esek-postlu-aslan-oyun-icinde-oyun\/"},"modified":"2026-04-16T02:21:39","modified_gmt":"2026-04-15T23:21:39","slug":"mavi-esek-postlu-aslan-oyun-icinde-oyun","status":"publish","type":"product","link":"https:\/\/roveyayinevi.com.tr\/index.php\/urun\/mavi-esek-postlu-aslan-oyun-icinde-oyun\/","title":{"rendered":"Mavi E\u015fek Postlu Aslan \u2013 Oyun \u0130\u00e7inde Oyun"},"content":{"rendered":"<p>Bu orman, ba\u015fka orman! Mavi E\u015fek ve Kral Aslan, bir kitab\u0131n sayfalar\u0131n\u0131n aras\u0131na s\u0131k\u0131\u015f\u0131p kalm\u0131\u015ft\u0131. Bu y\u00fczden Yazar\u2019la ve \u00c7izer\u2019le tart\u0131\u015f\u0131p duruyorlar, kendi \u00f6yk\u00fclerinin yazar\u0131 olmak istiyorlard\u0131. Bu tart\u0131\u015fmalardan s\u0131k\u0131lan Mavi E\u015fek bavulunu toplay\u0131p Afrika\u2019ya gidince ortal\u0131k iyice kar\u0131\u015ft\u0131! \u00c7ocuk yaz\u0131n\u0131m\u0131z\u0131n \u00fcretken kalemi Yalva\u00e7 Ural, \u201cMavi E\u015fek\u2019in Ser\u00fcvenleri\u201dnin d\u00f6rd\u00fcnc\u00fc kitab\u0131nda da Ormangiller\u2019in renkli d\u00fcnyas\u0131nda dola\u015f\u0131yor: Mavi E\u015fek Postlu Aslan \/ Oyun \u0130\u00e7inde Oyun, Yazar ve \u00c7izer\u2019e kar\u015f\u0131n, kendi \u00f6yk\u00fclerini yaz\u0131p oynamaya \u00e7al\u0131\u015fan ama her seferinde bu muzip ikilinin planlar\u0131n\u0131n bir ad\u0131m gerisinde kalan Ormangiller\u2019in s\u00fcr\u00fckleyici maceras\u0131na \u00e7a\u011f\u0131r\u0131yor kitap kurtlar\u0131n\u0131. <\/p>\n","protected":false},"excerpt":{"rendered":"<p>Bu orman, ba\u015fka orman! Mavi E\u015fek ve Kral Aslan, bir kitab\u0131n sayfalar\u0131n\u0131n aras\u0131na s\u0131k\u0131\u015f\u0131p kalm\u0131\u015ft\u0131. Bu y\u00fczden Yazar\u2019la ve \u00c7izer\u2019le tart\u0131\u015f\u0131p duruyorlar, kendi \u00f6yk\u00fclerinin yazar\u0131 olmak<span class=\"excerpt-hellip\"> [\u2026]<\/span><\/p>\n","protected":false},"featured_media":0,"template":"","meta":{"_monsterinsights_skip_tracking":false,"_monsterinsights_sitenote_active":false,"_monsterinsights_sitenote_note":"","_monsterinsights_sitenote_category":0},"product_brand":[],"product_cat":[12275,12274],"product_tag":[],"class_list":{"0":"post-712970","1":"product","2":"type-product","3":"status-publish","5":"product_cat-6-12-yas-kitaplari","6":"product_cat-cocuk-ve-genclik-kitaplari","7":"pa_cilt-ciltsiz","8":"pa_tur-kitap","9":"pa_yayinevi-yapi-kredi-yayinlari","10":"pa_yazar-yalvac-ural","12":"first","13":"instock","14":"sale","15":"shipping-taxable","16":"purchasable","17":"product-type-simple"},"_links":{"self":[{"href":"https:\/\/roveyayinevi.com.tr\/index.php\/wp-json\/wp\/v2\/product\/712970","targetHints":{"allow":["GET"]}}],"collection":[{"href":"https:\/\/roveyayinevi.com.tr\/index.php\/wp-json\/wp\/v2\/product"}],"about":[{"href":"https:\/\/roveyayinevi.com.tr\/index.php\/wp-json\/wp\/v2\/types\/product"}],"wp:attachment":[{"href":"https:\/\/roveyayinevi.com.tr\/index.php\/wp-json\/wp\/v2\/media?parent=712970"}],"wp:term":[{"taxonomy":"product_brand","embeddable":true,"href":"https:\/\/roveyayinevi.com.tr\/index.php\/wp-json\/wp\/v2\/product_brand?post=712970"},{"taxonomy":"product_cat","embeddable":true,"href":"https:\/\/roveyayinevi.com.tr\/index.php\/wp-json\/wp\/v2\/product_cat?post=712970"},{"taxonomy":"product_tag","embeddable":true,"href":"https:\/\/roveyayinevi.com.tr\/index.php\/wp-json\/wp\/v2\/product_tag?post=712970"}],"curies":[{"name":"wp","href":"https:\/\/api.w.org\/{rel}","templated":true}]}}