{"id":712968,"date":"2025-08-27T17:02:15","date_gmt":"2025-08-27T14:02:15","guid":{"rendered":"https:\/\/roveyayinevi.com.tr\/index.php\/urun\/ezgiler-ezgisi-nesideler-nesidesi-2\/"},"modified":"2026-04-16T02:21:39","modified_gmt":"2026-04-15T23:21:39","slug":"ezgiler-ezgisi-nesideler-nesidesi-2","status":"publish","type":"product","link":"https:\/\/roveyayinevi.com.tr\/index.php\/urun\/ezgiler-ezgisi-nesideler-nesidesi-2\/","title":{"rendered":"Ezgiler Ezgisi \u201cNe\u015fideler Ne\u015fidesi\u201d"},"content":{"rendered":"<p>Bak g\u00fczelsin sevgilim g\u00fczelsin i\u015fte per\u00e7eminin ard\u0131nda g\u00f6zlerin iki g\u00fcvercin sa\u00e7lar\u0131n bir ke\u00e7i s\u00fcr\u00fcs\u00fc sanki Gilat\u2019\u0131n yama\u00e7lar\u0131ndan akan <\/p>\n","protected":false},"excerpt":{"rendered":"<p>Bak g\u00fczelsin sevgilim g\u00fczelsin i\u015fte per\u00e7eminin ard\u0131nda g\u00f6zlerin iki g\u00fcvercin sa\u00e7lar\u0131n bir ke\u00e7i s\u00fcr\u00fcs\u00fc sanki Gilat\u2019\u0131n yama\u00e7lar\u0131ndan akan<\/p>\n","protected":false},"featured_media":0,"template":"","meta":{"_monsterinsights_skip_tracking":false,"_monsterinsights_sitenote_active":false,"_monsterinsights_sitenote_note":"","_monsterinsights_sitenote_category":0},"product_brand":[],"product_cat":[12291,12509],"product_tag":[],"class_list":{"0":"post-712968","1":"product","2":"type-product","3":"status-publish","5":"product_cat-edebiyat","6":"product_cat-siir","7":"pa_cilt-ciltsiz","8":"pa_tur-kitap","9":"pa_yayinevi-yapi-kredi-yayinlari","10":"pa_yazar-kollektif","12":"first","13":"instock","14":"sale","15":"shipping-taxable","16":"purchasable","17":"product-type-simple"},"_links":{"self":[{"href":"https:\/\/roveyayinevi.com.tr\/index.php\/wp-json\/wp\/v2\/product\/712968","targetHints":{"allow":["GET"]}}],"collection":[{"href":"https:\/\/roveyayinevi.com.tr\/index.php\/wp-json\/wp\/v2\/product"}],"about":[{"href":"https:\/\/roveyayinevi.com.tr\/index.php\/wp-json\/wp\/v2\/types\/product"}],"wp:attachment":[{"href":"https:\/\/roveyayinevi.com.tr\/index.php\/wp-json\/wp\/v2\/media?parent=712968"}],"wp:term":[{"taxonomy":"product_brand","embeddable":true,"href":"https:\/\/roveyayinevi.com.tr\/index.php\/wp-json\/wp\/v2\/product_brand?post=712968"},{"taxonomy":"product_cat","embeddable":true,"href":"https:\/\/roveyayinevi.com.tr\/index.php\/wp-json\/wp\/v2\/product_cat?post=712968"},{"taxonomy":"product_tag","embeddable":true,"href":"https:\/\/roveyayinevi.com.tr\/index.php\/wp-json\/wp\/v2\/product_tag?post=712968"}],"curies":[{"name":"wp","href":"https:\/\/api.w.org\/{rel}","templated":true}]}}