{"id":712967,"date":"2025-08-27T17:02:15","date_gmt":"2025-08-27T14:02:15","guid":{"rendered":"https:\/\/roveyayinevi.com.tr\/index.php\/urun\/arduino-ile-kodlama-ve-mikrodenetleyici-uygulamalari\/"},"modified":"2026-04-16T02:21:39","modified_gmt":"2026-04-15T23:21:39","slug":"arduino-ile-kodlama-ve-mikrodenetleyici-uygulamalari","status":"publish","type":"product","link":"https:\/\/roveyayinevi.com.tr\/index.php\/urun\/arduino-ile-kodlama-ve-mikrodenetleyici-uygulamalari\/","title":{"rendered":"Arduino \u0130le Kodlama Ve Mikrodenetleyici Uygulamalar\u0131"},"content":{"rendered":"<p>Arduino, hem devre tasar\u0131m\u0131 hem de programlama gereksinimleri a\u00e7\u0131s\u0131ndan esnek bir yap\u0131ya sahiptir. Bu esnek yap\u0131, kullan\u0131c\u0131 odakl\u0131 proje geli\u015ftirme i\u015flemlerini h\u0131zland\u0131rmakta, kullan\u0131c\u0131n\u0131n prototiplemesini kolayla\u015ft\u0131rmaktad\u0131r. Okuyucunun yazd\u0131\u011f\u0131 kodun somut olarak \u00e7al\u0131\u015ft\u0131\u011f\u0131n\u0131 g\u00f6rmesi, yapt\u0131\u011f\u0131 \u00e7al\u0131\u015fmadan haz almas\u0131n\u0131 ve \u00f6z yeterlilik duygusunu geli\u015ftirmesini sa\u011flamaktad\u0131r. Neden Arduino? sorusuna verilecek en iyi cevap tasar\u0131m ve kodlama \u00fczerine kurulmu\u015f olmas\u0131ndan kaynaklanmaktad\u0131r. Bun-dan dolay\u0131, kodlama, maker, nesnelerin interneti, robotik uygulamalar vb. kavramlar konu\u015fuldu\u011funda akla gelen ilk \u015fey Arduino olmaktad\u0131r. Peki nedir Arduino\u2019nun s\u0131rr\u0131? Arduino&#8217;yu di\u011fer bir\u00e7ok teknolojiden ay\u0131ran \u00f6zellik, her ya\u015ftan bireye kodlamay\u0131 \u00e7ok h\u0131zl\u0131 bir \u015fekilde \u00f6\u011fretmesi ve kodlamayla beraber herkesin kendine g\u00f6re tasar\u0131m imkan\u0131 bulabilmesidir. Yap\u0131lan her tasar\u0131m, kendine g\u00f6re yap felsefesine dayanmakta, bundan dolay\u0131 her yap\u0131lan tasar\u0131m \u00f6zg\u00fcn olmakta, yeni uygulamalara ve projelere yol a\u00e7maktad\u0131r. Temel elektronik bilgisini ve kodlamay\u0131 bir araya getiren Arduino\u2019nun sa\u011flad\u0131\u011f\u0131 bu esneklik hemen herkes tara-f\u0131ndan tart\u0131\u015fmas\u0131z olarak kabul g\u00f6rm\u00fc\u015f ve benimsenmi\u015ftir. Bu kitap kimin i\u00e7in? Bu kitap, a\u015fa\u011f\u0131da belirtilen hedef kitle ve ders programlar\u0131 i\u00e7in haz\u0131rlanm\u0131\u015ft\u0131r: &#8211; Mesleki ve Teknik Liselerin Bili\u015fim Teknolojileri, Elektrik-Elektronik alan\u0131 vb. &#8211; \u00d6nlisans Bilgisayar Programc\u0131l\u0131\u011f\u0131, Elektronik Teknolojileri, Kontrol ve Otomasyon vb. b\u00f6l\u00fcmleri &#8211; Lisans d\u00fczeyinde Bilgisayar M\u00fchendisli\u011fi, Elektrik-Elektronik M\u00fchendisli\u011fi, Bilgisayar ve \u00d6\u011fretim Teknolojileri E\u011fitimi (B\u00d6TE) vb. b\u00f6l\u00fcmlerde verilen Mikrodenetleyiciler ve Kodlama dersleri &#8211; Bilim merkezleri, sertifika programlar\u0131 ve kurslar &#8211; Makerlar ve Hobiciler &#8211; Kodlama ve tasar\u0131mla u\u011fra\u015fanlar &#8211; Elektroni\u011fe ve programlamaya merakl\u0131 olanlar <\/p>\n","protected":false},"excerpt":{"rendered":"<p>Arduino, hem devre tasar\u0131m\u0131 hem de programlama gereksinimleri a\u00e7\u0131s\u0131ndan esnek bir yap\u0131ya sahiptir. Bu esnek yap\u0131, kullan\u0131c\u0131 odakl\u0131 proje geli\u015ftirme i\u015flemlerini h\u0131zland\u0131rmakta, kullan\u0131c\u0131n\u0131n prototiplemesini kolayla\u015ft\u0131rmaktad\u0131r. Okuyucunun<span class=\"excerpt-hellip\"> [\u2026]<\/span><\/p>\n","protected":false},"featured_media":0,"template":"","meta":{"_monsterinsights_skip_tracking":false,"_monsterinsights_sitenote_active":false,"_monsterinsights_sitenote_note":"","_monsterinsights_sitenote_category":0},"product_brand":[],"product_cat":[12573,12566],"product_tag":[],"class_list":{"0":"post-712967","1":"product","2":"type-product","3":"status-publish","5":"product_cat-akademik-kitaplar","6":"product_cat-egitim","7":"pa_cilt-ciltsiz","8":"pa_tur-kitap","9":"pa_yayinevi-ani-yayincilik","10":"pa_yazar-mehmet-akif-ocak-abdullah-alper-efe","12":"first","13":"instock","14":"sale","15":"shipping-taxable","16":"purchasable","17":"product-type-simple"},"_links":{"self":[{"href":"https:\/\/roveyayinevi.com.tr\/index.php\/wp-json\/wp\/v2\/product\/712967","targetHints":{"allow":["GET"]}}],"collection":[{"href":"https:\/\/roveyayinevi.com.tr\/index.php\/wp-json\/wp\/v2\/product"}],"about":[{"href":"https:\/\/roveyayinevi.com.tr\/index.php\/wp-json\/wp\/v2\/types\/product"}],"wp:attachment":[{"href":"https:\/\/roveyayinevi.com.tr\/index.php\/wp-json\/wp\/v2\/media?parent=712967"}],"wp:term":[{"taxonomy":"product_brand","embeddable":true,"href":"https:\/\/roveyayinevi.com.tr\/index.php\/wp-json\/wp\/v2\/product_brand?post=712967"},{"taxonomy":"product_cat","embeddable":true,"href":"https:\/\/roveyayinevi.com.tr\/index.php\/wp-json\/wp\/v2\/product_cat?post=712967"},{"taxonomy":"product_tag","embeddable":true,"href":"https:\/\/roveyayinevi.com.tr\/index.php\/wp-json\/wp\/v2\/product_tag?post=712967"}],"curies":[{"name":"wp","href":"https:\/\/api.w.org\/{rel}","templated":true}]}}