{"id":712966,"date":"2025-08-27T17:02:14","date_gmt":"2025-08-27T14:02:14","guid":{"rendered":"https:\/\/roveyayinevi.com.tr\/index.php\/urun\/esmaul-husna-ile-dualasan-siirler\/"},"modified":"2026-04-16T02:21:39","modified_gmt":"2026-04-15T23:21:39","slug":"esmaul-husna-ile-dualasan-siirler","status":"publish","type":"product","link":"https:\/\/roveyayinevi.com.tr\/index.php\/urun\/esmaul-husna-ile-dualasan-siirler\/","title":{"rendered":"Esma\u00fc\u2019l H\u00fcsna ile Duala\u015fan \u015eiirler"},"content":{"rendered":"<p>Allah\u2019\u0131n isim ve s\u0131fatlar\u0131n\u0131 t\u00fcm d\u00fcnya dillerini bir araya getirsek yine de tam tarif edemeyiz. O\u2019nun bana bah\u015fetti\u011fi yetene\u011fi neden Y\u00fcce Yaradan\u2019\u0131n yolunda kullanm\u0131yorum ki; gibi sorular son on y\u0131ld\u0131r beynimi kurcal\u0131yordu. Yazmak istiyordum ama bir t\u00fcrl\u00fc yazam\u0131yordum. O\u2019na nas\u0131l hitap edebilirdim ki? \u0130\u00e7im kavruluyordu. \u0130\u00e7imi kavuran bu duyguyu yaz\u0131ya, \u015fiire d\u00f6kmeliydim. Ancak O\u2019na sesleni\u015fim dua niteli\u011finde olabilir diye d\u00fc\u015f\u00fcnd\u00fcm. 2013 y\u0131l\u0131nda ilk \u015fiirimi yazd\u0131m. ESM\u00c2\u00dc\u2019L H\u00dcSN\u00c2\u2019y\u0131 tan\u0131y\u0131nca kendimden \u00f6yle utand\u0131m ki Allah\u2019\u0131n \u00e2lemlere olan sonsuz kudretini akl\u0131m\u0131n ald\u0131\u011f\u0131 kadar idrak ettim. Her bir isimde kullar\u0131na bah\u015fetti\u011fi tecellilerini hissettim. \u015eimdiye kadar neden Allah\u2019\u0131n isimlerini ve manalar\u0131n\u0131 \u00f6\u011frenmedi\u011fime pi\u015fman oldum. Bu kitab\u0131m\u0131 yediden yetmi\u015f yediye herkesin okuyup anlayabilece\u011fi dilde yazmaya \u00e7al\u0131\u015ft\u0131m. ESMA-\u00dcL H\u00dcSNA ile DUALA\u015eAN \u015e\u0130\u0130RLER ad\u0131n\u0131 verdi\u011fim bu kitapta, Allah\u2019\u0131n her bir ismini \u00f6\u011frenmek, o ismi ile dua etmek, Allah\u2019\u0131 isimleriyle O\u2019nu tan\u0131mada bir kula vesile olabilmek beni amac\u0131ma ula\u015ft\u0131rarak mutlu edecektir. Allah\u2019\u0131m bu kitab\u0131 bana yazmay\u0131 nasip etti\u011fi i\u00e7in binlerce kere hamd ve \u015f\u00fck\u00fcrler olsun. Her daim Allah\u2019\u0131 zikredenlerden olman\u0131z dile\u011fi ile\u2026 Allah\u2019a emanet olun\u2026 <\/p>\n","protected":false},"excerpt":{"rendered":"<p>Allah\u2019\u0131n isim ve s\u0131fatlar\u0131n\u0131 t\u00fcm d\u00fcnya dillerini bir araya getirsek yine de tam tarif edemeyiz. O\u2019nun bana bah\u015fetti\u011fi yetene\u011fi neden Y\u00fcce Yaradan\u2019\u0131n yolunda kullanm\u0131yorum ki; gibi<span class=\"excerpt-hellip\"> [\u2026]<\/span><\/p>\n","protected":false},"featured_media":0,"template":"","meta":{"_monsterinsights_skip_tracking":false,"_monsterinsights_sitenote_active":false,"_monsterinsights_sitenote_note":"","_monsterinsights_sitenote_category":0},"product_brand":[],"product_cat":[12291,12509],"product_tag":[],"class_list":{"0":"post-712966","1":"product","2":"type-product","3":"status-publish","5":"product_cat-edebiyat","6":"product_cat-siir","7":"pa_cilt-ciltsiz","8":"pa_tur-kitap","9":"pa_yayinevi-yade-yayinlari","10":"pa_yazar-gulten-erturk","12":"first","13":"instock","14":"sale","15":"shipping-taxable","16":"purchasable","17":"product-type-simple"},"_links":{"self":[{"href":"https:\/\/roveyayinevi.com.tr\/index.php\/wp-json\/wp\/v2\/product\/712966","targetHints":{"allow":["GET"]}}],"collection":[{"href":"https:\/\/roveyayinevi.com.tr\/index.php\/wp-json\/wp\/v2\/product"}],"about":[{"href":"https:\/\/roveyayinevi.com.tr\/index.php\/wp-json\/wp\/v2\/types\/product"}],"wp:attachment":[{"href":"https:\/\/roveyayinevi.com.tr\/index.php\/wp-json\/wp\/v2\/media?parent=712966"}],"wp:term":[{"taxonomy":"product_brand","embeddable":true,"href":"https:\/\/roveyayinevi.com.tr\/index.php\/wp-json\/wp\/v2\/product_brand?post=712966"},{"taxonomy":"product_cat","embeddable":true,"href":"https:\/\/roveyayinevi.com.tr\/index.php\/wp-json\/wp\/v2\/product_cat?post=712966"},{"taxonomy":"product_tag","embeddable":true,"href":"https:\/\/roveyayinevi.com.tr\/index.php\/wp-json\/wp\/v2\/product_tag?post=712966"}],"curies":[{"name":"wp","href":"https:\/\/api.w.org\/{rel}","templated":true}]}}