{"id":712964,"date":"2025-08-27T17:02:13","date_gmt":"2025-08-27T14:02:13","guid":{"rendered":"https:\/\/roveyayinevi.com.tr\/index.php\/urun\/demir-yolu-cocuklari-kisaltilmis-metin\/"},"modified":"2026-04-16T02:21:39","modified_gmt":"2026-04-15T23:21:39","slug":"demir-yolu-cocuklari-kisaltilmis-metin","status":"publish","type":"product","link":"https:\/\/roveyayinevi.com.tr\/index.php\/urun\/demir-yolu-cocuklari-kisaltilmis-metin\/","title":{"rendered":"Demir Yolu \u00c7ocuklar\u0131 (K\u0131salt\u0131lm\u0131\u015f Metin)"},"content":{"rendered":"<p>Londra\u2019n\u0131n zengin bir semtinde oturan Roberta, Peter ve Phyllis \u00e7ok mutlu bir ya\u015fam s\u00fcr\u00fcyorlard\u0131. Ancak ailelerinin ba\u015f\u0131na gelen bir \u015fanss\u0131zl\u0131k sonucu b\u00fcy\u00fck \u015fehirdeki hayatlar\u0131na veda etmek zorunda kald\u0131lar. Babalar\u0131 uzun bir s\u00fcreli\u011fine uzaklara gidince, \u00e7ocuklar anneleriyle birlikte k\u00fc\u00e7\u00fck bir k\u00f6ye ta\u015f\u0131nd\u0131lar. K\u00f6yde ya\u015faman\u0131n baz\u0131 zorluklar\u0131 vard\u0131 ve ba\u015flang\u0131\u00e7ta \u00e7ok \u015fa\u015f\u0131rt\u0131c\u0131 \u015feyler g\u00f6rd\u00fcler. Ancak zamanla yeni dostlar edinince, k\u00f6y hayat\u0131n\u0131n da \u00e7ok e\u011flenceli ve hatta maceral\u0131 olabilece\u011fi ortaya \u00e7\u0131kt\u0131. \ufffcTan\u0131t\u0131m Metni<\/p>\n","protected":false},"excerpt":{"rendered":"<p>Londra\u2019n\u0131n zengin bir semtinde oturan Roberta, Peter ve Phyllis \u00e7ok mutlu bir ya\u015fam s\u00fcr\u00fcyorlard\u0131. Ancak ailelerinin ba\u015f\u0131na gelen bir \u015fanss\u0131zl\u0131k sonucu b\u00fcy\u00fck \u015fehirdeki hayatlar\u0131na veda etmek<span class=\"excerpt-hellip\"> [\u2026]<\/span><\/p>\n","protected":false},"featured_media":0,"template":"","meta":{"_monsterinsights_skip_tracking":false,"_monsterinsights_sitenote_active":false,"_monsterinsights_sitenote_note":"","_monsterinsights_sitenote_category":0},"product_brand":[],"product_cat":[12291,13872],"product_tag":[],"class_list":{"0":"post-712964","1":"product","2":"type-product","3":"status-publish","5":"product_cat-edebiyat","6":"product_cat-klasikler","7":"pa_cilt-ciltsiz","8":"pa_tur-kitap","9":"pa_yayinevi-is-bankasi-kultur-yayinlari","10":"pa_yazar-edith-nesbit","12":"first","13":"instock","14":"sale","15":"shipping-taxable","16":"purchasable","17":"product-type-simple"},"_links":{"self":[{"href":"https:\/\/roveyayinevi.com.tr\/index.php\/wp-json\/wp\/v2\/product\/712964","targetHints":{"allow":["GET"]}}],"collection":[{"href":"https:\/\/roveyayinevi.com.tr\/index.php\/wp-json\/wp\/v2\/product"}],"about":[{"href":"https:\/\/roveyayinevi.com.tr\/index.php\/wp-json\/wp\/v2\/types\/product"}],"wp:attachment":[{"href":"https:\/\/roveyayinevi.com.tr\/index.php\/wp-json\/wp\/v2\/media?parent=712964"}],"wp:term":[{"taxonomy":"product_brand","embeddable":true,"href":"https:\/\/roveyayinevi.com.tr\/index.php\/wp-json\/wp\/v2\/product_brand?post=712964"},{"taxonomy":"product_cat","embeddable":true,"href":"https:\/\/roveyayinevi.com.tr\/index.php\/wp-json\/wp\/v2\/product_cat?post=712964"},{"taxonomy":"product_tag","embeddable":true,"href":"https:\/\/roveyayinevi.com.tr\/index.php\/wp-json\/wp\/v2\/product_tag?post=712964"}],"curies":[{"name":"wp","href":"https:\/\/api.w.org\/{rel}","templated":true}]}}