{"id":712962,"date":"2025-08-27T17:02:11","date_gmt":"2025-08-27T14:02:11","guid":{"rendered":"https:\/\/roveyayinevi.com.tr\/index.php\/urun\/silah-kacakciligi-ve-teror\/"},"modified":"2026-04-16T02:21:39","modified_gmt":"2026-04-15T23:21:39","slug":"silah-kacakciligi-ve-teror","status":"publish","type":"product","link":"https:\/\/roveyayinevi.com.tr\/index.php\/urun\/silah-kacakciligi-ve-teror\/","title":{"rendered":"Silah Ka\u00e7ak\u00e7\u0131l\u0131\u011f\u0131 ve Ter\u00f6r"},"content":{"rendered":"<p>&#8220;Bu kitab\u0131n yaz\u0131lmas\u0131ndaki ama\u00e7, ter\u00f6r\u00fcn silah ka\u00e7ak\u00e7\u0131l\u0131\u011f\u0131yla ilgisini ortaya koymak ve kamuoyunu bu konuda uyarmakt\u0131r. E\u011fer de\u011finilen olaylar, sergilenen belgeler ve \u00f6nerilen \u00e7\u00f6z\u00fcm yollar\u0131, ter\u00f6r\u00fcn bir y\u00f6n\u00fcn\u00fc ayd\u0131nlatmaya ve okurlar\u0131 belli konular \u00fczerinde d\u00fc\u015f\u00fcnmeye y\u00f6neltmi\u015fse amaca ula\u015f\u0131lm\u0131\u015f demektir. Silahlar\u0131n yok oldu\u011fu, d\u00fc\u015f\u00fcncelerin bar\u0131\u015f ortamlar\u0131nda \u00f6zg\u00fcrce tart\u0131\u015f\u0131labilece\u011fi bir T\u00fcrkiye \u00f6zlemi ile kitab\u0131m\u0131 noktal\u0131yorum.&#8221; \ufffcU\u011fur Mumcu<\/p>\n","protected":false},"excerpt":{"rendered":"<p>&#8220;Bu kitab\u0131n yaz\u0131lmas\u0131ndaki ama\u00e7, ter\u00f6r\u00fcn silah ka\u00e7ak\u00e7\u0131l\u0131\u011f\u0131yla ilgisini ortaya koymak ve kamuoyunu bu konuda uyarmakt\u0131r. E\u011fer de\u011finilen olaylar, sergilenen belgeler ve \u00f6nerilen \u00e7\u00f6z\u00fcm yollar\u0131, ter\u00f6r\u00fcn bir<span class=\"excerpt-hellip\"> [\u2026]<\/span><\/p>\n","protected":false},"featured_media":0,"template":"","meta":{"_monsterinsights_skip_tracking":false,"_monsterinsights_sitenote_active":false,"_monsterinsights_sitenote_note":"","_monsterinsights_sitenote_category":0},"product_brand":[],"product_cat":[12337,14543],"product_tag":[],"class_list":{"0":"post-712962","1":"product","2":"type-product","3":"status-publish","5":"product_cat-politika-siyaset","6":"product_cat-turkiye-siyaseti-ve-politikasi","7":"pa_cilt-ciltsiz","8":"pa_tur-kitap","9":"pa_yayinevi-umag-yayinevi","10":"pa_yazar-ugur-mumcu","12":"first","13":"instock","14":"sale","15":"shipping-taxable","16":"purchasable","17":"product-type-simple"},"_links":{"self":[{"href":"https:\/\/roveyayinevi.com.tr\/index.php\/wp-json\/wp\/v2\/product\/712962","targetHints":{"allow":["GET"]}}],"collection":[{"href":"https:\/\/roveyayinevi.com.tr\/index.php\/wp-json\/wp\/v2\/product"}],"about":[{"href":"https:\/\/roveyayinevi.com.tr\/index.php\/wp-json\/wp\/v2\/types\/product"}],"wp:attachment":[{"href":"https:\/\/roveyayinevi.com.tr\/index.php\/wp-json\/wp\/v2\/media?parent=712962"}],"wp:term":[{"taxonomy":"product_brand","embeddable":true,"href":"https:\/\/roveyayinevi.com.tr\/index.php\/wp-json\/wp\/v2\/product_brand?post=712962"},{"taxonomy":"product_cat","embeddable":true,"href":"https:\/\/roveyayinevi.com.tr\/index.php\/wp-json\/wp\/v2\/product_cat?post=712962"},{"taxonomy":"product_tag","embeddable":true,"href":"https:\/\/roveyayinevi.com.tr\/index.php\/wp-json\/wp\/v2\/product_tag?post=712962"}],"curies":[{"name":"wp","href":"https:\/\/api.w.org\/{rel}","templated":true}]}}