{"id":712957,"date":"2025-08-27T17:02:08","date_gmt":"2025-08-27T14:02:08","guid":{"rendered":"https:\/\/roveyayinevi.com.tr\/index.php\/urun\/kalici-zayifla-kilo-vermenin-puf-noktalari\/"},"modified":"2026-04-16T02:21:39","modified_gmt":"2026-04-15T23:21:39","slug":"kalici-zayifla-kilo-vermenin-puf-noktalari","status":"publish","type":"product","link":"https:\/\/roveyayinevi.com.tr\/index.php\/urun\/kalici-zayifla-kilo-vermenin-puf-noktalari\/","title":{"rendered":"Kal\u0131c\u0131 Zay\u0131fla Kilo Vermenin P\u00fcf Noktalar\u0131"},"content":{"rendered":"<p>Sa\u011fl\u0131kl\u0131 kiloya ula\u015fmakve kal\u0131c\u0131 zay\u0131flamak i\u00e7in okuman\u0131z gereken tek kitap \u00c7a\u011f\u0131m\u0131z\u0131n en b\u00fcy\u00fck sa\u011fl\u0131k sorunu obezite! Tan\u0131d\u0131\u011f\u0131m\u0131z iki ki\u015fiden biri kilosundan ho\u015fnut de\u011fil.  Peki, hi\u00e7 d\u00fc\u015f\u00fcnd\u00fcn\u00fcz m\u00fc, mevsimlik modalara d\u00f6n\u00fc\u015fen, \u00fc\u00e7 ayda bir yenisi icat edilen \u201cmucize diyetler\u201d neden i\u015fe yaram\u0131yor? Neden verdi\u011fimiz kilolar\u0131 ayn\u0131 h\u0131zla geri al\u0131yoruz? Acaba sorun t\u00fcketti\u011fimiz g\u0131dalarda m\u0131, yoksa bizi i\u00e7imizde yaratt\u0131\u011f\u0131 bo\u015flukla duygusal yeme krizlerine s\u00fcr\u00fckleyen modern \u00e7a\u011fda m\u0131?    \u201cSayarak Zay\u0131fla\u201d sisteminin yarat\u0131c\u0131s\u0131 Dr. Ay\u00e7a Kaya, kilo vermenin p\u00fcf noktalar\u0131n\u0131 anlatt\u0131\u011f\u0131 kitab\u0131 Kal\u0131c\u0131 Zay\u0131fla ile kilo alma-kilo verme-do\u011fru diyeti arama k\u0131s\u0131rd\u00f6ng\u00fcs\u00fcne noktay\u0131 koyuyor. Sa\u011fl\u0131kl\u0131 kiloya ula\u015fman\u0131n ve ideal kiloyu kal\u0131c\u0131 olarak koruman\u0131n form\u00fcl\u00fcn\u00fc veriyor.  Hem de a\u00e7 kalmadan, sevdi\u011fimiz g\u0131dalar\u0131 t\u00fcketmeye devam ederek\u2026 <\/p>\n","protected":false},"excerpt":{"rendered":"<p>Sa\u011fl\u0131kl\u0131 kiloya ula\u015fmakve kal\u0131c\u0131 zay\u0131flamak i\u00e7in okuman\u0131z gereken tek kitap \u00c7a\u011f\u0131m\u0131z\u0131n en b\u00fcy\u00fck sa\u011fl\u0131k sorunu obezite! Tan\u0131d\u0131\u011f\u0131m\u0131z iki ki\u015fiden biri kilosundan ho\u015fnut de\u011fil. Peki, hi\u00e7 d\u00fc\u015f\u00fcnd\u00fcn\u00fcz<span class=\"excerpt-hellip\"> [\u2026]<\/span><\/p>\n","protected":false},"featured_media":0,"template":"","meta":{"_monsterinsights_skip_tracking":false,"_monsterinsights_sitenote_active":false,"_monsterinsights_sitenote_note":"","_monsterinsights_sitenote_category":0},"product_brand":[],"product_cat":[13402,13365],"product_tag":[],"class_list":{"0":"post-712957","1":"product","2":"type-product","3":"status-publish","5":"product_cat-beslenme-ve-diyet","6":"product_cat-saglik","7":"pa_cilt-ciltsiz","8":"pa_tur-kitap","9":"pa_yayinevi-dogan-kitap","10":"pa_yazar-ayca-kaya","12":"first","13":"instock","14":"sale","15":"shipping-taxable","16":"purchasable","17":"product-type-simple"},"_links":{"self":[{"href":"https:\/\/roveyayinevi.com.tr\/index.php\/wp-json\/wp\/v2\/product\/712957","targetHints":{"allow":["GET"]}}],"collection":[{"href":"https:\/\/roveyayinevi.com.tr\/index.php\/wp-json\/wp\/v2\/product"}],"about":[{"href":"https:\/\/roveyayinevi.com.tr\/index.php\/wp-json\/wp\/v2\/types\/product"}],"wp:attachment":[{"href":"https:\/\/roveyayinevi.com.tr\/index.php\/wp-json\/wp\/v2\/media?parent=712957"}],"wp:term":[{"taxonomy":"product_brand","embeddable":true,"href":"https:\/\/roveyayinevi.com.tr\/index.php\/wp-json\/wp\/v2\/product_brand?post=712957"},{"taxonomy":"product_cat","embeddable":true,"href":"https:\/\/roveyayinevi.com.tr\/index.php\/wp-json\/wp\/v2\/product_cat?post=712957"},{"taxonomy":"product_tag","embeddable":true,"href":"https:\/\/roveyayinevi.com.tr\/index.php\/wp-json\/wp\/v2\/product_tag?post=712957"}],"curies":[{"name":"wp","href":"https:\/\/api.w.org\/{rel}","templated":true}]}}