{"id":712955,"date":"2025-08-27T17:02:07","date_gmt":"2025-08-27T14:02:07","guid":{"rendered":"https:\/\/roveyayinevi.com.tr\/index.php\/urun\/japon-mitolojisi\/"},"modified":"2026-04-16T02:21:38","modified_gmt":"2026-04-15T23:21:38","slug":"japon-mitolojisi","status":"publish","type":"product","link":"https:\/\/roveyayinevi.com.tr\/index.php\/urun\/japon-mitolojisi\/","title":{"rendered":"Japon Mitolojisi"},"content":{"rendered":"<p>Japonlar\u0131n, ba\u011f\u0131rsaklar\u0131n\u0131n di\u011fer insanlar\u0131nkine oranla daha uzun oldu\u011funa ve bu sebeple di\u011fer \u0131rklardan farkl\u0131 olduklar\u0131na inand\u0131klar\u0131n\u0131 biliyor muydunuz? Veya insanlar\u0131n g\u00f6bek deliklerini yiyen bir kami\u2019den h\u00e2l\u00e2 korktuklar\u0131n\u0131? Peki ya, bir\u00e7o\u011fu neden h\u00e2l\u00e2 nar yemeyi reddediyor olabilir? Yabanc\u0131lar\u0131n Japonya\u2019ya temelli yerle\u015fme fikrinden korkmalar\u0131n\u0131n alt\u0131nda nas\u0131l bir sebep yatmaktad\u0131r? Japon adalar\u0131 nas\u0131l yarat\u0131lm\u0131\u015f olabilir? \u00c7i\u00e7ek hastal\u0131\u011f\u0131n\u0131 yaymaktan sorumlu kami\u2019den burs kami\u2019sine, pirin\u00e7 ilah\u0131ndan psikolojik bozukluklardan sorumlu k\u00f6t\u00fc ruhlara kadar sekiz milyon tanr\u0131sal varl\u0131\u011f\u0131yla ve Budist etkilerle harmanlanm\u0131\u015f hik\u00e2yeleriyle Japon mitolojik evreni bamba\u015fka bir d\u00fcnyan\u0131n kap\u0131lar\u0131n\u0131 a\u00e7\u0131yor. Uzakdo\u011fu\u2019nun b\u00fcy\u00fcleyici atmosferi ile ilgin\u00e7 inan\u0131\u015flar\u0131 bu kitapta bir araya geliyor. <\/p>\n","protected":false},"excerpt":{"rendered":"<p>Japonlar\u0131n, ba\u011f\u0131rsaklar\u0131n\u0131n di\u011fer insanlar\u0131nkine oranla daha uzun oldu\u011funa ve bu sebeple di\u011fer \u0131rklardan farkl\u0131 olduklar\u0131na inand\u0131klar\u0131n\u0131 biliyor muydunuz? Veya insanlar\u0131n g\u00f6bek deliklerini yiyen bir kami\u2019den h\u00e2l\u00e2<span class=\"excerpt-hellip\"> [\u2026]<\/span><\/p>\n","protected":false},"featured_media":0,"template":"","meta":{"_monsterinsights_skip_tracking":false,"_monsterinsights_sitenote_active":false,"_monsterinsights_sitenote_note":"","_monsterinsights_sitenote_category":0},"product_brand":[],"product_cat":[12718,12858],"product_tag":[],"class_list":{"0":"post-712955","1":"product","2":"type-product","3":"status-publish","5":"product_cat-din","6":"product_cat-mitolojiler","7":"pa_cilt-ciltsiz","8":"pa_tur-kitap","9":"pa_yayinevi-say-yayinlari","10":"pa_yazar-michael-ashkenazi","12":"first","13":"instock","14":"sale","15":"shipping-taxable","16":"purchasable","17":"product-type-simple"},"_links":{"self":[{"href":"https:\/\/roveyayinevi.com.tr\/index.php\/wp-json\/wp\/v2\/product\/712955","targetHints":{"allow":["GET"]}}],"collection":[{"href":"https:\/\/roveyayinevi.com.tr\/index.php\/wp-json\/wp\/v2\/product"}],"about":[{"href":"https:\/\/roveyayinevi.com.tr\/index.php\/wp-json\/wp\/v2\/types\/product"}],"wp:attachment":[{"href":"https:\/\/roveyayinevi.com.tr\/index.php\/wp-json\/wp\/v2\/media?parent=712955"}],"wp:term":[{"taxonomy":"product_brand","embeddable":true,"href":"https:\/\/roveyayinevi.com.tr\/index.php\/wp-json\/wp\/v2\/product_brand?post=712955"},{"taxonomy":"product_cat","embeddable":true,"href":"https:\/\/roveyayinevi.com.tr\/index.php\/wp-json\/wp\/v2\/product_cat?post=712955"},{"taxonomy":"product_tag","embeddable":true,"href":"https:\/\/roveyayinevi.com.tr\/index.php\/wp-json\/wp\/v2\/product_tag?post=712955"}],"curies":[{"name":"wp","href":"https:\/\/api.w.org\/{rel}","templated":true}]}}