{"id":712954,"date":"2025-08-27T17:02:07","date_gmt":"2025-08-27T14:02:07","guid":{"rendered":"https:\/\/roveyayinevi.com.tr\/index.php\/urun\/bizansin-gizli-tarihi-2\/"},"modified":"2026-04-16T02:21:38","modified_gmt":"2026-04-15T23:21:38","slug":"bizansin-gizli-tarihi-2","status":"publish","type":"product","link":"https:\/\/roveyayinevi.com.tr\/index.php\/urun\/bizansin-gizli-tarihi-2\/","title":{"rendered":"Bizans\u2019\u0131n Gizli Tarihi"},"content":{"rendered":"<p>Procopius, Sava\u015flar \u00dczerine adl\u0131 eseri Do\u011fu Roma \u0130mparatoru I. Justinianus d\u00f6nemine ili\u015fkin ba\u015fl\u0131ca kaynak olarak kabul edilen \u00f6nemli bir tarih\u00e7idir. General Belisarius ile birlikte Do\u011fu Roma ordusunun seferlerine kat\u0131lm\u0131\u015f, g\u00f6zlemlerini kaydedip sekiz ciltlik bir kitap haline getirerek \u0130mparatora sunmu\u015ftur. Bizans\u2019\u0131n Gizli Tarihi ise Procopius\u2019un bu eserinde yer vermeye cesaret edemedi\u011fi \u0130mparator Justinianus, \u0130mparatori\u00e7e Theodora ve Belisarius ile kar\u0131s\u0131 Antonina hakk\u0131ndaki ger\u00e7ek duygu ve d\u00fc\u015f\u00fcncelerini, skandal niteli\u011findeki olaylar\u0131n anlat\u0131m\u0131n\u0131 i\u00e7erir. Tarih\u00e7inin, bu eseri \u00f6l\u00fcm\u00fcnden sonra yay\u0131mlanmak \u00fczere kaleme ald\u0131\u011f\u0131 anla\u015f\u0131lmaktad\u0131r. <\/p>\n","protected":false},"excerpt":{"rendered":"<p>Procopius, Sava\u015flar \u00dczerine adl\u0131 eseri Do\u011fu Roma \u0130mparatoru I. Justinianus d\u00f6nemine ili\u015fkin ba\u015fl\u0131ca kaynak olarak kabul edilen \u00f6nemli bir tarih\u00e7idir. General Belisarius ile birlikte Do\u011fu Roma<span class=\"excerpt-hellip\"> [\u2026]<\/span><\/p>\n","protected":false},"featured_media":0,"template":"","meta":{"_monsterinsights_skip_tracking":false,"_monsterinsights_sitenote_active":false,"_monsterinsights_sitenote_note":"","_monsterinsights_sitenote_category":0},"product_brand":[],"product_cat":[12305,12304],"product_tag":[],"class_list":{"0":"post-712954","1":"product","2":"type-product","3":"status-publish","5":"product_cat-dunya-tarihi","6":"product_cat-tarih","7":"pa_cilt-ciltsiz","8":"pa_tur-kitap","9":"pa_yayinevi-say-yayinlari","10":"pa_yazar-procopius","12":"first","13":"instock","14":"sale","15":"shipping-taxable","16":"purchasable","17":"product-type-simple"},"_links":{"self":[{"href":"https:\/\/roveyayinevi.com.tr\/index.php\/wp-json\/wp\/v2\/product\/712954","targetHints":{"allow":["GET"]}}],"collection":[{"href":"https:\/\/roveyayinevi.com.tr\/index.php\/wp-json\/wp\/v2\/product"}],"about":[{"href":"https:\/\/roveyayinevi.com.tr\/index.php\/wp-json\/wp\/v2\/types\/product"}],"wp:attachment":[{"href":"https:\/\/roveyayinevi.com.tr\/index.php\/wp-json\/wp\/v2\/media?parent=712954"}],"wp:term":[{"taxonomy":"product_brand","embeddable":true,"href":"https:\/\/roveyayinevi.com.tr\/index.php\/wp-json\/wp\/v2\/product_brand?post=712954"},{"taxonomy":"product_cat","embeddable":true,"href":"https:\/\/roveyayinevi.com.tr\/index.php\/wp-json\/wp\/v2\/product_cat?post=712954"},{"taxonomy":"product_tag","embeddable":true,"href":"https:\/\/roveyayinevi.com.tr\/index.php\/wp-json\/wp\/v2\/product_tag?post=712954"}],"curies":[{"name":"wp","href":"https:\/\/api.w.org\/{rel}","templated":true}]}}