{"id":712951,"date":"2025-08-27T17:02:05","date_gmt":"2025-08-27T14:02:05","guid":{"rendered":"https:\/\/roveyayinevi.com.tr\/index.php\/urun\/caylak-ninjanin-gunlugu-2-korsan-istilasi\/"},"modified":"2026-04-15T02:28:27","modified_gmt":"2026-04-14T23:28:27","slug":"caylak-ninjanin-gunlugu-2-korsan-istilasi","status":"publish","type":"product","link":"https:\/\/roveyayinevi.com.tr\/index.php\/urun\/caylak-ninjanin-gunlugu-2-korsan-istilasi\/","title":{"rendered":"\u00c7aylak Ninjan\u0131n G\u00fcnl\u00fc\u011f\u00fc 2 &#8211; Korsan \u0130stilas\u0131"},"content":{"rendered":"<p>\u201cDerin bir nefes ald\u0131m ve duvarla k\u00f6pr\u00fc aras\u0131ndaki mesafeyi hesaplamaya \u00e7al\u0131\u015ft\u0131m. G\u00f6zlerimi kapayarak ba\u015f\u0131m\u0131 sallad\u0131m ve bilinmeyene atlad\u0131m.\u201d ADIM CHASE COOPER VE BEN B\u0130R N\u0130NJAYIM. G\u00dcNL\u00dc\u011e\u00dcME EN SON YAZMAMIN \u00dcZER\u0130NDEN EPEY ZAMAN GE\u00c7T\u0130 AMA E\u011eER BEN\u0130MK\u0130 G\u0130B\u0130 \u00c7ILGIN B\u0130R OKULDA OKUYORSANIZ BU \u00c7OK NORMAL. GE\u00c7ENLERDE B\u0130R G\u00dcN OKULDA HERKES KORSAN G\u0130B\u0130 KONU\u015eTU. ANCAK BUNUNLA DA KALMADI! ERTES\u0130 HAFTA B\u0130R KORSAN \u0130ST\u0130LASININ OLACA\u011eINA DA\u0130R S\u00d6YLENT\u0130LER DOLA\u015eMAYA BA\u015eLADI. UYARILARI DUYMAZDAN GELD\u0130M \u00c7\u00dcNK\u00dc \u015eAKA OLDU\u011eUNU SANDIM. YANILMI\u015eIM. \u015e\u0130MD\u0130 B\u00dcT\u00dcN OKUL TEHL\u0130KEDE VE G\u00d6R\u00dcN\u00dc\u015eE G\u00d6RE TEK KURTARICI BEN\u0130M. <\/p>\n","protected":false},"excerpt":{"rendered":"<p>\u201cDerin bir nefes ald\u0131m ve duvarla k\u00f6pr\u00fc aras\u0131ndaki mesafeyi hesaplamaya \u00e7al\u0131\u015ft\u0131m. G\u00f6zlerimi kapayarak ba\u015f\u0131m\u0131 sallad\u0131m ve bilinmeyene atlad\u0131m.\u201d ADIM CHASE COOPER VE BEN B\u0130R N\u0130NJAYIM. G\u00dcNL\u00dc\u011e\u00dcME<span class=\"excerpt-hellip\"> [\u2026]<\/span><\/p>\n","protected":false},"featured_media":0,"template":"","meta":{"_monsterinsights_skip_tracking":false,"_monsterinsights_sitenote_active":false,"_monsterinsights_sitenote_note":"","_monsterinsights_sitenote_category":0},"product_brand":[],"product_cat":[12274,12284],"product_tag":[],"class_list":{"0":"post-712951","1":"product","2":"type-product","3":"status-publish","5":"product_cat-cocuk-ve-genclik-kitaplari","6":"product_cat-hikayeler","7":"pa_cilt-ciltli","8":"pa_tur-kitap","9":"pa_yayinevi-epsilon-yayinlari","10":"pa_yazar-marcus-emerson","12":"first","13":"instock","14":"sale","15":"shipping-taxable","16":"purchasable","17":"product-type-simple"},"_links":{"self":[{"href":"https:\/\/roveyayinevi.com.tr\/index.php\/wp-json\/wp\/v2\/product\/712951","targetHints":{"allow":["GET"]}}],"collection":[{"href":"https:\/\/roveyayinevi.com.tr\/index.php\/wp-json\/wp\/v2\/product"}],"about":[{"href":"https:\/\/roveyayinevi.com.tr\/index.php\/wp-json\/wp\/v2\/types\/product"}],"wp:attachment":[{"href":"https:\/\/roveyayinevi.com.tr\/index.php\/wp-json\/wp\/v2\/media?parent=712951"}],"wp:term":[{"taxonomy":"product_brand","embeddable":true,"href":"https:\/\/roveyayinevi.com.tr\/index.php\/wp-json\/wp\/v2\/product_brand?post=712951"},{"taxonomy":"product_cat","embeddable":true,"href":"https:\/\/roveyayinevi.com.tr\/index.php\/wp-json\/wp\/v2\/product_cat?post=712951"},{"taxonomy":"product_tag","embeddable":true,"href":"https:\/\/roveyayinevi.com.tr\/index.php\/wp-json\/wp\/v2\/product_tag?post=712951"}],"curies":[{"name":"wp","href":"https:\/\/api.w.org\/{rel}","templated":true}]}}