{"id":712950,"date":"2025-08-27T17:02:04","date_gmt":"2025-08-27T14:02:04","guid":{"rendered":"https:\/\/roveyayinevi.com.tr\/index.php\/urun\/muallim-naci-osmanli-sairleri\/"},"modified":"2026-04-16T02:21:38","modified_gmt":"2026-04-15T23:21:38","slug":"muallim-naci-osmanli-sairleri","status":"publish","type":"product","link":"https:\/\/roveyayinevi.com.tr\/index.php\/urun\/muallim-naci-osmanli-sairleri\/","title":{"rendered":"Muallim Naci Osmanli \u015eairleri"},"content":{"rendered":"<p>Muallim N\u00e2ci \u015fiirleri, nesirleri, s\u00f6zl\u00fck \u00e7al\u0131\u015fmalar\u0131 ve edeb\u00ee m\u00fcnaka\u015falar\u0131 ile devrinde dikkatleri \u00fcst\u00fcnde toplam\u0131\u015f bir \u015fahsiyettir. Elinizdeki eser, Muallim N\u00e2ci&#8217;nin baz\u0131 divan \u015fairlerinin biyografileri ile \u015fiirlerinden \u00f6rneklerin yer ald\u0131\u011f\u0131 yaz\u0131lar\u0131ndan meydana geliyor. Yazar, Mecmua-i Muallim&#8217;de yay\u0131nlad\u0131\u011f\u0131 bu yaz\u0131lar\u0131n bir k\u0131sm\u0131n\u0131 kitap h\u00e2linde yay\u0131nlam\u0131\u015fsa da, tamam\u0131n\u0131 bir araya getiremeden vefat etmi\u015ftir. Yeni harflerle ilk kez yay\u0131nlanan eserde s\u00f6z konusu yaz\u0131lar\u0131n tamam\u0131 topland\u0131\u011f\u0131 gibi, yazar\u0131n Es\u00e2m\u00ee adl\u0131 biyografik eserinde bulunan T\u00fcrk \u015fairlerine ait bilgilere de yer verilmi\u015ftir. Osmanl\u0131 \u015eairleri, edebiyat tarihi ve antoloji karakteri a\u011f\u0131r basan bir eserdir. Burada N\u00e2ci&#8217;nin eski tezkirecilik gelene\u011finden farkl\u0131 olarak, her bilgiyi g\u00fcvenilir kaynaklara ve belgelere dayand\u0131rma \u00e7abas\u0131 i\u00e7inde oldu\u011fu dikkati \u00e7eker. Devrine yak\u0131n \u015fairler hakk\u0131nda belge niteli\u011finde bilgiler vermesi eserin de\u011ferini bir kat daha art\u0131r\u0131r. N\u00e2ci, \u015fiirleri se\u00e7erken s\u00f6z ve anlam bak\u0131m\u0131ndan kusursuz ve kendi devrinde s\u00f6ylenilmi\u015f gibi olanlar\u0131 tercih etmi\u015f, bundaki amac\u0131n\u0131 \u015f\u00f6yle belirtir: &#8220;As\u0131l maksat, \u015fimdiki edebiyat tarz\u0131n\u0131 desteklemektir.&#8221; Eser bu bak\u0131mdan herkesin zevkle okuyabilece\u011fi zengin bir antoloji \u00f6zelli\u011fi de ta\u015f\u0131r. Osmanl\u0131 \u015eairleri adl\u0131 bu eser, edebiyat tarihi, biyografi ve antoloji \u00f6zellikleri yan\u0131nda N\u00e2ci&#8217;nin dil, edebiyat, tenkit, e\u011fitim gibi de\u011fi\u015fik meselelere bak\u0131\u015f a\u00e7\u0131s\u0131n\u0131 g\u00f6stermesi bak\u0131m\u0131ndan da \u00f6nemlidir. <\/p>\n","protected":false},"excerpt":{"rendered":"<p>Muallim N\u00e2ci \u015fiirleri, nesirleri, s\u00f6zl\u00fck \u00e7al\u0131\u015fmalar\u0131 ve edeb\u00ee m\u00fcnaka\u015falar\u0131 ile devrinde dikkatleri \u00fcst\u00fcnde toplam\u0131\u015f bir \u015fahsiyettir. Elinizdeki eser, Muallim N\u00e2ci&#8217;nin baz\u0131 divan \u015fairlerinin biyografileri ile \u015fiirlerinden<span class=\"excerpt-hellip\"> [\u2026]<\/span><\/p>\n","protected":false},"featured_media":0,"template":"","meta":{"_monsterinsights_skip_tracking":false,"_monsterinsights_sitenote_active":false,"_monsterinsights_sitenote_note":"","_monsterinsights_sitenote_category":0},"product_brand":[],"product_cat":[14009,12291],"product_tag":[],"class_list":{"0":"post-712950","1":"product","2":"type-product","3":"status-publish","5":"product_cat-biyografi-otobiyografi-edebiyat","6":"product_cat-edebiyat","7":"pa_cilt-ciltsiz","8":"pa_tur-kitap","9":"pa_yayinevi-kurgan-edebiyat","10":"pa_yazar-cemal-kurnaz","12":"first","13":"instock","14":"sale","15":"shipping-taxable","16":"purchasable","17":"product-type-simple"},"_links":{"self":[{"href":"https:\/\/roveyayinevi.com.tr\/index.php\/wp-json\/wp\/v2\/product\/712950","targetHints":{"allow":["GET"]}}],"collection":[{"href":"https:\/\/roveyayinevi.com.tr\/index.php\/wp-json\/wp\/v2\/product"}],"about":[{"href":"https:\/\/roveyayinevi.com.tr\/index.php\/wp-json\/wp\/v2\/types\/product"}],"wp:attachment":[{"href":"https:\/\/roveyayinevi.com.tr\/index.php\/wp-json\/wp\/v2\/media?parent=712950"}],"wp:term":[{"taxonomy":"product_brand","embeddable":true,"href":"https:\/\/roveyayinevi.com.tr\/index.php\/wp-json\/wp\/v2\/product_brand?post=712950"},{"taxonomy":"product_cat","embeddable":true,"href":"https:\/\/roveyayinevi.com.tr\/index.php\/wp-json\/wp\/v2\/product_cat?post=712950"},{"taxonomy":"product_tag","embeddable":true,"href":"https:\/\/roveyayinevi.com.tr\/index.php\/wp-json\/wp\/v2\/product_tag?post=712950"}],"curies":[{"name":"wp","href":"https:\/\/api.w.org\/{rel}","templated":true}]}}