{"id":712949,"date":"2025-08-27T17:02:03","date_gmt":"2025-08-27T14:02:03","guid":{"rendered":"https:\/\/roveyayinevi.com.tr\/index.php\/urun\/kutsal\/"},"modified":"2026-04-16T02:21:38","modified_gmt":"2026-04-15T23:21:38","slug":"kutsal","status":"publish","type":"product","link":"https:\/\/roveyayinevi.com.tr\/index.php\/urun\/kutsal\/","title":{"rendered":"Kutsal"},"content":{"rendered":"<p>Bir kad\u0131n\u0131n menevi\u015f g\u00f6zlerine d\u00fc\u015fen a\u015fkla s\u0131nanacak asi y\u00fcre\u011fi&#8230; A\u015fk\u0131n\u0131n milad\u0131n\u0131 ise belirleyecek en &#8220;Kutsal&#8217;\u0131&#8221;&#8230; Bir adam\u0131n gece karas\u0131 g\u00f6zlerine d\u00fc\u015fen a\u015fkla s\u0131nanacak cesur y\u00fcre\u011fi&#8230; A\u015fk\u0131n\u0131n milad\u0131n\u0131 ise belirleyecek onun en &#8220;Kutsal&#8217;\u0131&#8221;&#8230; -HAK\u0130M- Yedi d\u00fcvele s\u00fcrd\u00fcm nam\u0131m\u0131. Eyvallah etmedim, ba\u015f e\u011fmedim. Bir deli yang\u0131na tutuldum da a\u015fka selam durdum. Ellerindeki ate\u015fte kavurdum umudumu, tenindeki alevde doyurdum ruhumu. G\u00f6zlerindeki ay \u0131\u015f\u0131\u011f\u0131 ile \u00e7izdim yolumu. -MEHVE\u015e- Dimdik ayakta durdum yedi d\u00fcvele kar\u015f\u0131. Eyvallah ettiler, ba\u015f e\u011fdiler. Bir deli yang\u0131n durdu kar\u015f\u0131mda da almad\u0131m selam\u0131n\u0131, Elimdeki ate\u015flerle yakt\u0131m t\u00fcm umutlar\u0131. Tenimdeki alev ile a\u00e7 kald\u0131m ama direnemedim daha fazla G\u00f6zlerimdeki ay \u0131\u015f\u0131\u011f\u0131 ile ak\u0131tt\u0131m ruhumu, Bir avu\u00e7 kora efsane yazd\u0131m. <\/p>\n","protected":false},"excerpt":{"rendered":"<p>Bir kad\u0131n\u0131n menevi\u015f g\u00f6zlerine d\u00fc\u015fen a\u015fkla s\u0131nanacak asi y\u00fcre\u011fi&#8230; A\u015fk\u0131n\u0131n milad\u0131n\u0131 ise belirleyecek en &#8220;Kutsal&#8217;\u0131&#8221;&#8230; Bir adam\u0131n gece karas\u0131 g\u00f6zlerine d\u00fc\u015fen a\u015fkla s\u0131nanacak cesur y\u00fcre\u011fi&#8230; A\u015fk\u0131n\u0131n<span class=\"excerpt-hellip\"> [\u2026]<\/span><\/p>\n","protected":false},"featured_media":0,"template":"","meta":{"_monsterinsights_skip_tracking":false,"_monsterinsights_sitenote_active":false,"_monsterinsights_sitenote_note":"","_monsterinsights_sitenote_category":0},"product_brand":[],"product_cat":[12291,12711],"product_tag":[],"class_list":{"0":"post-712949","1":"product","2":"type-product","3":"status-publish","5":"product_cat-edebiyat","6":"product_cat-roman-oyku","7":"pa_cilt-ciltsiz","8":"pa_tur-kitap","9":"pa_yayinevi-muptela-yayinevi","10":"pa_yazar-ozge-erkin","12":"first","13":"instock","14":"sale","15":"shipping-taxable","16":"purchasable","17":"product-type-simple"},"_links":{"self":[{"href":"https:\/\/roveyayinevi.com.tr\/index.php\/wp-json\/wp\/v2\/product\/712949","targetHints":{"allow":["GET"]}}],"collection":[{"href":"https:\/\/roveyayinevi.com.tr\/index.php\/wp-json\/wp\/v2\/product"}],"about":[{"href":"https:\/\/roveyayinevi.com.tr\/index.php\/wp-json\/wp\/v2\/types\/product"}],"wp:attachment":[{"href":"https:\/\/roveyayinevi.com.tr\/index.php\/wp-json\/wp\/v2\/media?parent=712949"}],"wp:term":[{"taxonomy":"product_brand","embeddable":true,"href":"https:\/\/roveyayinevi.com.tr\/index.php\/wp-json\/wp\/v2\/product_brand?post=712949"},{"taxonomy":"product_cat","embeddable":true,"href":"https:\/\/roveyayinevi.com.tr\/index.php\/wp-json\/wp\/v2\/product_cat?post=712949"},{"taxonomy":"product_tag","embeddable":true,"href":"https:\/\/roveyayinevi.com.tr\/index.php\/wp-json\/wp\/v2\/product_tag?post=712949"}],"curies":[{"name":"wp","href":"https:\/\/api.w.org\/{rel}","templated":true}]}}