{"id":712947,"date":"2025-08-27T17:02:02","date_gmt":"2025-08-27T14:02:02","guid":{"rendered":"https:\/\/roveyayinevi.com.tr\/index.php\/urun\/lao-tzu-tao-te-ching-yola-ve-yolun-gucune-dair\/"},"modified":"2026-04-16T02:21:38","modified_gmt":"2026-04-15T23:21:38","slug":"lao-tzu-tao-te-ching-yola-ve-yolun-gucune-dair","status":"publish","type":"product","link":"https:\/\/roveyayinevi.com.tr\/index.php\/urun\/lao-tzu-tao-te-ching-yola-ve-yolun-gucune-dair\/","title":{"rendered":"Lao Tzu: Tao Te Ching &#8211; Yol&#8217;a ve Yol&#8217;un G\u00fcc\u00fcne Dair"},"content":{"rendered":"<p>\u201cTao Te Ching\u2019i y\u00f6neticiler i\u00e7in el kitab\u0131 olarak g\u00f6ren akademik \u00e7eviriler, Taocu \u201cbilge\u201dnin biricikli\u011fini, erkekli\u011fini, otoritesini vurgulayan terimler kullan\u0131r. Bense, g\u00fcn\u00fcm\u00fcz\u00fcn bilge olmayan, g\u00fc\u00e7 sahibi olmayan, muhtemelen erkek de olmayan ve kapal\u0131 bir \u00e7evrenin anlayabilece\u011fi s\u0131rlar pe\u015finde ko\u015fmak yerine do\u011fruca ruha hitap eden sese kulak kabartacak okuruna, ula\u015fabilece\u011fi bir Yol Kitab\u0131 sunmak istedim. Bu kitab\u0131n neden iki bin be\u015f y\u00fcz y\u0131ld\u0131r sevildi\u011fini g\u00f6rmesini istedim bu okurun. \u201cTao Te Ching b\u00fcy\u00fck dini metinler aras\u0131nda en sevilesi olan\u0131d\u0131r; e\u011flencelidir, keskindir, iyicildir, m\u00fctevaz\u0131d\u0131r, durdurulamaz bir ta\u015fk\u0131nl\u0131\u011f\u0131, t\u00fckenmez bir yenileyicili\u011fi vard\u0131r. T\u00fcm derin kaynaklar aras\u0131nda suyu en berrak olan\u0131d\u0131r.\u201d \u2013 Ursula K. Le Guin <\/p>\n","protected":false},"excerpt":{"rendered":"<p>\u201cTao Te Ching\u2019i y\u00f6neticiler i\u00e7in el kitab\u0131 olarak g\u00f6ren akademik \u00e7eviriler, Taocu \u201cbilge\u201dnin biricikli\u011fini, erkekli\u011fini, otoritesini vurgulayan terimler kullan\u0131r. Bense, g\u00fcn\u00fcm\u00fcz\u00fcn bilge olmayan, g\u00fc\u00e7 sahibi olmayan,<span class=\"excerpt-hellip\"> [\u2026]<\/span><\/p>\n","protected":false},"featured_media":0,"template":"","meta":{"_monsterinsights_skip_tracking":false,"_monsterinsights_sitenote_active":false,"_monsterinsights_sitenote_note":"","_monsterinsights_sitenote_category":0},"product_brand":[],"product_cat":[12291,12509],"product_tag":[],"class_list":{"0":"post-712947","1":"product","2":"type-product","3":"status-publish","5":"product_cat-edebiyat","6":"product_cat-siir","7":"pa_cilt-ciltsiz","8":"pa_tur-kitap","9":"pa_yayinevi-metis-yayinlari","10":"pa_yazar-ursula-k-le-guin","12":"first","13":"instock","14":"sale","15":"shipping-taxable","16":"purchasable","17":"product-type-simple"},"_links":{"self":[{"href":"https:\/\/roveyayinevi.com.tr\/index.php\/wp-json\/wp\/v2\/product\/712947","targetHints":{"allow":["GET"]}}],"collection":[{"href":"https:\/\/roveyayinevi.com.tr\/index.php\/wp-json\/wp\/v2\/product"}],"about":[{"href":"https:\/\/roveyayinevi.com.tr\/index.php\/wp-json\/wp\/v2\/types\/product"}],"wp:attachment":[{"href":"https:\/\/roveyayinevi.com.tr\/index.php\/wp-json\/wp\/v2\/media?parent=712947"}],"wp:term":[{"taxonomy":"product_brand","embeddable":true,"href":"https:\/\/roveyayinevi.com.tr\/index.php\/wp-json\/wp\/v2\/product_brand?post=712947"},{"taxonomy":"product_cat","embeddable":true,"href":"https:\/\/roveyayinevi.com.tr\/index.php\/wp-json\/wp\/v2\/product_cat?post=712947"},{"taxonomy":"product_tag","embeddable":true,"href":"https:\/\/roveyayinevi.com.tr\/index.php\/wp-json\/wp\/v2\/product_tag?post=712947"}],"curies":[{"name":"wp","href":"https:\/\/api.w.org\/{rel}","templated":true}]}}