{"id":712946,"date":"2025-08-27T17:02:02","date_gmt":"2025-08-27T14:02:02","guid":{"rendered":"https:\/\/roveyayinevi.com.tr\/index.php\/urun\/yesil-sosyal-hizmet-cevre-krizlerinden-cevresel-adalete\/"},"modified":"2026-04-16T02:21:38","modified_gmt":"2026-04-15T23:21:38","slug":"yesil-sosyal-hizmet-cevre-krizlerinden-cevresel-adalete","status":"publish","type":"product","link":"https:\/\/roveyayinevi.com.tr\/index.php\/urun\/yesil-sosyal-hizmet-cevre-krizlerinden-cevresel-adalete\/","title":{"rendered":"Ye\u015fil Sosyal Hizmet: \u00c7evre Krizlerinden \u00c7evresel Adalete"},"content":{"rendered":"<p>Sosyal hizmet, insanlar\u0131n iyilik halini art\u0131rma iddias\u0131nda olan bir meslektir. Bu kitab\u0131n da konusu olan \u00e7evreye dair sorunlarda sosyal hizmet uzmanlar\u0131 k\u0131s\u0131tl\u0131 rollere sahip olsalar da, bu sorunlar insanlar\u0131n iyilik hallerini yerel ve evrensel d\u00fczeyde giderek daha fazla etkilemektedir. Bu zorlu \u00e7al\u0131\u015fma, \u00e7evre sorunlar\u0131na sosyal hizmet perspektifinden bakarak do\u011frudan bir y\u00fczle\u015fme ger\u00e7ekle\u015ftirmeye \u00e7al\u0131\u015f\u0131yor. Lena Dominelli, iklim de\u011fi\u015fikli\u011fi, end\u00fcstriyel kazalar ya da insani silahl\u0131 \u00e7at\u0131\u015fmalar gibi nedenlerle ortaya \u00e7\u0131kan \u00e7evresel felaketlerin ard\u0131ndan alanda \u00e7al\u0131\u015fan uygulamac\u0131lar\u0131n b\u00fcy\u00fck \u00f6nem ta\u015f\u0131yan seslerine kulak veriyor. Dominelli, &#8220;ye\u015fil sosyal hizmet&#8221; kavram\u0131n\u0131 ke\u015ffe \u00e7\u0131karken, bu kavram\u0131n, \u00e7evresel krizlerde yoksulluk ve yap\u0131sal e\u015fitsizliklerin di\u011fer bi\u00e7imlerine dikkat \u00e7ekmek, s\u0131n\u0131rl\u0131 do\u011fal kaynaklar\u0131n daha e\u015fit payla\u015f\u0131m\u0131n\u0131 sa\u011flamak ve yerel d\u00fczeylerdeki yoksul ve marjinalize edilmi\u015f kesimlerin ya\u015fam kalitesi bak\u0131m\u0131ndan olumsuz etkileri bulunan k\u00fcresel sosyo-politik g\u00fc\u00e7lerle m\u00fccadele etmek i\u00e7in oynad\u0131\u011f\u0131 rol\u00fc anlamaya \u00e7al\u0131\u015f\u0131yor. Bu sorunlar\u0131 \u00e7\u00f6zme konusundaki kararl\u0131l\u0131k, sosyal hizmet uzmanlar\u0131n\u0131n yoksul insanlar\u0131n ya\u015fam kalitelerini geli\u015ftirmek i\u00e7in olu\u015fturduklar\u0131 ve d\u00fcnyam\u0131z a\u00e7\u0131s\u0131ndan olumsuz bir bedel olu\u015fturmayan topluluk inisiyatifleriyle yak\u0131ndan ba\u011flant\u0131l\u0131d\u0131r. Bu \u00f6nemli kitap, \u00e7evre sorunlar\u0131na dair bir anlay\u0131\u015f geli\u015ftirmek i\u00e7in sosyal hizmet, sosyal politika, sosyoloji ve insan co\u011frafyas\u0131 alanlar\u0131na odaklan\u0131yor. \u00c7evre sorunlar\u0131n\u0131n nas\u0131l da sosyal hizmetin b\u00fct\u00fcnleyici bir par\u00e7as\u0131 oldu\u011funu ortaya koyarken, 21. y\u00fczy\u0131l\u0131n modern d\u00fcnyas\u0131nda toplumlar\u0131n s\u00fcrekliliklerini sa\u011flamak i\u00e7in \u00e7\u00f6zmeleri gereken sosyal sorunlara dikkat \u00e7ekiyor. <\/p>\n","protected":false},"excerpt":{"rendered":"<p>Sosyal hizmet, insanlar\u0131n iyilik halini art\u0131rma iddias\u0131nda olan bir meslektir. Bu kitab\u0131n da konusu olan \u00e7evreye dair sorunlarda sosyal hizmet uzmanlar\u0131 k\u0131s\u0131tl\u0131 rollere sahip olsalar da,<span class=\"excerpt-hellip\"> [\u2026]<\/span><\/p>\n","protected":false},"featured_media":0,"template":"","meta":{"_monsterinsights_skip_tracking":false,"_monsterinsights_sitenote_active":false,"_monsterinsights_sitenote_note":"","_monsterinsights_sitenote_category":0},"product_brand":[],"product_cat":[12835,12324],"product_tag":[],"class_list":{"0":"post-712946","1":"product","2":"type-product","3":"status-publish","5":"product_cat-genel-sosyoloji","6":"product_cat-sosyoloji","7":"pa_cilt-ciltsiz","8":"pa_tur-kitap","9":"pa_yayinevi-nika-yayinevi","10":"pa_yazar-lena-dominelli","12":"first","13":"instock","14":"sale","15":"shipping-taxable","16":"purchasable","17":"product-type-simple"},"_links":{"self":[{"href":"https:\/\/roveyayinevi.com.tr\/index.php\/wp-json\/wp\/v2\/product\/712946","targetHints":{"allow":["GET"]}}],"collection":[{"href":"https:\/\/roveyayinevi.com.tr\/index.php\/wp-json\/wp\/v2\/product"}],"about":[{"href":"https:\/\/roveyayinevi.com.tr\/index.php\/wp-json\/wp\/v2\/types\/product"}],"wp:attachment":[{"href":"https:\/\/roveyayinevi.com.tr\/index.php\/wp-json\/wp\/v2\/media?parent=712946"}],"wp:term":[{"taxonomy":"product_brand","embeddable":true,"href":"https:\/\/roveyayinevi.com.tr\/index.php\/wp-json\/wp\/v2\/product_brand?post=712946"},{"taxonomy":"product_cat","embeddable":true,"href":"https:\/\/roveyayinevi.com.tr\/index.php\/wp-json\/wp\/v2\/product_cat?post=712946"},{"taxonomy":"product_tag","embeddable":true,"href":"https:\/\/roveyayinevi.com.tr\/index.php\/wp-json\/wp\/v2\/product_tag?post=712946"}],"curies":[{"name":"wp","href":"https:\/\/api.w.org\/{rel}","templated":true}]}}