{"id":712945,"date":"2025-08-27T17:02:01","date_gmt":"2025-08-27T14:02:01","guid":{"rendered":"https:\/\/roveyayinevi.com.tr\/index.php\/urun\/sanat-metodolojileri-sanat-tarihi-ve-sanat-elestirisi\/"},"modified":"2026-01-29T02:38:07","modified_gmt":"2026-01-28T23:38:07","slug":"sanat-metodolojileri-sanat-tarihi-ve-sanat-elestirisi","status":"publish","type":"product","link":"https:\/\/roveyayinevi.com.tr\/index.php\/urun\/sanat-metodolojileri-sanat-tarihi-ve-sanat-elestirisi\/","title":{"rendered":"Sanat Metodolojileri &#8211; Sanat Tarihi ve Sanat Ele\u015ftirisi"},"content":{"rendered":"<p>Bir resmi ya da bir heykeli s\u00f6zc\u00fcklerle anlatmak m\u00fcmk\u00fcn m\u00fcd\u00fcr? \u00d6rne\u011fin, Van Gogh\u2019un son resminde anlatmak istedi\u011fi ve tuvale aktard\u0131\u011f\u0131 d\u00fc\u015f\u00fcncelerini, duygular\u0131n\u0131 ve tutkusunu s\u00f6zc\u00fcklerle betimleyebilir mi? E\u011fer \u00f6yleyse, Van Gogh\u2019un bu resmi ka\u00e7 s\u00f6zc\u00fc\u011fe bedeldir? Bir yazar\u0131n, Van Gogh\u2019un s\u00f6z konusu resmini anlatabilmesi i\u00e7in ka\u00e7 sayfa yazmas\u0131 gerekir? Bir resmin, bir heykelin ya da farkl\u0131 bir formdaki bir sanat eserinin s\u00f6zc\u00fcklerle anlat\u0131labilece\u011fine inananlar; sanat eserlerini s\u00f6zc\u00fcklerle anlatma, yorumlama u\u011fra\u015f\u0131s\u0131n\u0131n; sanat tarihi ve sanat ele\u015ftirisi disiplinlerinin bi\u00e7imlenmesini sa\u011flad\u0131. Sanat ve sanat\u00e7\u0131 kavram\u0131ndaki d\u00f6n\u00fc\u015f\u00fcmlere ba\u011fl\u0131 olarak sanat tarihi ve sanat ele\u015ftirisi disiplinlerinin bi\u00e7imlenme s\u00fcrecinin yan\u0131 s\u0131ra en yayg\u0131n sanat tarihi ve ele\u015ftiri metodolojilerini i\u00e7eren bu kitap iki ayr\u0131 kategoriyi i\u00e7erecek bi\u00e7imde tasarland\u0131: 1. Biyografik, stilistik, formalist, ikonografik, psikanalitik, sosyolojik ve feminist metodolojilerin tarihsel geli\u015fiminin ve odakland\u0131\u011f\u0131 sorular\u0131n yer ald\u0131\u011f\u0131 yeti\u015fkinlere y\u00f6nelik metodolojiler. 2. Pedagojik ele\u015ftiri olarak adland\u0131rabilece\u011fimiz, e\u011fitimcilerin okul\u00f6ncesi s\u00fcre\u00e7ten itibaren \u00e7ocuklar\u0131n ve gen\u00e7lerin sanatla ba\u011f\u0131n\u0131 g\u00fc\u00e7lendirmek ve ele\u015ftiri becerilerini geli\u015ftirmek i\u00e7in kullanabilecekleri en temel metodolojiler ve modeller. <\/p>\n","protected":false},"excerpt":{"rendered":"<p>Bir resmi ya da bir heykeli s\u00f6zc\u00fcklerle anlatmak m\u00fcmk\u00fcn m\u00fcd\u00fcr? \u00d6rne\u011fin, Van Gogh\u2019un son resminde anlatmak istedi\u011fi ve tuvale aktard\u0131\u011f\u0131 d\u00fc\u015f\u00fcncelerini, duygular\u0131n\u0131 ve tutkusunu s\u00f6zc\u00fcklerle betimleyebilir<span class=\"excerpt-hellip\"> [\u2026]<\/span><\/p>\n","protected":false},"featured_media":0,"template":"","meta":{"_monsterinsights_skip_tracking":false,"_monsterinsights_sitenote_active":false,"_monsterinsights_sitenote_note":"","_monsterinsights_sitenote_category":0},"product_brand":[],"product_cat":[12408,14197],"product_tag":[],"class_list":{"0":"post-712945","1":"product","2":"type-product","3":"status-publish","5":"product_cat-sanat","6":"product_cat-sanat-tarihi","7":"pa_cilt-ciltsiz","8":"pa_tur-kitap","9":"pa_yayinevi-utopya-yayinevi","10":"pa_yazar-n-keser","12":"first","13":"instock","14":"sale","15":"shipping-taxable","16":"purchasable","17":"product-type-simple"},"_links":{"self":[{"href":"https:\/\/roveyayinevi.com.tr\/index.php\/wp-json\/wp\/v2\/product\/712945","targetHints":{"allow":["GET"]}}],"collection":[{"href":"https:\/\/roveyayinevi.com.tr\/index.php\/wp-json\/wp\/v2\/product"}],"about":[{"href":"https:\/\/roveyayinevi.com.tr\/index.php\/wp-json\/wp\/v2\/types\/product"}],"wp:attachment":[{"href":"https:\/\/roveyayinevi.com.tr\/index.php\/wp-json\/wp\/v2\/media?parent=712945"}],"wp:term":[{"taxonomy":"product_brand","embeddable":true,"href":"https:\/\/roveyayinevi.com.tr\/index.php\/wp-json\/wp\/v2\/product_brand?post=712945"},{"taxonomy":"product_cat","embeddable":true,"href":"https:\/\/roveyayinevi.com.tr\/index.php\/wp-json\/wp\/v2\/product_cat?post=712945"},{"taxonomy":"product_tag","embeddable":true,"href":"https:\/\/roveyayinevi.com.tr\/index.php\/wp-json\/wp\/v2\/product_tag?post=712945"}],"curies":[{"name":"wp","href":"https:\/\/api.w.org\/{rel}","templated":true}]}}