{"id":712943,"date":"2025-08-27T17:02:00","date_gmt":"2025-08-27T14:02:00","guid":{"rendered":"https:\/\/roveyayinevi.com.tr\/index.php\/urun\/annemi-yetistiriyorum-2\/"},"modified":"2026-04-16T02:21:38","modified_gmt":"2026-04-15T23:21:38","slug":"annemi-yetistiriyorum-2","status":"publish","type":"product","link":"https:\/\/roveyayinevi.com.tr\/index.php\/urun\/annemi-yetistiriyorum-2\/","title":{"rendered":"Annemi Yeti\u015ftiriyorum 2"},"content":{"rendered":"<p>Biliyorum annesin, kendinden fazla evlad\u0131n\u0131 d\u00fc\u015f\u00fcnmemek imk\u00e2ns\u0131z. Bu senin elinde de\u011fil. Ama i\u00e7in rahat olsun diye s\u00f6yl\u00fcyorum; Her zaman \u00f6nce sen olmal\u0131s\u0131n. Anne olduktan sonra hayat\u0131ndaki t\u00fcm \u00f6ncelikler de\u011fi\u015fti. Zaten aksini iddia etmek imk\u00e2ns\u0131z ama sen anne s\u0131fat\u0131ndan \u00f6nce bir kad\u0131ns\u0131n. En nihayetinde nefsi olan bir insans\u0131n. \u0130\u015fte bunu unutursan, kendini ihmal edersen, ruhunu doyurmazsan dipsiz bir kuyuya do\u011fru yuvarlanabilirsin. Pe\u015finden gelecek olan kimdir bil bakal\u0131m? \u00d6nce sen kurtulmal\u0131s\u0131n ki beni de kurtarabilesin. \u00d6nce sen sa\u011fl\u0131kl\u0131 olacaks\u0131n ki bana iyi bakabilesin. \u00d6nce sen mutlu olacaks\u0131n ki ben de mutlu olabileyim. <\/p>\n","protected":false},"excerpt":{"rendered":"<p>Biliyorum annesin, kendinden fazla evlad\u0131n\u0131 d\u00fc\u015f\u00fcnmemek imk\u00e2ns\u0131z. Bu senin elinde de\u011fil. Ama i\u00e7in rahat olsun diye s\u00f6yl\u00fcyorum; Her zaman \u00f6nce sen olmal\u0131s\u0131n. Anne olduktan sonra hayat\u0131ndaki<span class=\"excerpt-hellip\"> [\u2026]<\/span><\/p>\n","protected":false},"featured_media":0,"template":"","meta":{"_monsterinsights_skip_tracking":false,"_monsterinsights_sitenote_active":false,"_monsterinsights_sitenote_note":"","_monsterinsights_sitenote_category":0},"product_brand":[],"product_cat":[17996,12364],"product_tag":[],"class_list":{"0":"post-712943","1":"product","2":"type-product","3":"status-publish","5":"product_cat-ebeveyn-kitaplari","6":"product_cat-genel-konular","7":"pa_cilt-ciltsiz","8":"pa_tur-kitap","9":"pa_yayinevi-ganj-yayinevi","10":"pa_yazar-ozlem-acar","12":"first","13":"instock","14":"sale","15":"shipping-taxable","16":"purchasable","17":"product-type-simple"},"_links":{"self":[{"href":"https:\/\/roveyayinevi.com.tr\/index.php\/wp-json\/wp\/v2\/product\/712943","targetHints":{"allow":["GET"]}}],"collection":[{"href":"https:\/\/roveyayinevi.com.tr\/index.php\/wp-json\/wp\/v2\/product"}],"about":[{"href":"https:\/\/roveyayinevi.com.tr\/index.php\/wp-json\/wp\/v2\/types\/product"}],"wp:attachment":[{"href":"https:\/\/roveyayinevi.com.tr\/index.php\/wp-json\/wp\/v2\/media?parent=712943"}],"wp:term":[{"taxonomy":"product_brand","embeddable":true,"href":"https:\/\/roveyayinevi.com.tr\/index.php\/wp-json\/wp\/v2\/product_brand?post=712943"},{"taxonomy":"product_cat","embeddable":true,"href":"https:\/\/roveyayinevi.com.tr\/index.php\/wp-json\/wp\/v2\/product_cat?post=712943"},{"taxonomy":"product_tag","embeddable":true,"href":"https:\/\/roveyayinevi.com.tr\/index.php\/wp-json\/wp\/v2\/product_tag?post=712943"}],"curies":[{"name":"wp","href":"https:\/\/api.w.org\/{rel}","templated":true}]}}