{"id":712942,"date":"2025-08-27T17:01:59","date_gmt":"2025-08-27T14:01:59","guid":{"rendered":"https:\/\/roveyayinevi.com.tr\/index.php\/urun\/demirdenizi\/"},"modified":"2026-04-16T02:21:38","modified_gmt":"2026-04-15T23:21:38","slug":"demirdenizi","status":"publish","type":"product","link":"https:\/\/roveyayinevi.com.tr\/index.php\/urun\/demirdenizi\/","title":{"rendered":"Demirdenizi"},"content":{"rendered":"<p>Gelecekte veya ge\u00e7mi\u015fte, hi\u00e7 al\u0131\u015f\u0131k olmad\u0131\u011f\u0131n\u0131z karanl\u0131k b\u00f6lgelerde, hi\u00e7 de tekin olmayan tuhaf yolculuklara \u00e7\u0131k\u0131p, hayal g\u00fcc\u00fcn\u00fcz\u00fcn s\u0131n\u0131rlar\u0131n\u0131 zorlamak ister misiniz? Yan\u0131t\u0131n\u0131z evet ise, Demirdenizi tam size g\u00f6re\u2026 Ger\u00e7ekten de bamba\u015fka, fantastik bir d\u00fcnya bu&#8230; Topra\u011f\u0131n derinliklerinden g\u00fcmb\u00fcrt\u00fcyle gelen devasa kralk\u00f6stebekleriyle, g\u00f6ky\u00fcz\u00fcnde tehditk\u00e2r bir bi\u00e7imde u\u00e7up duran ray mart\u0131lar\u0131 ve kahraman yarasalar\u0131yla, raylarda aniden beliriveren tren melekleriyle, Melville\u2019in Moby Dick\u2019inden Defoe\u2019nun Robinson Crusoe\u2019suna edeb\u00ee g\u00f6ndermeleriyle, s\u0131n\u0131rlara ve \u201c\u00f6teki \u00e2lemler\u201de ula\u015fma azmiyle, avlar\u0131n\u0131n ve felsefelerinin pe\u015finde her t\u00fcr maceraya at\u0131lan tutkulu kaptanlar\u0131yla, yeni d\u00fcnyalar\u0131n ve alg\u0131lar\u0131n kap\u0131s\u0131n\u0131 aralarken maceran\u0131n tam ortas\u0131na yerle\u015fen gen\u00e7 dehalar\u0131yla\u2026 bamba\u015fka! Mi\u00e9ville, hi\u00e7 \u015f\u00fcphesiz, g\u00fcn\u00fcm\u00fcz\u00fcn en esasl\u0131, en fantastik, hayal g\u00fcc\u00fcn\u00fc en \u00e7ok k\u0131\u015fk\u0131rtan hik\u00e2ye anlat\u0131c\u0131lar\u0131ndan biri. Demirdenizi de yine \u015f\u00fcphesiz, onun en g\u00fczel, en \u00e7arp\u0131c\u0131 anlat\u0131lar\u0131ndan biri. Demirdenizi\u2019nin a\u00e7\u0131klar\u0131nda masals\u0131 bir d\u00fcnyaya kapt\u0131r\u0131p gitmi\u015fken, para\/kredi\/bor\u00e7 ili\u015fkilerini, do\u011fa ve teknoloji aras\u0131ndaki \u00e7eli\u015fkileri, hurdaya d\u00f6n\u00fc\u015ft\u00fcrd\u00fc\u011f\u00fcm\u00fcz \u00e7evreyi, iktidar\u0131 ve b\u00fcrokrasiyi, bir felsefenin pe\u015finde her \u015feyi g\u00f6ze al\u0131p \u00e7\u0131lg\u0131nca ko\u015fturabilmeyi, insan\u0131n safl\u0131\u011f\u0131n\u0131 ve ac\u0131mas\u0131zl\u0131\u011f\u0131n\u0131 ve benzeri olgu ve ger\u00e7ekleri enine boyuna sorgulamak\/sorgulatmak kolay m\u0131? China Mi\u00e9ville\u2019in, di\u011fer bilim kurgu ve fantastik edebiyat yazarlar\u0131ndan fark\u0131 tam da burada\u2026 E\u015fsiz bir macera, tuhaf bir kurgu, g\u00fcn\u00fcm\u00fcz\u00fc ve gelece\u011fimizi sorgulayan d\u00fc\u015f\u00fcnsel birikim Demirdenizi\u2019nde bir arada! <\/p>\n","protected":false},"excerpt":{"rendered":"<p>Gelecekte veya ge\u00e7mi\u015fte, hi\u00e7 al\u0131\u015f\u0131k olmad\u0131\u011f\u0131n\u0131z karanl\u0131k b\u00f6lgelerde, hi\u00e7 de tekin olmayan tuhaf yolculuklara \u00e7\u0131k\u0131p, hayal g\u00fcc\u00fcn\u00fcz\u00fcn s\u0131n\u0131rlar\u0131n\u0131 zorlamak ister misiniz? Yan\u0131t\u0131n\u0131z evet ise, Demirdenizi tam<span class=\"excerpt-hellip\"> [\u2026]<\/span><\/p>\n","protected":false},"featured_media":0,"template":"","meta":{"_monsterinsights_skip_tracking":false,"_monsterinsights_sitenote_active":false,"_monsterinsights_sitenote_note":"","_monsterinsights_sitenote_category":0},"product_brand":[],"product_cat":[12540,12291],"product_tag":[],"class_list":{"0":"post-712942","1":"product","2":"type-product","3":"status-publish","5":"product_cat-bilim-kurgu","6":"product_cat-edebiyat","7":"pa_cilt-ciltsiz","8":"pa_tur-kitap","9":"pa_yayinevi-yordam-kitap","10":"pa_yazar-china-mieville","12":"first","13":"instock","14":"sale","15":"shipping-taxable","16":"purchasable","17":"product-type-simple"},"_links":{"self":[{"href":"https:\/\/roveyayinevi.com.tr\/index.php\/wp-json\/wp\/v2\/product\/712942","targetHints":{"allow":["GET"]}}],"collection":[{"href":"https:\/\/roveyayinevi.com.tr\/index.php\/wp-json\/wp\/v2\/product"}],"about":[{"href":"https:\/\/roveyayinevi.com.tr\/index.php\/wp-json\/wp\/v2\/types\/product"}],"wp:attachment":[{"href":"https:\/\/roveyayinevi.com.tr\/index.php\/wp-json\/wp\/v2\/media?parent=712942"}],"wp:term":[{"taxonomy":"product_brand","embeddable":true,"href":"https:\/\/roveyayinevi.com.tr\/index.php\/wp-json\/wp\/v2\/product_brand?post=712942"},{"taxonomy":"product_cat","embeddable":true,"href":"https:\/\/roveyayinevi.com.tr\/index.php\/wp-json\/wp\/v2\/product_cat?post=712942"},{"taxonomy":"product_tag","embeddable":true,"href":"https:\/\/roveyayinevi.com.tr\/index.php\/wp-json\/wp\/v2\/product_tag?post=712942"}],"curies":[{"name":"wp","href":"https:\/\/api.w.org\/{rel}","templated":true}]}}