{"id":712940,"date":"2025-08-27T17:01:58","date_gmt":"2025-08-27T14:01:58","guid":{"rendered":"https:\/\/roveyayinevi.com.tr\/index.php\/urun\/ekmegimi-kazanirken-4\/"},"modified":"2026-04-16T02:21:38","modified_gmt":"2026-04-15T23:21:38","slug":"ekmegimi-kazanirken-4","status":"publish","type":"product","link":"https:\/\/roveyayinevi.com.tr\/index.php\/urun\/ekmegimi-kazanirken-4\/","title":{"rendered":"Ekme\u011fimi Kazan\u0131rken"},"content":{"rendered":"<p>Maksim Gorki\u2019nin otobiyografik \u00fc\u00e7lemesinin ikinci kitab\u0131 olan Ekme\u011fimi Kazan\u0131rken, Aleksey\u2019in \u00e7\u0131rakl\u0131k y\u0131llar\u0131n\u0131 anlat\u0131r. Aleksey, ailesinin yoksul d\u00fc\u015fmesinin ard\u0131ndan k\u00e2h bir ayakkab\u0131 ma\u011fazas\u0131nda k\u00e2h gemide k\u00e2h ikon at\u00f6lyesinde \u00e7al\u0131\u015f\u0131r. Keskin g\u00f6zleriyle insanlar\u0131 izlerken roman ve \u015fiirle de tan\u0131\u015f\u0131r ve okumak onun i\u00e7in gitgide bir tutkuya d\u00f6n\u00fc\u015f\u00fcr. Yaln\u0131z, kitaplarda okudu\u011fu insanlarla \u00e7evresinde g\u00f6rd\u00fckleri birbirine benzememektedir. \u0130leriki y\u0131llarda sosyalist ger\u00e7ek\u00e7ilik ak\u0131m\u0131n\u0131n \u00f6nc\u00fcl\u00fc\u011f\u00fcn\u00fc yapacak olan Maksim Gorki 19. y\u00fczy\u0131l Rusyas\u0131n\u0131n ses ve imgeleriyle dolu bu yap\u0131t\u0131nda, toplumu saran \u015fiddet, ama\u00e7s\u0131zl\u0131k ve d\u00fc\u015fmanl\u0131k i\u00e7in bir \u00e7\u00f6z\u00fcm arama \u00e7abas\u0131n\u0131 da anlat\u0131r. \u201cBen insanlar\u0131 \u00e7ok seviyorum. Kimseye de ac\u0131 vermek istemem. Ama duygusal olmak do\u011fru de\u011fil; korkun\u00e7 ger\u00e7ek, g\u00fczel yalanlar\u0131n kelimecikleriyle gizlenemez! Hayata do\u011fru! Hayata do\u011fru! Y\u00fcreklerimizde ve beyinlerimizde bulunan b\u00fct\u00fcn iyi ve insanca \u015feyleri hayat\u0131n i\u00e7inde eritmek gerek!\u201d <\/p>\n","protected":false},"excerpt":{"rendered":"<p>Maksim Gorki\u2019nin otobiyografik \u00fc\u00e7lemesinin ikinci kitab\u0131 olan Ekme\u011fimi Kazan\u0131rken, Aleksey\u2019in \u00e7\u0131rakl\u0131k y\u0131llar\u0131n\u0131 anlat\u0131r. Aleksey, ailesinin yoksul d\u00fc\u015fmesinin ard\u0131ndan k\u00e2h bir ayakkab\u0131 ma\u011fazas\u0131nda k\u00e2h gemide k\u00e2h ikon<span class=\"excerpt-hellip\"> [\u2026]<\/span><\/p>\n","protected":false},"featured_media":0,"template":"","meta":{"_monsterinsights_skip_tracking":false,"_monsterinsights_sitenote_active":false,"_monsterinsights_sitenote_note":"","_monsterinsights_sitenote_category":0},"product_brand":[],"product_cat":[12291,13872],"product_tag":[],"class_list":{"0":"post-712940","1":"product","2":"type-product","3":"status-publish","5":"product_cat-edebiyat","6":"product_cat-klasikler","7":"pa_cilt-ciltsiz","8":"pa_tur-kitap","9":"pa_yayinevi-yordam-kitap","10":"pa_yazar-maksim-gorki","12":"first","13":"instock","14":"sale","15":"shipping-taxable","16":"purchasable","17":"product-type-simple"},"_links":{"self":[{"href":"https:\/\/roveyayinevi.com.tr\/index.php\/wp-json\/wp\/v2\/product\/712940","targetHints":{"allow":["GET"]}}],"collection":[{"href":"https:\/\/roveyayinevi.com.tr\/index.php\/wp-json\/wp\/v2\/product"}],"about":[{"href":"https:\/\/roveyayinevi.com.tr\/index.php\/wp-json\/wp\/v2\/types\/product"}],"wp:attachment":[{"href":"https:\/\/roveyayinevi.com.tr\/index.php\/wp-json\/wp\/v2\/media?parent=712940"}],"wp:term":[{"taxonomy":"product_brand","embeddable":true,"href":"https:\/\/roveyayinevi.com.tr\/index.php\/wp-json\/wp\/v2\/product_brand?post=712940"},{"taxonomy":"product_cat","embeddable":true,"href":"https:\/\/roveyayinevi.com.tr\/index.php\/wp-json\/wp\/v2\/product_cat?post=712940"},{"taxonomy":"product_tag","embeddable":true,"href":"https:\/\/roveyayinevi.com.tr\/index.php\/wp-json\/wp\/v2\/product_tag?post=712940"}],"curies":[{"name":"wp","href":"https:\/\/api.w.org\/{rel}","templated":true}]}}