{"id":712939,"date":"2025-08-27T17:01:57","date_gmt":"2025-08-27T14:01:57","guid":{"rendered":"https:\/\/roveyayinevi.com.tr\/index.php\/urun\/cocuklugum-7\/"},"modified":"2026-04-16T02:21:38","modified_gmt":"2026-04-15T23:21:38","slug":"cocuklugum-7","status":"publish","type":"product","link":"https:\/\/roveyayinevi.com.tr\/index.php\/urun\/cocuklugum-7\/","title":{"rendered":"\u00c7ocuklu\u011fum"},"content":{"rendered":"<p>\u00c7ocuklu\u011fum, Maksim Gorki\u2019nin otobiyografik \u00fc\u00e7lemesinin ilk kitab\u0131d\u0131r. Kimi ele\u015ftirmenlere g\u00f6re Gorki\u2019nin ba\u015fyap\u0131t\u0131 olan \u00c7ocuklu\u011fum, d\u00fcnya edebiyat\u0131nda da kendi t\u00fcr\u00fcn\u00fcn en se\u00e7kin \u00f6rneklerinden biridir. Aleksey Maksimovi\u00e7 Pe\u015fkov\u2019u b\u00fcy\u00fck Maksim Gorki yapan ya\u015fam yolculu\u011funa tan\u0131kl\u0131k ederken, bu ac\u0131 dolu ya\u015famdan dam\u0131t\u0131lan m\u00fcstear ismin (Rus\u00e7ada \u201cac\u0131\u201d anlam\u0131na gelen) Gorki olu\u015funa hak vermemek elde de\u011fildir. K\u00fc\u00e7\u00fck Aleksey\u2019in, do\u011fdu\u011fu Nijniy-Novgorod \u015fehrinden babas\u0131n\u0131n \u00f6l\u00fcm\u00fc nedeniyle ayr\u0131l\u0131p, annesiyle birlikte b\u00fcy\u00fckannesi ve dedesinin yan\u0131na gitmesi ile ba\u015flayan anlat\u0131,  Gorki\u2019nin, \u201cO evin i\u00e7indeki her \u015fey, k\u0131\u015f g\u00fcn\u00fc karlarla \u00f6rt\u00fcl\u00fc sokaktan ge\u00e7erken beni alt\u0131na alan bir k\u0131zak gibi \u00fczerimden ge\u00e7iyor, solu\u011fumu kesiyordu sanki,\u201d diye ifade edece\u011fi g\u00fcnleri i\u00e7erir. Bir yandan pete\u011fine bir masal kahraman\u0131n\u0131 and\u0131ran b\u00fcy\u00fckannesinin bal\u0131 damlayan Aleksey, ya\u015fam\u0131n ne denli zor, ne denli ac\u0131 y\u00fckl\u00fc oldu\u011funu ilk kez bu y\u0131llarda deneyimleyecektir. Ancak bu deneyimler onu t\u00fcketmek, y\u0131lg\u0131nla\u015ft\u0131rmak yerine ondaki ya\u015fam inanc\u0131n\u0131 bileyecektir: \u201cHayat bizi her an \u015fa\u015f\u0131rtmaktad\u0131r ama hayvansal art\u0131klardan olu\u015fmu\u015f, fokur fokur kaynayarak pis kokular sa\u00e7an kal\u0131n \u00e7\u00f6pl\u00fck katman\u0131yla de\u011fil, insano\u011flunun bu \u00e7\u00f6pl\u00fck katman\u0131n\u0131n alt\u0131ndan yukar\u0131ya do\u011fru \u00e7\u0131kmak i\u00e7in zorlayan, iyiye y\u00f6nelik, parlak, sa\u011fl\u0131kl\u0131 ve yarat\u0131c\u0131 g\u00fc\u00e7leriyle \u015fa\u015f\u0131rtmaktad\u0131r. Daha iyi, daha insanca bir hayat\u0131n yeniden do\u011faca\u011f\u0131 konusunda bizde sars\u0131lmaz bir umut uyand\u0131ran da i\u015fte bu g\u00fc\u00e7lerdir.\u201d \u00c7ocuklu\u011fum, okuduktan sonra sizinle kalacak eserlerdendir. <\/p>\n","protected":false},"excerpt":{"rendered":"<p>\u00c7ocuklu\u011fum, Maksim Gorki\u2019nin otobiyografik \u00fc\u00e7lemesinin ilk kitab\u0131d\u0131r. Kimi ele\u015ftirmenlere g\u00f6re Gorki\u2019nin ba\u015fyap\u0131t\u0131 olan \u00c7ocuklu\u011fum, d\u00fcnya edebiyat\u0131nda da kendi t\u00fcr\u00fcn\u00fcn en se\u00e7kin \u00f6rneklerinden biridir. Aleksey Maksimovi\u00e7 Pe\u015fkov\u2019u<span class=\"excerpt-hellip\"> [\u2026]<\/span><\/p>\n","protected":false},"featured_media":0,"template":"","meta":{"_monsterinsights_skip_tracking":false,"_monsterinsights_sitenote_active":false,"_monsterinsights_sitenote_note":"","_monsterinsights_sitenote_category":0},"product_brand":[],"product_cat":[12291,13872],"product_tag":[],"class_list":{"0":"post-712939","1":"product","2":"type-product","3":"status-publish","5":"product_cat-edebiyat","6":"product_cat-klasikler","7":"pa_cilt-ciltsiz","8":"pa_tur-kitap","9":"pa_yayinevi-yordam-kitap","10":"pa_yazar-maksim-gorki","12":"first","13":"instock","14":"sale","15":"shipping-taxable","16":"purchasable","17":"product-type-simple"},"_links":{"self":[{"href":"https:\/\/roveyayinevi.com.tr\/index.php\/wp-json\/wp\/v2\/product\/712939","targetHints":{"allow":["GET"]}}],"collection":[{"href":"https:\/\/roveyayinevi.com.tr\/index.php\/wp-json\/wp\/v2\/product"}],"about":[{"href":"https:\/\/roveyayinevi.com.tr\/index.php\/wp-json\/wp\/v2\/types\/product"}],"wp:attachment":[{"href":"https:\/\/roveyayinevi.com.tr\/index.php\/wp-json\/wp\/v2\/media?parent=712939"}],"wp:term":[{"taxonomy":"product_brand","embeddable":true,"href":"https:\/\/roveyayinevi.com.tr\/index.php\/wp-json\/wp\/v2\/product_brand?post=712939"},{"taxonomy":"product_cat","embeddable":true,"href":"https:\/\/roveyayinevi.com.tr\/index.php\/wp-json\/wp\/v2\/product_cat?post=712939"},{"taxonomy":"product_tag","embeddable":true,"href":"https:\/\/roveyayinevi.com.tr\/index.php\/wp-json\/wp\/v2\/product_tag?post=712939"}],"curies":[{"name":"wp","href":"https:\/\/api.w.org\/{rel}","templated":true}]}}