{"id":712938,"date":"2025-08-27T17:01:57","date_gmt":"2025-08-27T14:01:57","guid":{"rendered":"https:\/\/roveyayinevi.com.tr\/index.php\/urun\/evcil-hayvanlarin-cizimi-cizim-sanati-9\/"},"modified":"2026-04-16T02:21:38","modified_gmt":"2026-04-15T23:21:38","slug":"evcil-hayvanlarin-cizimi-cizim-sanati-9","status":"publish","type":"product","link":"https:\/\/roveyayinevi.com.tr\/index.php\/urun\/evcil-hayvanlarin-cizimi-cizim-sanati-9\/","title":{"rendered":"Evcil Hayvanlar\u0131n \u00c7izimi &#8211; \u00c7izim Sanat\u0131 9"},"content":{"rendered":"<p>* Perspektif *Anatomi *Bi\u00e7im, Yap\u0131 ve Hareket *Eskiz defteri : K\u00f6pek, Tavuk, S\u0131\u011f\u0131r, Kedi ve At *Vah\u015fi Ya\u015fam Eskiz Defteri<\/p>\n","protected":false},"excerpt":{"rendered":"<p>* Perspektif *Anatomi *Bi\u00e7im, Yap\u0131 ve Hareket *Eskiz defteri : K\u00f6pek, Tavuk, S\u0131\u011f\u0131r, Kedi ve At *Vah\u015fi Ya\u015fam Eskiz Defteri<\/p>\n","protected":false},"featured_media":0,"template":"","meta":{"_monsterinsights_skip_tracking":false,"_monsterinsights_sitenote_active":false,"_monsterinsights_sitenote_note":"","_monsterinsights_sitenote_category":0},"product_brand":[],"product_cat":[15733,12408],"product_tag":[],"class_list":{"0":"post-712938","1":"product","2":"type-product","3":"status-publish","5":"product_cat-resim","6":"product_cat-sanat","7":"pa_cilt-ciltsiz","8":"pa_tur-kitap","9":"pa_yayinevi-beta-kitap","10":"pa_yazar-giovanni-civardi","12":"first","13":"instock","14":"sale","15":"shipping-taxable","16":"purchasable","17":"product-type-simple"},"_links":{"self":[{"href":"https:\/\/roveyayinevi.com.tr\/index.php\/wp-json\/wp\/v2\/product\/712938","targetHints":{"allow":["GET"]}}],"collection":[{"href":"https:\/\/roveyayinevi.com.tr\/index.php\/wp-json\/wp\/v2\/product"}],"about":[{"href":"https:\/\/roveyayinevi.com.tr\/index.php\/wp-json\/wp\/v2\/types\/product"}],"wp:attachment":[{"href":"https:\/\/roveyayinevi.com.tr\/index.php\/wp-json\/wp\/v2\/media?parent=712938"}],"wp:term":[{"taxonomy":"product_brand","embeddable":true,"href":"https:\/\/roveyayinevi.com.tr\/index.php\/wp-json\/wp\/v2\/product_brand?post=712938"},{"taxonomy":"product_cat","embeddable":true,"href":"https:\/\/roveyayinevi.com.tr\/index.php\/wp-json\/wp\/v2\/product_cat?post=712938"},{"taxonomy":"product_tag","embeddable":true,"href":"https:\/\/roveyayinevi.com.tr\/index.php\/wp-json\/wp\/v2\/product_tag?post=712938"}],"curies":[{"name":"wp","href":"https:\/\/api.w.org\/{rel}","templated":true}]}}