{"id":712937,"date":"2025-08-27T17:01:56","date_gmt":"2025-08-27T14:01:56","guid":{"rendered":"https:\/\/roveyayinevi.com.tr\/index.php\/urun\/insan-anatomisi-cizim-sanati-6\/"},"modified":"2026-04-16T02:21:38","modified_gmt":"2026-04-15T23:21:38","slug":"insan-anatomisi-cizim-sanati-6","status":"publish","type":"product","link":"https:\/\/roveyayinevi.com.tr\/index.php\/urun\/insan-anatomisi-cizim-sanati-6\/","title":{"rendered":"\u0130nsan Anatomisi &#8211; \u00c7izim Sanat\u0131 6"},"content":{"rendered":"<p>* Kusursuz fig\u00fcr \u00e7izimi i\u00e7in gerekli olan, insan anatomisini anlamakt\u0131r. Bu ola\u011fan\u00fcst\u00fc kitap, insan bedeninin kemik ile kas yap\u0131s\u0131 aras\u0131ndaki ili\u015fkiyi a\u00e7\u0131klayan detayl\u0131 \u00e7izimler ve \u015femalar sunarken, do\u011fru olarak \u00fcretilmi\u015f anatomik \u00e7izimlerin \u00f6nemini vurguluyor. *T\u00fcm\u00fc anatomik olarak a\u00e7\u0131klanm\u0131\u015f, \u00fcst d\u00fczeyde g\u00f6rsellik sunan \u00f6zg\u00fcn \u00e7izimler *G\u00f6sterilen kemik ve kas yap\u0131s\u0131n\u0131n yan\u0131s\u0131ra, bunlar\u0131n \u00e7izim ilkeleri *\u0130nsan v\u00fccudunun \u00f6nden, arkadan ve yandan, ayn\u0131 zamanda da dura\u011fan ve hareketli pozisyonlar\u0131n\u0131n, geni\u015f kapsamda sunulmu\u015f g\u00f6r\u00fcnt\u00fcleri *Her d\u00fczeydeki sanat\u00e7\u0131lar i\u00e7in, pratik bir klavuz\u2026 <\/p>\n","protected":false},"excerpt":{"rendered":"<p>* Kusursuz fig\u00fcr \u00e7izimi i\u00e7in gerekli olan, insan anatomisini anlamakt\u0131r. Bu ola\u011fan\u00fcst\u00fc kitap, insan bedeninin kemik ile kas yap\u0131s\u0131 aras\u0131ndaki ili\u015fkiyi a\u00e7\u0131klayan detayl\u0131 \u00e7izimler ve \u015femalar<span class=\"excerpt-hellip\"> [\u2026]<\/span><\/p>\n","protected":false},"featured_media":0,"template":"","meta":{"_monsterinsights_skip_tracking":false,"_monsterinsights_sitenote_active":false,"_monsterinsights_sitenote_note":"","_monsterinsights_sitenote_category":0},"product_brand":[],"product_cat":[15733,12408],"product_tag":[],"class_list":{"0":"post-712937","1":"product","2":"type-product","3":"status-publish","5":"product_cat-resim","6":"product_cat-sanat","7":"pa_cilt-ciltsiz","8":"pa_tur-kitap","9":"pa_yayinevi-beta-kitap","10":"pa_yazar-giovanni-civardi","12":"first","13":"instock","14":"sale","15":"shipping-taxable","16":"purchasable","17":"product-type-simple"},"_links":{"self":[{"href":"https:\/\/roveyayinevi.com.tr\/index.php\/wp-json\/wp\/v2\/product\/712937","targetHints":{"allow":["GET"]}}],"collection":[{"href":"https:\/\/roveyayinevi.com.tr\/index.php\/wp-json\/wp\/v2\/product"}],"about":[{"href":"https:\/\/roveyayinevi.com.tr\/index.php\/wp-json\/wp\/v2\/types\/product"}],"wp:attachment":[{"href":"https:\/\/roveyayinevi.com.tr\/index.php\/wp-json\/wp\/v2\/media?parent=712937"}],"wp:term":[{"taxonomy":"product_brand","embeddable":true,"href":"https:\/\/roveyayinevi.com.tr\/index.php\/wp-json\/wp\/v2\/product_brand?post=712937"},{"taxonomy":"product_cat","embeddable":true,"href":"https:\/\/roveyayinevi.com.tr\/index.php\/wp-json\/wp\/v2\/product_cat?post=712937"},{"taxonomy":"product_tag","embeddable":true,"href":"https:\/\/roveyayinevi.com.tr\/index.php\/wp-json\/wp\/v2\/product_tag?post=712937"}],"curies":[{"name":"wp","href":"https:\/\/api.w.org\/{rel}","templated":true}]}}