{"id":712934,"date":"2025-08-27T17:01:55","date_gmt":"2025-08-27T14:01:55","guid":{"rendered":"https:\/\/roveyayinevi.com.tr\/index.php\/urun\/nereden-baslayalim-egitimin-abcsi\/"},"modified":"2026-04-16T02:21:38","modified_gmt":"2026-04-15T23:21:38","slug":"nereden-baslayalim-egitimin-abcsi","status":"publish","type":"product","link":"https:\/\/roveyayinevi.com.tr\/index.php\/urun\/nereden-baslayalim-egitimin-abcsi\/","title":{"rendered":"Nereden Ba\u015flayal\u0131m E\u011fitimin ABC&#8217;si"},"content":{"rendered":"<p>\u0130stanbul Teknik \u00dcniversitesi\u2019nin ard\u0131ndan ABD\u2019de Georgia Tech, Massachusetts Institute of Technology (MIT), Columbia \u00dcniversiteleri ve Japonya\u2019da devam eden e\u011fitim ve \u00f6\u011fretim hayat\u0131 boyunca edindi\u011fi birikimi T\u00fcrkiye\u2019de yaymay\u0131 hedefleyen Bozkurt G\u00fcven\u00e7 yol g\u00f6stermeyi s\u00fcrd\u00fcr\u00fcyor. Mimar, insanbilimci ve e\u011fitimci kimli\u011fiyle, bilgilerini ve hayat tecr\u00fcbesini, g\u00f6zlemleriyle harmanlayarak her g\u00fcn kar\u015f\u0131la\u015ft\u0131\u011f\u0131m\u0131z sorunlar\u0131n temeline iniyor ve kal\u0131c\u0131 bir \u00e7\u00f6z\u00fcm vaat ediyor. Ba\u015flang\u0131\u00e7 noktas\u0131 ise: E\u011fitim. Bozkurt G\u00fcven\u00e7, yeni kitab\u0131 Nereden Ba\u015flayal\u0131m-E\u011fitimin ABC\u2019si\u2019nde T\u00fcrkiye\u2019nin kurtulu\u015f re\u00e7etesini yaz\u0131yor. <\/p>\n","protected":false},"excerpt":{"rendered":"<p>\u0130stanbul Teknik \u00dcniversitesi\u2019nin ard\u0131ndan ABD\u2019de Georgia Tech, Massachusetts Institute of Technology (MIT), Columbia \u00dcniversiteleri ve Japonya\u2019da devam eden e\u011fitim ve \u00f6\u011fretim hayat\u0131 boyunca edindi\u011fi birikimi T\u00fcrkiye\u2019de<span class=\"excerpt-hellip\"> [\u2026]<\/span><\/p>\n","protected":false},"featured_media":0,"template":"","meta":{"_monsterinsights_skip_tracking":false,"_monsterinsights_sitenote_active":false,"_monsterinsights_sitenote_note":"","_monsterinsights_sitenote_category":0},"product_brand":[],"product_cat":[12312,12304],"product_tag":[],"class_list":{"0":"post-712934","1":"product","2":"type-product","3":"status-publish","5":"product_cat-diger","6":"product_cat-tarih","7":"pa_cilt-ciltsiz","8":"pa_tur-kitap","9":"pa_yayinevi-kirmizi-kedi-yayinevi","10":"pa_yazar-bozkurt-guvenc","12":"first","13":"instock","14":"sale","15":"shipping-taxable","16":"purchasable","17":"product-type-simple"},"_links":{"self":[{"href":"https:\/\/roveyayinevi.com.tr\/index.php\/wp-json\/wp\/v2\/product\/712934","targetHints":{"allow":["GET"]}}],"collection":[{"href":"https:\/\/roveyayinevi.com.tr\/index.php\/wp-json\/wp\/v2\/product"}],"about":[{"href":"https:\/\/roveyayinevi.com.tr\/index.php\/wp-json\/wp\/v2\/types\/product"}],"wp:attachment":[{"href":"https:\/\/roveyayinevi.com.tr\/index.php\/wp-json\/wp\/v2\/media?parent=712934"}],"wp:term":[{"taxonomy":"product_brand","embeddable":true,"href":"https:\/\/roveyayinevi.com.tr\/index.php\/wp-json\/wp\/v2\/product_brand?post=712934"},{"taxonomy":"product_cat","embeddable":true,"href":"https:\/\/roveyayinevi.com.tr\/index.php\/wp-json\/wp\/v2\/product_cat?post=712934"},{"taxonomy":"product_tag","embeddable":true,"href":"https:\/\/roveyayinevi.com.tr\/index.php\/wp-json\/wp\/v2\/product_tag?post=712934"}],"curies":[{"name":"wp","href":"https:\/\/api.w.org\/{rel}","templated":true}]}}