{"id":712932,"date":"2025-08-27T17:01:54","date_gmt":"2025-08-27T14:01:54","guid":{"rendered":"https:\/\/roveyayinevi.com.tr\/index.php\/urun\/osmanli-turkcesi-2\/"},"modified":"2026-04-16T02:21:38","modified_gmt":"2026-04-15T23:21:38","slug":"osmanli-turkcesi-2","status":"publish","type":"product","link":"https:\/\/roveyayinevi.com.tr\/index.php\/urun\/osmanli-turkcesi-2\/","title":{"rendered":"Osmanl\u0131 T\u00fcrk\u00e7esi"},"content":{"rendered":"<p>14. y\u00fczy\u0131ldan 20. y\u00fczy\u0131l\u0131n ba\u015f\u0131na kadar ge\u00e7en s\u00fcre i\u00e7inde do\u011fup geli\u015fen Osmanl\u0131 T\u00fcrk\u00e7esi, alt\u0131 asr\u0131n tarihini, k\u00fclt\u00fcr\u00fcn\u00fc, birikimini de i\u00e7inde ta\u015f\u0131yor. Dolay\u0131s\u0131yla ge\u00e7mi\u015fimizi bilmek ve anlamak isteyen herkesin ilk yapmas\u0131 gerekenlerden biri de Osmanl\u0131 T\u00fcrk\u00e7esi \u00f6\u011frenmek. Prof. Dr. N. Fahri Ta\u015f\u2019\u0131n b\u00fcy\u00fck bir titizlikle haz\u0131rlad\u0131\u011f\u0131 bu kitapta Osmanl\u0131 alfabesinin harf \u00f6zelliklerini, harflerin birle\u015fimini, hece ve kelime \u00f6rneklerinin yan\u0131 s\u0131ra Osmanl\u0131 T\u00fcrk\u00e7esinin y\u00fczlerce y\u0131ll\u0131k kullan\u0131m sahas\u0131ndan \u00f6rnek metinleri bulmak m\u00fcmk\u00fcn.  \u00dcniversitelere ders kitab\u0131 olarak haz\u0131rlanan Osmanl\u0131 T\u00fcrk\u00e7esi kitab\u0131, bu dili \u00f6\u011frenmek ad\u0131na ilk ad\u0131m\u0131 atmak isteyenler i\u00e7in de dilin kilitlerini a\u00e7an bir anahtar niteli\u011finde. <\/p>\n","protected":false},"excerpt":{"rendered":"<p>14. y\u00fczy\u0131ldan 20. y\u00fczy\u0131l\u0131n ba\u015f\u0131na kadar ge\u00e7en s\u00fcre i\u00e7inde do\u011fup geli\u015fen Osmanl\u0131 T\u00fcrk\u00e7esi, alt\u0131 asr\u0131n tarihini, k\u00fclt\u00fcr\u00fcn\u00fc, birikimini de i\u00e7inde ta\u015f\u0131yor. Dolay\u0131s\u0131yla ge\u00e7mi\u015fimizi bilmek ve anlamak<span class=\"excerpt-hellip\"> [\u2026]<\/span><\/p>\n","protected":false},"featured_media":0,"template":"","meta":{"_monsterinsights_skip_tracking":false,"_monsterinsights_sitenote_active":false,"_monsterinsights_sitenote_note":"","_monsterinsights_sitenote_category":0},"product_brand":[],"product_cat":[20225,12291],"product_tag":[],"class_list":{"0":"post-712932","1":"product","2":"type-product","3":"status-publish","5":"product_cat-dil-bilim","6":"product_cat-edebiyat","7":"pa_cilt-ciltsiz","8":"pa_tur-kitap","9":"pa_yayinevi-inkilap-kitabevi","10":"pa_yazar-n-fahri-tas","12":"first","13":"instock","14":"sale","15":"shipping-taxable","16":"purchasable","17":"product-type-simple"},"_links":{"self":[{"href":"https:\/\/roveyayinevi.com.tr\/index.php\/wp-json\/wp\/v2\/product\/712932","targetHints":{"allow":["GET"]}}],"collection":[{"href":"https:\/\/roveyayinevi.com.tr\/index.php\/wp-json\/wp\/v2\/product"}],"about":[{"href":"https:\/\/roveyayinevi.com.tr\/index.php\/wp-json\/wp\/v2\/types\/product"}],"wp:attachment":[{"href":"https:\/\/roveyayinevi.com.tr\/index.php\/wp-json\/wp\/v2\/media?parent=712932"}],"wp:term":[{"taxonomy":"product_brand","embeddable":true,"href":"https:\/\/roveyayinevi.com.tr\/index.php\/wp-json\/wp\/v2\/product_brand?post=712932"},{"taxonomy":"product_cat","embeddable":true,"href":"https:\/\/roveyayinevi.com.tr\/index.php\/wp-json\/wp\/v2\/product_cat?post=712932"},{"taxonomy":"product_tag","embeddable":true,"href":"https:\/\/roveyayinevi.com.tr\/index.php\/wp-json\/wp\/v2\/product_tag?post=712932"}],"curies":[{"name":"wp","href":"https:\/\/api.w.org\/{rel}","templated":true}]}}