{"id":712931,"date":"2025-08-27T17:01:53","date_gmt":"2025-08-27T14:01:53","guid":{"rendered":"https:\/\/roveyayinevi.com.tr\/index.php\/urun\/kelebegin-kaderi\/"},"modified":"2026-04-16T02:21:38","modified_gmt":"2026-04-15T23:21:38","slug":"kelebegin-kaderi","status":"publish","type":"product","link":"https:\/\/roveyayinevi.com.tr\/index.php\/urun\/kelebegin-kaderi\/","title":{"rendered":"Kelebe\u011fin Kaderi"},"content":{"rendered":"<p>\u201cBir g\u00fcn, k\u00fc\u00e7\u00fck bir kozada minicik bir delik a\u00e7\u0131ld\u0131. O an kozay\u0131 seyretmekte olan bir adam, bedenini o minicik delikten d\u0131\u015far\u0131ya \u00e7\u0131kartmak i\u00e7in \u00e7abalay\u0131p duran ama onca \u00e7abaya ra\u011fmen bir arpa boyu yol alamayan kelebe\u011fe \u00e7ok ac\u0131y\u0131p yard\u0131m etmeye karar verdi. Kelebe\u011fin kozas\u0131ndaki deli\u011fi geni\u015fleterek i\u00e7inden \u00e7\u0131kmas\u0131n\u0131 sa\u011flad\u0131. Ancak d\u0131\u015far\u0131 \u00e7\u0131kan kelebe\u011fin kanatlar\u0131 bedenine oranla k\u00fc\u00e7\u00fcc\u00fck, kupkuru ve buru\u015f buru\u015ftu. \u015ea\u015f\u0131ran adam, zamanla kelebe\u011fin kanatlar\u0131n\u0131n b\u00fcy\u00fcy\u00fcp geli\u015fece\u011fini umut ederek beklemeye ba\u015flad\u0131. Ama bu hi\u00e7bir zaman ger\u00e7ekle\u015fmedi. \u00c7\u00fcnk\u00fc hayat suyu kelebe\u011fin bedeninden kanatlar\u0131na ancak kozadan \u00e7\u0131kmak i\u00e7in \u00e7abalad\u0131k\u00e7a akabilirdi. Kelebek \u00f6mr\u00fcn\u00fcn geri kalan\u0131n\u0131, u\u00e7ma hayalleri kurarak, kocaman bedeni ve k\u00fc\u00e7\u00fcc\u00fck kanatlar\u0131 ile s\u00fcr\u00fcnerek ge\u00e7irdi. Hi\u00e7 u\u00e7amad\u0131. Adam\u0131n anlayamad\u0131\u011f\u0131, kelebe\u011fin o k\u00fc\u00e7\u00fcc\u00fck delikten d\u0131\u015far\u0131 \u00e7\u0131kmak i\u00e7in verdi\u011fi m\u00fccadelenin asl\u0131nda o kelebek i\u00e7in gerekli oldu\u011fu idi. \u00c7\u00fcnk\u00fc bu, kelebe\u011fin kaderini ger\u00e7ekle\u015ftirebilmesi i\u00e7in, i\u00e7inden ge\u00e7mesi gereken Tanr\u0131\u2019n\u0131n buldu\u011fu bir yoldu!\u201d Ba\u015fak Sayan ilk roman\u0131 Ba\u011flanma Korkusu\u2019nun ard\u0131ndan bu sefer Kelebe\u011fin Kaderi ile okuru spirit\u00fcel bir yolculu\u011fa davet ediyor.  Modern d\u00fcnyan\u0131n kahramanlar\u0131n\u0131n sevmek, sevilmek, ac\u0131 \u00e7ekmek, ihanete u\u011framak ve kendini ke\u015ffedip kaderini ger\u00e7ekle\u015ftirmek yolunda ya\u015fad\u0131klar\u0131 yo\u011fun ve sars\u0131c\u0131 bir macera Kelebe\u011fin Kaderi. Tesad\u00fcflerin hayat\u0131 nas\u0131l y\u00f6netti\u011fi ve asl\u0131nda hi\u00e7bir \u015feyin tesad\u00fcf olmad\u0131\u011f\u0131, her insan\u0131n ve her deneyimin ya\u015fam yolunda bir basamak oldu\u011funa dair epik bir anlat\u0131, bir modern zaman masal\u0131&#8230;   En derin ac\u0131lar\u0131n\u0131za ba\u015fka bir g\u00f6zle bakmaya, t\u00fcm ya\u015fad\u0131klar\u0131n\u0131z\u0131n nedenini ke\u015ffetmeye ve  kozan\u0131zdan \u00e7\u0131kmaya haz\u0131r m\u0131s\u0131n\u0131z?<\/p>\n","protected":false},"excerpt":{"rendered":"<p>\u201cBir g\u00fcn, k\u00fc\u00e7\u00fck bir kozada minicik bir delik a\u00e7\u0131ld\u0131. O an kozay\u0131 seyretmekte olan bir adam, bedenini o minicik delikten d\u0131\u015far\u0131ya \u00e7\u0131kartmak i\u00e7in \u00e7abalay\u0131p duran ama<span class=\"excerpt-hellip\"> [\u2026]<\/span><\/p>\n","protected":false},"featured_media":0,"template":"","meta":{"_monsterinsights_skip_tracking":false,"_monsterinsights_sitenote_active":false,"_monsterinsights_sitenote_note":"","_monsterinsights_sitenote_category":0},"product_brand":[],"product_cat":[12291,12711],"product_tag":[],"class_list":{"0":"post-712931","1":"product","2":"type-product","3":"status-publish","5":"product_cat-edebiyat","6":"product_cat-roman-oyku","7":"pa_cilt-ciltsiz","8":"pa_tur-kitap","9":"pa_yayinevi-inkilap-kitabevi","10":"pa_yazar-basak-sayan","12":"first","13":"instock","14":"sale","15":"shipping-taxable","16":"purchasable","17":"product-type-simple"},"_links":{"self":[{"href":"https:\/\/roveyayinevi.com.tr\/index.php\/wp-json\/wp\/v2\/product\/712931","targetHints":{"allow":["GET"]}}],"collection":[{"href":"https:\/\/roveyayinevi.com.tr\/index.php\/wp-json\/wp\/v2\/product"}],"about":[{"href":"https:\/\/roveyayinevi.com.tr\/index.php\/wp-json\/wp\/v2\/types\/product"}],"wp:attachment":[{"href":"https:\/\/roveyayinevi.com.tr\/index.php\/wp-json\/wp\/v2\/media?parent=712931"}],"wp:term":[{"taxonomy":"product_brand","embeddable":true,"href":"https:\/\/roveyayinevi.com.tr\/index.php\/wp-json\/wp\/v2\/product_brand?post=712931"},{"taxonomy":"product_cat","embeddable":true,"href":"https:\/\/roveyayinevi.com.tr\/index.php\/wp-json\/wp\/v2\/product_cat?post=712931"},{"taxonomy":"product_tag","embeddable":true,"href":"https:\/\/roveyayinevi.com.tr\/index.php\/wp-json\/wp\/v2\/product_tag?post=712931"}],"curies":[{"name":"wp","href":"https:\/\/api.w.org\/{rel}","templated":true}]}}