{"id":712930,"date":"2025-08-27T17:01:52","date_gmt":"2025-08-27T14:01:52","guid":{"rendered":"https:\/\/roveyayinevi.com.tr\/index.php\/urun\/baglanma-korkusu\/"},"modified":"2026-04-16T02:21:38","modified_gmt":"2026-04-15T23:21:38","slug":"baglanma-korkusu","status":"publish","type":"product","link":"https:\/\/roveyayinevi.com.tr\/index.php\/urun\/baglanma-korkusu\/","title":{"rendered":"Ba\u011flanma Korkusu"},"content":{"rendered":"<p>\u0130nsan bir \u00f6m\u00fcr birini bekleyebilir mi? Seni tan\u0131madan \u00f6nce sorulsayd\u0131 bana, hay\u0131r derdim. Ama hayat insan\u0131 hep inanmad\u0131klar\u0131 ile s\u0131narm\u0131\u015f. Seni beklerken sonsuz gelen dakikalar\u0131, saatleri, y\u0131llar\u0131 sayd\u0131m ben tek tek. Kim bilir belki de beni ya\u015fatan beklemekti. Hatta belki a\u015fk dedi\u011fin \u015fey budur; hi\u00e7 gelmeyece\u011fini d\u00fc\u015f\u00fcnd\u00fc\u011f\u00fcn birini beklemekten hi\u00e7 vazge\u00e7memek.  Ba\u015fak Sayan ilk roman\u0131 Ba\u011flanma Korkusu\u2019nda zamana yay\u0131lan b\u00fcy\u00fck bir a\u015fk\u0131 ve sonu\u00e7lar\u0131n\u0131 i\u00e7ten bir dille anlat\u0131yor. A\u015fk\u0131n ve sevmenin ne demek oldu\u011funa, sahip olduklar\u0131m\u0131z\u0131n de\u011ferini ancak onlar\u0131 kaybedince anlad\u0131\u011f\u0131m\u0131za ve  pi\u015fmanl\u0131\u011fa dair destans\u0131 bir roman Ba\u011flanma Korkusu.  Her \u015feyi \u015fimdi anl\u0131yorum. Benim kaderim seni sevmekmi\u015f.  Sadece seni sevmek&#8230; <\/p>\n","protected":false},"excerpt":{"rendered":"<p>\u0130nsan bir \u00f6m\u00fcr birini bekleyebilir mi? Seni tan\u0131madan \u00f6nce sorulsayd\u0131 bana, hay\u0131r derdim. Ama hayat insan\u0131 hep inanmad\u0131klar\u0131 ile s\u0131narm\u0131\u015f. Seni beklerken sonsuz gelen dakikalar\u0131, saatleri,<span class=\"excerpt-hellip\"> [\u2026]<\/span><\/p>\n","protected":false},"featured_media":0,"template":"","meta":{"_monsterinsights_skip_tracking":false,"_monsterinsights_sitenote_active":false,"_monsterinsights_sitenote_note":"","_monsterinsights_sitenote_category":0},"product_brand":[],"product_cat":[12291,12711],"product_tag":[],"class_list":{"0":"post-712930","1":"product","2":"type-product","3":"status-publish","5":"product_cat-edebiyat","6":"product_cat-roman-oyku","7":"pa_cilt-ciltsiz","8":"pa_tur-kitap","9":"pa_yayinevi-inkilap-kitabevi","10":"pa_yazar-basak-sayan","12":"first","13":"instock","14":"sale","15":"shipping-taxable","16":"purchasable","17":"product-type-simple"},"_links":{"self":[{"href":"https:\/\/roveyayinevi.com.tr\/index.php\/wp-json\/wp\/v2\/product\/712930","targetHints":{"allow":["GET"]}}],"collection":[{"href":"https:\/\/roveyayinevi.com.tr\/index.php\/wp-json\/wp\/v2\/product"}],"about":[{"href":"https:\/\/roveyayinevi.com.tr\/index.php\/wp-json\/wp\/v2\/types\/product"}],"wp:attachment":[{"href":"https:\/\/roveyayinevi.com.tr\/index.php\/wp-json\/wp\/v2\/media?parent=712930"}],"wp:term":[{"taxonomy":"product_brand","embeddable":true,"href":"https:\/\/roveyayinevi.com.tr\/index.php\/wp-json\/wp\/v2\/product_brand?post=712930"},{"taxonomy":"product_cat","embeddable":true,"href":"https:\/\/roveyayinevi.com.tr\/index.php\/wp-json\/wp\/v2\/product_cat?post=712930"},{"taxonomy":"product_tag","embeddable":true,"href":"https:\/\/roveyayinevi.com.tr\/index.php\/wp-json\/wp\/v2\/product_tag?post=712930"}],"curies":[{"name":"wp","href":"https:\/\/api.w.org\/{rel}","templated":true}]}}