{"id":712924,"date":"2025-08-27T17:01:48","date_gmt":"2025-08-27T14:01:48","guid":{"rendered":"https:\/\/roveyayinevi.com.tr\/index.php\/urun\/ilmihal-yahut-arzuhal\/"},"modified":"2026-04-16T02:21:38","modified_gmt":"2026-04-15T23:21:38","slug":"ilmihal-yahut-arzuhal","status":"publish","type":"product","link":"https:\/\/roveyayinevi.com.tr\/index.php\/urun\/ilmihal-yahut-arzuhal\/","title":{"rendered":"\u0130lmihal Yahut Arzuhal"},"content":{"rendered":"<p>\u201cAyd\u0131nl\u0131\u011fa ve vuzuha a\u00e7\u0131lan bir kap\u0131, sonsuzlu\u011fa do\u011fru uzanan bir yol, hakikat ve merhamet deryas\u0131na do\u011fru akan bir nehir, g\u00f6\u011fe y\u00fckselen bir mira\u00e7&#8230;Mustafa Kutlu\u2019nun \u0130lmihali\u2019nde (ki y\u0131llar \u00f6nce ilk metinler ortaya \u00e7\u0131kt\u0131\u011f\u0131nda ona birlikte Kutlu \u0130lmihal ad\u0131n\u0131 vermi\u015ftik) y\u00fcksek bir hissiyat\u0131n e\u015flik etti\u011fi bu hikmetli anlat\u0131m edebin ve edebiyat\u0131n, sanat\u0131n imk\u00e2nlar\u0131yla yeni bir bi\u00e7ime ve \u00fcsluba kavu\u015fuyor, ter\u00fctaze yeni bir ihmihal t\u00fcr\u00fcne kanatlan\u0131yor.Yazar metinlerin neredeyse tamam\u0131nda asl\u0131nda kendi tecr\u00fcbelerini, m\u00fc\u015fahedelerini, i\u00e7ten duyduklar\u0131n\u0131, tazarru ve niyazlar\u0131n\u0131, \u0131zd\u0131raplar\u0131n\u0131, zevk ve ac\u0131lar\u0131n\u0131, \u00fcmit ve korkular\u0131n\u0131, r\u00fcya ve hayallerini anlat\u0131yor. Bir dua gibi, bir rahmet seli gibi hik\u00e2ye ediyor. Merhamet, h\u00fcrmet, hizmet s\u00fctunlar\u0131 \u00fczerine y\u00fckselen bir ahl\u00e2k d\u00fcnyas\u0131, bir insanl\u0131k me\u015fheri kuruyor.\u201d- \u0130smail Kara &#8211; <\/p>\n","protected":false},"excerpt":{"rendered":"<p>\u201cAyd\u0131nl\u0131\u011fa ve vuzuha a\u00e7\u0131lan bir kap\u0131, sonsuzlu\u011fa do\u011fru uzanan bir yol, hakikat ve merhamet deryas\u0131na do\u011fru akan bir nehir, g\u00f6\u011fe y\u00fckselen bir mira\u00e7&#8230;Mustafa Kutlu\u2019nun \u0130lmihali\u2019nde (ki<span class=\"excerpt-hellip\"> [\u2026]<\/span><\/p>\n","protected":false},"featured_media":0,"template":"","meta":{"_monsterinsights_skip_tracking":false,"_monsterinsights_sitenote_active":false,"_monsterinsights_sitenote_note":"","_monsterinsights_sitenote_category":0},"product_brand":[],"product_cat":[12777,12291],"product_tag":[],"class_list":{"0":"post-712924","1":"product","2":"type-product","3":"status-publish","5":"product_cat-deneme","6":"product_cat-edebiyat","7":"pa_cilt-ciltsiz","8":"pa_tur-kitap","9":"pa_yayinevi-dergah-yayinlari","10":"pa_yazar-mustafa-kutlu","12":"first","13":"instock","14":"sale","15":"shipping-taxable","16":"purchasable","17":"product-type-simple"},"_links":{"self":[{"href":"https:\/\/roveyayinevi.com.tr\/index.php\/wp-json\/wp\/v2\/product\/712924","targetHints":{"allow":["GET"]}}],"collection":[{"href":"https:\/\/roveyayinevi.com.tr\/index.php\/wp-json\/wp\/v2\/product"}],"about":[{"href":"https:\/\/roveyayinevi.com.tr\/index.php\/wp-json\/wp\/v2\/types\/product"}],"wp:attachment":[{"href":"https:\/\/roveyayinevi.com.tr\/index.php\/wp-json\/wp\/v2\/media?parent=712924"}],"wp:term":[{"taxonomy":"product_brand","embeddable":true,"href":"https:\/\/roveyayinevi.com.tr\/index.php\/wp-json\/wp\/v2\/product_brand?post=712924"},{"taxonomy":"product_cat","embeddable":true,"href":"https:\/\/roveyayinevi.com.tr\/index.php\/wp-json\/wp\/v2\/product_cat?post=712924"},{"taxonomy":"product_tag","embeddable":true,"href":"https:\/\/roveyayinevi.com.tr\/index.php\/wp-json\/wp\/v2\/product_tag?post=712924"}],"curies":[{"name":"wp","href":"https:\/\/api.w.org\/{rel}","templated":true}]}}