{"id":712920,"date":"2025-08-27T17:01:46","date_gmt":"2025-08-27T14:01:46","guid":{"rendered":"https:\/\/roveyayinevi.com.tr\/index.php\/urun\/komitenin-ruhutalat-pasa\/"},"modified":"2026-04-16T02:21:38","modified_gmt":"2026-04-15T23:21:38","slug":"komitenin-ruhutalat-pasa","status":"publish","type":"product","link":"https:\/\/roveyayinevi.com.tr\/index.php\/urun\/komitenin-ruhutalat-pasa\/","title":{"rendered":"Komitenin RuhuTalat Pa\u015fa"},"content":{"rendered":"<p>Talat Pa\u015fa T\u00fcrkiye Cumhuriyeti&#8217;nin labaratuvar\u0131 olarak bilinen II. Me\u015frutiyet d\u00f6neminde ya\u015fam\u0131\u015f &#8220;kurt&#8221; bir siyaset\u00e7i ve etkili bir devlet adam\u0131yd\u0131. O \u0130ttihat ve Terakki Cemiyeti&#8217;nin &#8220;te\u015fkilat\u00e7\u0131&#8221; liderlerinden biriydi. D\u00f6nemin \u0130stanbul&#8217;daki Alman B\u00fcy\u00fckel\u00e7isi  K\u00fchlmann\u2019\u0131n, Talat Pa\u015fa\u2019n\u0131n \u201czay\u0131f taraf\u0131\u201d olarak, onun \u201c\u00e7ok fazla vatanperver olmas\u0131n\u0131\u201d g\u00f6stermesi tart\u0131\u015f\u0131labilir. Zira K\u00fchlmann\u2019a g\u00f6re fazla vatanperver olman\u0131n \u201cd\u00fcnyay\u0131 belli bir yere kadar anlamak\u201d ve \u201colaylar\u0131 tarafs\u0131z bir \u015fekilde analiz edememek\u201d gibi olumsuz bir getirisi vard\u0131.Buna, dar ufuklu ve d\u00fcnyay\u0131 tam olarak anlayamamak da denilebilir. K\u00fchmann\u2019\u0131n bu tesbiti belki \u201cfanatikler\u201d i\u00e7in do\u011fru olabilir ve beraberinde yabanc\u0131 d\u00fc\u015fmanl\u0131\u011f\u0131n\u0131 da getirebilir. Halbuki vatanperver olmak, K\u00fchlmann\u2019\u0131n iddia etti\u011fi gibi her zaman \u201cyabanc\u0131lara \u015f\u00fcphe ile bakmak\u201d ve onlar\u0131 analitik de\u011ferlendirememek ile do\u011frudan ili\u015fkili de\u011fildir. Kanaatimizce Talat Pa\u015fa\u2019n\u0131n vatanperverli\u011fini, onun d\u00fcnyay\u0131 anlayamayacak kadar fanatikli\u011fi ile de\u011fil, s\u00f6m\u00fcrgeci \u00fclkelerin pen\u00e7esinde k\u0131vranan Osmanl\u0131 Devleti\u2019nin i\u00e7inde bulundu\u011fu siyasi ve sosyal yap\u0131s\u0131yla a\u00e7\u0131klamak m\u00fcmk\u00fcnd\u00fcr.Zira \u201chasta adam\u201d \u00f6lmek \u00fczereydi ve hastas\u0131n\u0131 \u00e7ok seven \u201cDr. Talat\u201d onu iyile\u015ftirme sevdas\u0131ndayd\u0131. Bu \u00e7al\u0131\u015fmada Talat Pa\u015fa&#8217;n\u0131n biyografisi d\u0131\u015f\u0131nda \u0130ttihat ve Terakki Cemiyetindeki rol\u00fc, Ermeni Meselesi, Siyonizm ve Masonluk ile ba\u011flat\u0131s\u0131 gibi g\u00fcncel meselelerde ele al\u0131nm\u0131\u015ft\u0131r. Berlin&#8217;de g\u00f6r\u00fclen &#8220;Talat Pa\u015fa Davas\u0131&#8221; da ele al\u0131nan tart\u0131\u015fmal\u0131 konularda bu esere de yer almaktad\u0131r.Bu kitab\u0131 \u00f6nemli ve \u00f6zg\u00fcn k\u0131lan nokta ise, Alman ve T\u00fcrk ar\u015fiv belgelerinin kar\u015f\u0131la\u015ft\u0131rmal\u0131 olarak bir arada de\u011ferlendirilmi\u015f olmas\u0131ndad\u0131r. Dolay\u0131s\u0131yla kullan\u0131lan kaynaklar a\u00e7\u0131s\u0131ndan bak\u0131ld\u0131\u011f\u0131nda, Talat Pa\u015fa&#8217;n\u0131n hayat\u0131 ve siyasi faaliyetleri ile ilgili literat\u00fcrde eksik olan bir taraf\u0131 tamamlayaca\u011f\u0131 kanaatindeyiz. <\/p>\n","protected":false},"excerpt":{"rendered":"<p>Talat Pa\u015fa T\u00fcrkiye Cumhuriyeti&#8217;nin labaratuvar\u0131 olarak bilinen II. Me\u015frutiyet d\u00f6neminde ya\u015fam\u0131\u015f &#8220;kurt&#8221; bir siyaset\u00e7i ve etkili bir devlet adam\u0131yd\u0131. O \u0130ttihat ve Terakki Cemiyeti&#8217;nin &#8220;te\u015fkilat\u00e7\u0131&#8221; liderlerinden<span class=\"excerpt-hellip\"> [\u2026]<\/span><\/p>\n","protected":false},"featured_media":0,"template":"","meta":{"_monsterinsights_skip_tracking":false,"_monsterinsights_sitenote_active":false,"_monsterinsights_sitenote_note":"","_monsterinsights_sitenote_category":0},"product_brand":[],"product_cat":[12370,12304],"product_tag":[],"class_list":{"0":"post-712920","1":"product","2":"type-product","3":"status-publish","5":"product_cat-arastirma-inceleme","6":"product_cat-tarih","7":"pa_cilt-ciltsiz","8":"pa_tur-kitap","9":"pa_yayinevi-yeditepe-yayinevi","10":"pa_yazar-mustafa-colak","12":"first","13":"instock","14":"sale","15":"shipping-taxable","16":"purchasable","17":"product-type-simple"},"_links":{"self":[{"href":"https:\/\/roveyayinevi.com.tr\/index.php\/wp-json\/wp\/v2\/product\/712920","targetHints":{"allow":["GET"]}}],"collection":[{"href":"https:\/\/roveyayinevi.com.tr\/index.php\/wp-json\/wp\/v2\/product"}],"about":[{"href":"https:\/\/roveyayinevi.com.tr\/index.php\/wp-json\/wp\/v2\/types\/product"}],"wp:attachment":[{"href":"https:\/\/roveyayinevi.com.tr\/index.php\/wp-json\/wp\/v2\/media?parent=712920"}],"wp:term":[{"taxonomy":"product_brand","embeddable":true,"href":"https:\/\/roveyayinevi.com.tr\/index.php\/wp-json\/wp\/v2\/product_brand?post=712920"},{"taxonomy":"product_cat","embeddable":true,"href":"https:\/\/roveyayinevi.com.tr\/index.php\/wp-json\/wp\/v2\/product_cat?post=712920"},{"taxonomy":"product_tag","embeddable":true,"href":"https:\/\/roveyayinevi.com.tr\/index.php\/wp-json\/wp\/v2\/product_tag?post=712920"}],"curies":[{"name":"wp","href":"https:\/\/api.w.org\/{rel}","templated":true}]}}