{"id":712919,"date":"2025-08-27T17:01:45","date_gmt":"2025-08-27T14:01:45","guid":{"rendered":"https:\/\/roveyayinevi.com.tr\/index.php\/urun\/dise-dis-ciltli\/"},"modified":"2026-04-16T02:21:38","modified_gmt":"2026-04-15T23:21:38","slug":"dise-dis-ciltli","status":"publish","type":"product","link":"https:\/\/roveyayinevi.com.tr\/index.php\/urun\/dise-dis-ciltli\/","title":{"rendered":"Di\u015fe Di\u015f (Ciltli)"},"content":{"rendered":"<p>Farkl\u0131l\u0131klar\u0131n bir arada var olabilece\u011fini \u00f6\u011freten kitap! \u0130ngiliz yazar ve \u00e7izer David McKee\u2019nin, onlarca farkl\u0131 dile \u00e7evrilerek say\u0131s\u0131z okurla bulu\u015fan resimli kitab\u0131 Di\u015fe Di\u015f, \u015fimdi T\u00fcrk\u00e7ede.Di\u015fe Di\u015f, \u00f6nyarg\u0131, farkl\u0131l\u0131klar, ho\u015fg\u00f6r\u00fc, s\u00fcrd\u00fcr\u00fclebilir bar\u0131\u015f gibi evrensel konulara de\u011finen ironik ve k\u00fclt bir eser.Di\u015fe Di\u015f, vurucu metni ve yal\u0131n \u00e7izgileriyle \u00e7ocuklar\u0131n birlikte var olman\u0131n incelikleri \u00fczerine okuyabilecekleri en g\u00fczel kitaplardan biri.Bir zamanlar, yery\u00fcz\u00fcndeki t\u00fcm filler siyah ya da beyazd\u0131r. Filler b\u00fct\u00fcn canl\u0131lar\u0131 sever, ama birbirlerinden nefret ederler. Ormanda anla\u015fmazl\u0131k ya\u015fayan siyah ve beyaz fillerin \u00e7at\u0131\u015fmalar\u0131 bir s\u00fcre sonra yok edici bir sava\u015fa d\u00f6n\u00fc\u015f\u00fcr. D\u00fcnya \u00fczerinde hi\u00e7 siyah ya da beyaz fil kalmad\u0131\u011f\u0131nda, bar\u0131\u015f yanl\u0131s\u0131 fillerin torunlar\u0131 orman\u0131n derinliklerinden \u00e7\u0131kagelir. \u015ea\u015f\u0131rt\u0131c\u0131 bi\u00e7imde bu filler gridir&#8230;   Sava\u015f ve bar\u0131\u015f kavramlar\u0131n\u0131 irdeleyenZafer Kimin kitab\u0131n\u0131n yan\u0131 s\u0131ra reng\u00e2renk fil Elmer\u2019in maceralar\u0131ndan tan\u0131d\u0131\u011f\u0131m\u0131z d\u00fcnyaca \u00fcnl\u00fc yazar David McKee, birlikte ya\u015fama sanat\u0131 \u00fczerine hi\u00e7 eskimeyen bir hik\u00e2ye anlat\u0131yor. Di\u015fe Di\u015f, \u00e7e\u015fitlili\u011fi ve farkl\u0131 olmay\u0131 y\u00fccelten felsefi \u00f6yk\u00fcs\u00fcyle okurlar\u0131n\u0131 tekrar tekrar d\u00fc\u015f\u00fcnmeye ve hayat\u0131n ger\u00e7eklerini sorgulamaya davet ediyor. <\/p>\n","protected":false},"excerpt":{"rendered":"<p>Farkl\u0131l\u0131klar\u0131n bir arada var olabilece\u011fini \u00f6\u011freten kitap! \u0130ngiliz yazar ve \u00e7izer David McKee\u2019nin, onlarca farkl\u0131 dile \u00e7evrilerek say\u0131s\u0131z okurla bulu\u015fan resimli kitab\u0131 Di\u015fe Di\u015f, \u015fimdi T\u00fcrk\u00e7ede.Di\u015fe<span class=\"excerpt-hellip\"> [\u2026]<\/span><\/p>\n","protected":false},"featured_media":0,"template":"","meta":{"_monsterinsights_skip_tracking":false,"_monsterinsights_sitenote_active":false,"_monsterinsights_sitenote_note":"","_monsterinsights_sitenote_category":0},"product_brand":[],"product_cat":[12274,12284],"product_tag":[],"class_list":{"0":"post-712919","1":"product","2":"type-product","3":"status-publish","5":"product_cat-cocuk-ve-genclik-kitaplari","6":"product_cat-hikayeler","7":"pa_cilt-ciltli","8":"pa_tur-kitap","9":"pa_yayinevi-ucanbalik-yayincilik","10":"pa_yazar-david-mckee","12":"first","13":"instock","14":"sale","15":"shipping-taxable","16":"purchasable","17":"product-type-simple"},"_links":{"self":[{"href":"https:\/\/roveyayinevi.com.tr\/index.php\/wp-json\/wp\/v2\/product\/712919","targetHints":{"allow":["GET"]}}],"collection":[{"href":"https:\/\/roveyayinevi.com.tr\/index.php\/wp-json\/wp\/v2\/product"}],"about":[{"href":"https:\/\/roveyayinevi.com.tr\/index.php\/wp-json\/wp\/v2\/types\/product"}],"wp:attachment":[{"href":"https:\/\/roveyayinevi.com.tr\/index.php\/wp-json\/wp\/v2\/media?parent=712919"}],"wp:term":[{"taxonomy":"product_brand","embeddable":true,"href":"https:\/\/roveyayinevi.com.tr\/index.php\/wp-json\/wp\/v2\/product_brand?post=712919"},{"taxonomy":"product_cat","embeddable":true,"href":"https:\/\/roveyayinevi.com.tr\/index.php\/wp-json\/wp\/v2\/product_cat?post=712919"},{"taxonomy":"product_tag","embeddable":true,"href":"https:\/\/roveyayinevi.com.tr\/index.php\/wp-json\/wp\/v2\/product_tag?post=712919"}],"curies":[{"name":"wp","href":"https:\/\/api.w.org\/{rel}","templated":true}]}}