{"id":712917,"date":"2025-08-27T17:01:44","date_gmt":"2025-08-27T14:01:44","guid":{"rendered":"https:\/\/roveyayinevi.com.tr\/index.php\/urun\/psikanalize-yeni-bir-bakis-freudun-psikanaliz-kuramina-dair-bir-revizyon-onerisi\/"},"modified":"2026-04-16T02:21:38","modified_gmt":"2026-04-15T23:21:38","slug":"psikanalize-yeni-bir-bakis-freudun-psikanaliz-kuramina-dair-bir-revizyon-onerisi","status":"publish","type":"product","link":"https:\/\/roveyayinevi.com.tr\/index.php\/urun\/psikanalize-yeni-bir-bakis-freudun-psikanaliz-kuramina-dair-bir-revizyon-onerisi\/","title":{"rendered":"Psikanalize Yeni Bir Bak\u0131\u015f &#8211; Freud&#8217;un Psikanaliz Kuram\u0131na Dair Bir Revizyon \u00d6nerisi"},"content":{"rendered":"<p>Psikanalizi yap\u0131c\u0131 olarak yenilemek ancak onun olgusal konformizmin (uymac\u0131l\u0131\u011f\u0131n) u\u0308stesinden gelmesi ve yeniden radikal hu\u0308manizm ruhunda ele\u015ftirel ve meydan okuyan bir kuram haline gelmesi \u015fart\u0131yla mu\u0308mku\u0308n olabilir. Psikanalizin revize edilmi\u015f hali bilin\u00e7d\u0131\u015f\u0131n\u0131n yeralt\u0131 du\u0308nyas\u0131n\u0131n daha da derinlerine inmeye devam edecek, insan\u0131 do\u011fru yoldan sapt\u0131ran ve bi\u00e7imsizle\u015ftiren tu\u0308m sosyal du\u0308zenlemelere kar\u015f\u0131 ele\u015ftirel olacak ve insan\u0131n topluma de\u011fil de toplumun insan\u0131n gereksinimlerine uyum sa\u011flamas\u0131na yol a\u00e7acak su\u0308re\u00e7lerle ilgilenecektir. <\/p>\n","protected":false},"excerpt":{"rendered":"<p>Psikanalizi yap\u0131c\u0131 olarak yenilemek ancak onun olgusal konformizmin (uymac\u0131l\u0131\u011f\u0131n) u\u0308stesinden gelmesi ve yeniden radikal hu\u0308manizm ruhunda ele\u015ftirel ve meydan okuyan bir kuram haline gelmesi \u015fart\u0131yla mu\u0308mku\u0308n<span class=\"excerpt-hellip\"> [\u2026]<\/span><\/p>\n","protected":false},"featured_media":0,"template":"","meta":{"_monsterinsights_skip_tracking":false,"_monsterinsights_sitenote_active":false,"_monsterinsights_sitenote_note":"","_monsterinsights_sitenote_category":0},"product_brand":[],"product_cat":[12358,12357],"product_tag":[],"class_list":{"0":"post-712917","1":"product","2":"type-product","3":"status-publish","5":"product_cat-genel-psikoloji","6":"product_cat-psikoloji","7":"pa_cilt-ciltsiz","8":"pa_tur-kitap","9":"pa_yayinevi-say-yayinlari","10":"pa_yazar-erich-fromm","12":"first","13":"instock","14":"sale","15":"shipping-taxable","16":"purchasable","17":"product-type-simple"},"_links":{"self":[{"href":"https:\/\/roveyayinevi.com.tr\/index.php\/wp-json\/wp\/v2\/product\/712917","targetHints":{"allow":["GET"]}}],"collection":[{"href":"https:\/\/roveyayinevi.com.tr\/index.php\/wp-json\/wp\/v2\/product"}],"about":[{"href":"https:\/\/roveyayinevi.com.tr\/index.php\/wp-json\/wp\/v2\/types\/product"}],"wp:attachment":[{"href":"https:\/\/roveyayinevi.com.tr\/index.php\/wp-json\/wp\/v2\/media?parent=712917"}],"wp:term":[{"taxonomy":"product_brand","embeddable":true,"href":"https:\/\/roveyayinevi.com.tr\/index.php\/wp-json\/wp\/v2\/product_brand?post=712917"},{"taxonomy":"product_cat","embeddable":true,"href":"https:\/\/roveyayinevi.com.tr\/index.php\/wp-json\/wp\/v2\/product_cat?post=712917"},{"taxonomy":"product_tag","embeddable":true,"href":"https:\/\/roveyayinevi.com.tr\/index.php\/wp-json\/wp\/v2\/product_tag?post=712917"}],"curies":[{"name":"wp","href":"https:\/\/api.w.org\/{rel}","templated":true}]}}