{"id":712914,"date":"2025-08-27T17:01:42","date_gmt":"2025-08-27T14:01:42","guid":{"rendered":"https:\/\/roveyayinevi.com.tr\/index.php\/urun\/issiz-ev\/"},"modified":"2026-04-16T02:21:38","modified_gmt":"2026-04-15T23:21:38","slug":"issiz-ev","status":"publish","type":"product","link":"https:\/\/roveyayinevi.com.tr\/index.php\/urun\/issiz-ev\/","title":{"rendered":"Iss\u0131z Ev"},"content":{"rendered":"<p>Tek istedi\u011fim, kom\u015fular\u0131m\u0131z tatile gitti\u011finde evlerinde gizlie birka. g\u00fcn ge\u00e7irmekti.Ba\u015far\u0131l\u0131 ve sayg\u0131n bir ceza avukat\u0131 olan yan kom\u015funuz ailecek tatile \u00e7\u0131kmaya haz\u0131rland\u0131klar\u0131 g\u00fcn kar\u0131s\u0131 ve o\u011fluyla evlerinde \u00f6l\u00fc bulunuyor. Hayat\u0131n\u0131z\u0131 zehir edecek, uykular\u0131n\u0131z\u0131 ka\u00e7\u0131racak bir paranoyaya teslim oluyorsunuz: Ya katil yanl\u0131\u015f evi se\u00e7tiyse?Jim Cutter\u2019\u0131n s\u0131radan hayat\u0131 bir g\u00fcn kap\u0131lar\u0131na gelen polisin verdi\u011fi haberle alt\u00fcst olur. Hemen yan\u0131 ba\u015flar\u0131nda i\u015flenen ve g\u00f6r\u00fcn\u00fcrde hi\u00e7bir anlam\u0131 olmayan bu cinayetler, New York\u2019un huzurlu ve sakin kasabas\u0131n\u0131 bir anda s\u0131rlar yuma\u011f\u0131na \u00e7evirir ve herkes karanl\u0131k i\u00e7g\u00fcd\u00fcleriyle hesapla\u015fmak zorunda kal\u0131r. Ancak ne Jim ne de kar\u0131s\u0131, t\u00fcm aile katledildi\u011finde o\u011fullar\u0131n\u0131n o evde oldu\u011funu \u00f6\u011frenmeye haz\u0131rd\u0131rlar.Normal g\u00f6r\u00fcnen birinin akl\u0131n\u0131z\u0131n ucuna bile gelmeyecek kadar korkun\u00e7 tak\u0131nt\u0131lar\u0131 olabilece\u011fini g\u00f6steren m\u00fcthi\u015f bir psikolojik gerilim. <\/p>\n","protected":false},"excerpt":{"rendered":"<p>Tek istedi\u011fim, kom\u015fular\u0131m\u0131z tatile gitti\u011finde evlerinde gizlie birka. g\u00fcn ge\u00e7irmekti.Ba\u015far\u0131l\u0131 ve sayg\u0131n bir ceza avukat\u0131 olan yan kom\u015funuz ailecek tatile \u00e7\u0131kmaya haz\u0131rland\u0131klar\u0131 g\u00fcn kar\u0131s\u0131 ve o\u011fluyla<span class=\"excerpt-hellip\"> [\u2026]<\/span><\/p>\n","protected":false},"featured_media":0,"template":"","meta":{"_monsterinsights_skip_tracking":false,"_monsterinsights_sitenote_active":false,"_monsterinsights_sitenote_note":"","_monsterinsights_sitenote_category":0},"product_brand":[],"product_cat":[12291,17033],"product_tag":[],"class_list":{"0":"post-712914","1":"product","2":"type-product","3":"status-publish","5":"product_cat-edebiyat","6":"product_cat-korku-gerilim","7":"pa_cilt-ciltsiz","8":"pa_tur-kitap","9":"pa_yayinevi-koridor-yayincilik","10":"pa_yazar-linwood-barclay","12":"first","13":"instock","14":"sale","15":"shipping-taxable","16":"purchasable","17":"product-type-simple"},"_links":{"self":[{"href":"https:\/\/roveyayinevi.com.tr\/index.php\/wp-json\/wp\/v2\/product\/712914","targetHints":{"allow":["GET"]}}],"collection":[{"href":"https:\/\/roveyayinevi.com.tr\/index.php\/wp-json\/wp\/v2\/product"}],"about":[{"href":"https:\/\/roveyayinevi.com.tr\/index.php\/wp-json\/wp\/v2\/types\/product"}],"wp:attachment":[{"href":"https:\/\/roveyayinevi.com.tr\/index.php\/wp-json\/wp\/v2\/media?parent=712914"}],"wp:term":[{"taxonomy":"product_brand","embeddable":true,"href":"https:\/\/roveyayinevi.com.tr\/index.php\/wp-json\/wp\/v2\/product_brand?post=712914"},{"taxonomy":"product_cat","embeddable":true,"href":"https:\/\/roveyayinevi.com.tr\/index.php\/wp-json\/wp\/v2\/product_cat?post=712914"},{"taxonomy":"product_tag","embeddable":true,"href":"https:\/\/roveyayinevi.com.tr\/index.php\/wp-json\/wp\/v2\/product_tag?post=712914"}],"curies":[{"name":"wp","href":"https:\/\/api.w.org\/{rel}","templated":true}]}}