{"id":712910,"date":"2025-08-27T17:01:39","date_gmt":"2025-08-27T14:01:39","guid":{"rendered":"https:\/\/roveyayinevi.com.tr\/index.php\/urun\/ucuk-kacik-loretta\/"},"modified":"2026-04-16T02:21:38","modified_gmt":"2026-04-15T23:21:38","slug":"ucuk-kacik-loretta","status":"publish","type":"product","link":"https:\/\/roveyayinevi.com.tr\/index.php\/urun\/ucuk-kacik-loretta\/","title":{"rendered":"U\u00e7uk Ka\u00e7\u0131k Loretta"},"content":{"rendered":"<p>Benim ad\u0131m Kel Kafa, neden b\u00f6yle oldu\u011funu sonra anlataca\u011f\u0131m. Di\u015flek, Kene ve K\u0131v\u0131rc\u0131k isminde \u00fc\u00e7 arkada\u015f\u0131mla beraber banliy\u00f6deki bir sitede oturuyorum ve buran\u0131n d\u00fczenli, sakin havas\u0131 can\u0131ma tak etti. Bu yetmezmi\u015f gibi, bir de her \u015feyime kar\u0131\u015fan annem ve adab\u0131mua\u015feret nutuklar\u0131 var ba\u015f\u0131mda. Neyse ki biti\u015fik eve ta\u015f\u0131nan yeni kom\u015fular\u0131m\u0131z ve k\u0131zlar\u0131 Loretta var. Biraz pasakl\u0131 ve umursamaz ama sonu\u00e7ta, kimse \u00e2\u015f\u0131k olaca\u011f\u0131 ki\u015fiyi se\u00e7emez. U\u00e7uk ka\u00e7\u0131k birisi bu Loretta. Giyimine \u00e7ok \u00f6nem vermiyor, kap\u0131 yerine pencereleri kullan\u0131yor ve bir sirk prensesi olmay\u0131 hayal ediyor\u2026 \ufffcTan\u0131t\u0131m Metni<\/p>\n","protected":false},"excerpt":{"rendered":"<p>Benim ad\u0131m Kel Kafa, neden b\u00f6yle oldu\u011funu sonra anlataca\u011f\u0131m. Di\u015flek, Kene ve K\u0131v\u0131rc\u0131k isminde \u00fc\u00e7 arkada\u015f\u0131mla beraber banliy\u00f6deki bir sitede oturuyorum ve buran\u0131n d\u00fczenli, sakin havas\u0131<span class=\"excerpt-hellip\"> [\u2026]<\/span><\/p>\n","protected":false},"featured_media":0,"template":"","meta":{"_monsterinsights_skip_tracking":false,"_monsterinsights_sitenote_active":false,"_monsterinsights_sitenote_note":"","_monsterinsights_sitenote_category":0},"product_brand":[],"product_cat":[12275,12274],"product_tag":[],"class_list":{"0":"post-712910","1":"product","2":"type-product","3":"status-publish","5":"product_cat-6-12-yas-kitaplari","6":"product_cat-cocuk-ve-genclik-kitaplari","7":"pa_cilt-ciltsiz","8":"pa_tur-kitap","9":"pa_yayinevi-nemesis-kitap","10":"pa_yazar-christine-nostlinger","12":"first","13":"instock","14":"sale","15":"shipping-taxable","16":"purchasable","17":"product-type-simple"},"_links":{"self":[{"href":"https:\/\/roveyayinevi.com.tr\/index.php\/wp-json\/wp\/v2\/product\/712910","targetHints":{"allow":["GET"]}}],"collection":[{"href":"https:\/\/roveyayinevi.com.tr\/index.php\/wp-json\/wp\/v2\/product"}],"about":[{"href":"https:\/\/roveyayinevi.com.tr\/index.php\/wp-json\/wp\/v2\/types\/product"}],"wp:attachment":[{"href":"https:\/\/roveyayinevi.com.tr\/index.php\/wp-json\/wp\/v2\/media?parent=712910"}],"wp:term":[{"taxonomy":"product_brand","embeddable":true,"href":"https:\/\/roveyayinevi.com.tr\/index.php\/wp-json\/wp\/v2\/product_brand?post=712910"},{"taxonomy":"product_cat","embeddable":true,"href":"https:\/\/roveyayinevi.com.tr\/index.php\/wp-json\/wp\/v2\/product_cat?post=712910"},{"taxonomy":"product_tag","embeddable":true,"href":"https:\/\/roveyayinevi.com.tr\/index.php\/wp-json\/wp\/v2\/product_tag?post=712910"}],"curies":[{"name":"wp","href":"https:\/\/api.w.org\/{rel}","templated":true}]}}