{"id":712902,"date":"2025-08-27T17:01:34","date_gmt":"2025-08-27T14:01:34","guid":{"rendered":"https:\/\/roveyayinevi.com.tr\/index.php\/urun\/hayal-terbiyecisi\/"},"modified":"2026-04-16T02:21:37","modified_gmt":"2026-04-15T23:21:37","slug":"hayal-terbiyecisi","status":"publish","type":"product","link":"https:\/\/roveyayinevi.com.tr\/index.php\/urun\/hayal-terbiyecisi\/","title":{"rendered":"Hayal Terbiyecisi"},"content":{"rendered":"<p>Ellerin \u00fc\u015f\u00fcr, birini di\u011feriyle \u0131s\u0131t\u0131rs\u0131n, yaln\u0131zl\u0131k b\u00f6yledir&#8230; \u0130\u00e7inde bir k\u00fc\u00e7\u00fck \u00e7ocuk, hayal kurar, heves kokar nefesi. Kurdu\u011fu her hayal ger\u00e7e\u011fin k\u0131y\u0131lar\u0131na \u00e7arpt\u0131k\u00e7a b\u00fcy\u00fcrs\u00fcn. Sonra yeniden hayal kurars\u0131n, daha sa\u011flam basars\u0131n yere. Ve anlars\u0131n. Umut, onun ac\u0131s\u0131n\u0131 kendi ac\u0131n gibi sahiplenmektir. Umut, hayal k\u0131r\u0131kl\u0131klar\u0131yla d\u00f6\u015feli bir yolda y\u00fcr\u00fcmektir, kursa\u011f\u0131na tak\u0131lan s\u00f6zlerdir, can\u0131n\u0131 yakan ate\u015ftir. Anlars\u0131n, Hayal kurmak ciddi bir i\u015ftir. En \u00e7ok da kendi can\u0131n\u0131 ac\u0131t\u0131r. Sonra kabullenirsin. Sonra yeniden hayal kurars\u0131n. Ac\u0131s\u0131 ge\u00e7er, hat\u0131ras\u0131 kal\u0131r\u2026 \u00c7\u00f6z\u00fclememi\u015f, anla\u015f\u0131lamam\u0131\u015f, ba\u015f edilememi\u015f bir b\u00fcy\u00fck ac\u0131 ve bu ac\u0131yla y\u00fczle\u015fme \u00e7abas\u0131. \u00d6nceleri hayatta kalmaya \u00e7al\u0131\u015fman\u0131n, sonra bu ac\u0131n\u0131n alt\u0131ndaki sevgiyi a\u00e7\u0131\u011fa \u00e7\u0131kar\u0131p daha az ac\u0131 verecek bir hayat kurmaya \u00e7al\u0131\u015fman\u0131n hik\u00e2yesi. Hayal terbiyecili\u011fi ger\u00e7e\u011fin i\u015f\u00e7ili\u011finden ba\u015fka nedir ki? <\/p>\n","protected":false},"excerpt":{"rendered":"<p>Ellerin \u00fc\u015f\u00fcr, birini di\u011feriyle \u0131s\u0131t\u0131rs\u0131n, yaln\u0131zl\u0131k b\u00f6yledir&#8230; \u0130\u00e7inde bir k\u00fc\u00e7\u00fck \u00e7ocuk, hayal kurar, heves kokar nefesi. Kurdu\u011fu her hayal ger\u00e7e\u011fin k\u0131y\u0131lar\u0131na \u00e7arpt\u0131k\u00e7a b\u00fcy\u00fcrs\u00fcn. Sonra yeniden hayal<span class=\"excerpt-hellip\"> [\u2026]<\/span><\/p>\n","protected":false},"featured_media":0,"template":"","meta":{"_monsterinsights_skip_tracking":false,"_monsterinsights_sitenote_active":false,"_monsterinsights_sitenote_note":"","_monsterinsights_sitenote_category":0},"product_brand":[],"product_cat":[12777,12291],"product_tag":[],"class_list":{"0":"post-712902","1":"product","2":"type-product","3":"status-publish","5":"product_cat-deneme","6":"product_cat-edebiyat","7":"pa_cilt-ciltsiz","8":"pa_tur-kitap","9":"pa_yayinevi-hayykitap","10":"pa_yazar-suleyman-kurt","12":"first","13":"instock","14":"sale","15":"shipping-taxable","16":"purchasable","17":"product-type-simple"},"_links":{"self":[{"href":"https:\/\/roveyayinevi.com.tr\/index.php\/wp-json\/wp\/v2\/product\/712902","targetHints":{"allow":["GET"]}}],"collection":[{"href":"https:\/\/roveyayinevi.com.tr\/index.php\/wp-json\/wp\/v2\/product"}],"about":[{"href":"https:\/\/roveyayinevi.com.tr\/index.php\/wp-json\/wp\/v2\/types\/product"}],"wp:attachment":[{"href":"https:\/\/roveyayinevi.com.tr\/index.php\/wp-json\/wp\/v2\/media?parent=712902"}],"wp:term":[{"taxonomy":"product_brand","embeddable":true,"href":"https:\/\/roveyayinevi.com.tr\/index.php\/wp-json\/wp\/v2\/product_brand?post=712902"},{"taxonomy":"product_cat","embeddable":true,"href":"https:\/\/roveyayinevi.com.tr\/index.php\/wp-json\/wp\/v2\/product_cat?post=712902"},{"taxonomy":"product_tag","embeddable":true,"href":"https:\/\/roveyayinevi.com.tr\/index.php\/wp-json\/wp\/v2\/product_tag?post=712902"}],"curies":[{"name":"wp","href":"https:\/\/api.w.org\/{rel}","templated":true}]}}