{"id":712901,"date":"2025-08-27T17:01:33","date_gmt":"2025-08-27T14:01:33","guid":{"rendered":"https:\/\/roveyayinevi.com.tr\/index.php\/urun\/siyah-zulfun-gece-olmus\/"},"modified":"2026-04-16T02:21:37","modified_gmt":"2026-04-15T23:21:37","slug":"siyah-zulfun-gece-olmus","status":"publish","type":"product","link":"https:\/\/roveyayinevi.com.tr\/index.php\/urun\/siyah-zulfun-gece-olmus\/","title":{"rendered":"Siyah Z\u00fclf\u00fcn Gece Olmu\u015f"},"content":{"rendered":"<p>Gece, \u00e2\u015f\u0131klar\u0131n elbisesidir. \u201cSizin i\u00e7in geceyi bir \u00f6rt\u00fc k\u0131ld\u0131m\u201d demi\u015ftir geceyi var eden. Gece, bir s\u00fck\u00fbn ortam\u0131d\u0131r; olu\u015fun ve eri\u015fin mayaland\u0131\u011f\u0131. Gece, tefekk\u00fcr\u00fcn m\u00e2n\u00e2ya kanat a\u00e7t\u0131\u011f\u0131 bir r\u00fbh\u00e2n\u00ee sofrad\u0131r. Bir \u00e2yettir gece, okumas\u0131n\u0131 bilene; sessizli\u011finde kalbinin at\u0131\u015flar\u0131n\u0131 zikrin nefesiyle tutu\u015fturana. Gece, fecrin do\u011fu\u015funa bir haz\u0131rl\u0131kt\u0131r. Bu nedenle yemin edilmi\u015ftir \u201con gece\u201dye. \u201cOn gece\u201dyi b\u00fcr\u00fcyenlere, bu gecelerde y\u00fcr\u00fcyenlere\/y\u00fckselenlere sonunda \u00e2riflik bah\u015fedilmi\u015ftir. Bayram\u0131 g\u00f6renler\/ya\u015fayanlar, gecenin mahremidirler. Gece, gayb\u0131n anahtar\u0131d\u0131r. Gecenin halveti t\u0131pk\u0131 bir deryad\u0131r. Bu deryan\u0131n gavv\u00e2slar\u0131, el de\u011fmemi\u015f nice inci ve mercan \u00e7\u0131kart\u0131rlar bu sahilsiz ummandan. Gece Leyl\u00e2\u2019d\u0131r; Mecn\u00fbn\u2019lara yol a\u00e7an. Leyl\u2019i, Leyl\u00e2 yapan, sevgili k\u0131lan, pe\u015finden ko\u015fturan, akl\u0131 \u00e7elen dalga dalga siyah z\u00fcl\u00fcfleridir. Gece, \u00e2\u015f\u0131klar\u0131n K\u00e2be\u2019sidir. Burada k\u0131l\u0131nan bir namaz, bin namaza\/aya bedeldir. Gece, vuslat saray\u0131d\u0131r, birlik mek\u00e2n\u0131d\u0131r. \u00d6yleyse geceleri uykuyla k\u0131saltma! Bil ki; b\u00fcy\u00fck olu\u015flar\u0131n r\u00fcy\u00e2lar\u0131, geceleri uyan\u0131k durmas\u0131n\u0131 bilenlerin d\u00fcnyalar\u0131na do\u011far. Siyah z\u00fclf\u00fcn\u00fcn a\u015f\u0131\u011f\u0131y\u0131m ey nazl\u0131 gece! Bir r\u00e2yihan\u0131 duyabilmek i\u00e7in s\u00fcrekli k\u0131yamday\u0131m ey gece! Elif\u2019ten vav\u2019a, vav\u2019dann\u00fbn\u2019a \u015fekilden \u015fekildeyim. Duraca\u011f\u0131m\u0131\/durulaca\u011f\u0131m\u0131 sanma ey gece! Hangi \u0131rmak ummana varmadan durulmu\u015f, hangi perv\u00e2ne ate\u015fe d\u00fc\u015fmeden rahat bulmu\u015f? Siyah duva\u011f\u0131n\u0131 kald\u0131rmadan, cem\u00e2lini g\u00f6stermeden, \u201cK\u0101beKavseyn\u201d ka\u015flar\u0131na elimi s\u00fcrmeden feryad\u0131m\u0131\/niy\u00e2z\u0131m\u0131 kesece\u011fimi sanma! G\u00fcnd\u00fcz\u00fcn esaretinden s\u00fck\u00fbnunun\/siyahl\u0131\u011f\u0131n\u0131n \u00f6zg\u00fcrl\u00fc\u011f\u00fcne s\u0131\u011f\u0131nm\u0131\u015f\u0131m ey gece! Ya al kollar\u0131na sustur beni, ya da sessizli\u011fini sonuna kadar a\u00e7! <\/p>\n","protected":false},"excerpt":{"rendered":"<p>Gece, \u00e2\u015f\u0131klar\u0131n elbisesidir. \u201cSizin i\u00e7in geceyi bir \u00f6rt\u00fc k\u0131ld\u0131m\u201d demi\u015ftir geceyi var eden. Gece, bir s\u00fck\u00fbn ortam\u0131d\u0131r; olu\u015fun ve eri\u015fin mayaland\u0131\u011f\u0131. Gece, tefekk\u00fcr\u00fcn m\u00e2n\u00e2ya kanat a\u00e7t\u0131\u011f\u0131<span class=\"excerpt-hellip\"> [\u2026]<\/span><\/p>\n","protected":false},"featured_media":0,"template":"","meta":{"_monsterinsights_skip_tracking":false,"_monsterinsights_sitenote_active":false,"_monsterinsights_sitenote_note":"","_monsterinsights_sitenote_category":0},"product_brand":[],"product_cat":[12718,12719,15238],"product_tag":[],"class_list":{"0":"post-712901","1":"product","2":"type-product","3":"status-publish","5":"product_cat-din","6":"product_cat-islam","7":"product_cat-tasavvuf","8":"pa_cilt-ciltsiz","9":"pa_tur-kitap","10":"pa_yayinevi-hayykitap","11":"pa_yazar-necmettin-sahinler","13":"first","14":"instock","15":"sale","16":"shipping-taxable","17":"purchasable","18":"product-type-simple"},"_links":{"self":[{"href":"https:\/\/roveyayinevi.com.tr\/index.php\/wp-json\/wp\/v2\/product\/712901","targetHints":{"allow":["GET"]}}],"collection":[{"href":"https:\/\/roveyayinevi.com.tr\/index.php\/wp-json\/wp\/v2\/product"}],"about":[{"href":"https:\/\/roveyayinevi.com.tr\/index.php\/wp-json\/wp\/v2\/types\/product"}],"wp:attachment":[{"href":"https:\/\/roveyayinevi.com.tr\/index.php\/wp-json\/wp\/v2\/media?parent=712901"}],"wp:term":[{"taxonomy":"product_brand","embeddable":true,"href":"https:\/\/roveyayinevi.com.tr\/index.php\/wp-json\/wp\/v2\/product_brand?post=712901"},{"taxonomy":"product_cat","embeddable":true,"href":"https:\/\/roveyayinevi.com.tr\/index.php\/wp-json\/wp\/v2\/product_cat?post=712901"},{"taxonomy":"product_tag","embeddable":true,"href":"https:\/\/roveyayinevi.com.tr\/index.php\/wp-json\/wp\/v2\/product_tag?post=712901"}],"curies":[{"name":"wp","href":"https:\/\/api.w.org\/{rel}","templated":true}]}}