{"id":712900,"date":"2025-08-27T17:01:33","date_gmt":"2025-08-27T14:01:33","guid":{"rendered":"https:\/\/roveyayinevi.com.tr\/index.php\/urun\/allah-kimlere-deger-verir\/"},"modified":"2026-04-16T02:21:37","modified_gmt":"2026-04-15T23:21:37","slug":"allah-kimlere-deger-verir","status":"publish","type":"product","link":"https:\/\/roveyayinevi.com.tr\/index.php\/urun\/allah-kimlere-deger-verir\/","title":{"rendered":"Allah Kimlere &#8216;De\u011fer&#8217; Verir?"},"content":{"rendered":"<p>\u00c7a\u011f\u0131n kaotik, ideolojik olarak ba\u011fnaz ve modas\u0131 ge\u00e7mi\u015f fikirlerinin akl\u0131m\u0131z\u0131, modern ahlak\u00ee marazlar\u0131n kalbimizi karartmas\u0131na izin vermemeliyiz. Y\u00fcreklerin kar gibi tertemiz kald\u0131\u011f\u0131 bir halin ve selim ak\u0131l sahibi olman\u0131n yollar\u0131n\u0131 aramal\u0131y\u0131z. Bunu yaparken elbette dairemiz \u0130slam olacakt\u0131r. Duraklama, kriz ve k\u0131r\u0131lmalar ya\u015fayan \u0130slam medeniyeti, ortaya koydu\u011fu evrensel projeyle ve uygulamalarla \u00f6nceki uygarl\u0131klardan farkl\u0131 bir tav\u0131r sergilemi\u015ftir. \u0130slam, b\u00fcnyesinde bulunan t\u00fcm unsurlar i\u00e7in din, dil, \u0131rk, etnik k\u00f6ken ve renk ayr\u0131mlar\u0131n\u0131 kald\u0131ran, erdemli bir toplum ve uygarl\u0131k kuran tevhid medeniyetidir. Evrensel karde\u015fli\u011fe (\u00fcmmete) dayan\u0131r ve her t\u00fcrl\u00fc ayr\u0131mc\u0131 duygu ve d\u00fc\u015f\u00fcnceyi yok eder; farkl\u0131l\u0131k ve \u00fcst\u00fcnl\u00fck, hay\u0131r, rahmet, fazilet ve takvayla ger\u00e7ekle\u015fir. Prof. Dr. Bayram Ali \u00c7etinkaya, okurlar\u0131yla; hikmetten g\u00f6nle giden irfan yolunun engellerinden moderle\u015fmenin t\u00fcketti\u011fi erdem olan samimiyete, kimliksiz ve k\u00f6ks\u00fcz d\u00fc\u011f\u00fcnlerden ailenin iflas\u0131na, Arakanl\u0131 M\u00fcsl\u00fcmanlardan 15 Temmuz \u015fehitlerine, hikmet, irfan, erdem, kimlik ve tevhid \u00fczerine geni\u015f bir yelpazede okurlar\u0131yla sohbet ediyor. Allah&#8217;\u0131n hepimize &#8216;de\u011fer&#8217; vermesi i\u00e7in evrensel tavsiyelerde bulunuyor. H\u00fcrriyeti ana karakteri haline getiren \u0130slam medeniyeti, de\u011ferler \u00fczerine in\u015fa ve ihy\u00e2 olmu\u015f bir medeniyettir. \u0130nsanl\u0131\u011fa ve kendi mensuplar\u0131na (\u00fcmmet) mutluluk ve adalet ta\u015f\u0131yan \u0130slam medeniyeti, erdem ve de\u011ferleri M\u00fcsl\u00fcman olmayan fert ve toplumlara ula\u015ft\u0131rmay\u0131 vazife yapan bir medeniyettir. Bu medeniyetin temsilcileri bilirler ki, de\u011ferler ve faziletler \u00fczerine bina edilmemi\u015f hi\u00e7bir devlet, toplum ve uygarl\u0131k ayakta kalamaz. Bu kitap, \u201cde\u011ferler\u201di kendisine konu\/problem edinmi\u015f bir \u00e7al\u0131\u015fmad\u0131r. De\u011ferler \u00fczerine kaleme al\u0131nm\u0131\u015f denemelerden olu\u015fan eser, erdem ve ahlak\u0131 ya\u015fayan olgu ve olaylar \u00fczerinden yorumlamaya ve a\u00e7\u0131klamaya \u00e7al\u0131\u015fmaktad\u0131r. <\/p>\n","protected":false},"excerpt":{"rendered":"<p>\u00c7a\u011f\u0131n kaotik, ideolojik olarak ba\u011fnaz ve modas\u0131 ge\u00e7mi\u015f fikirlerinin akl\u0131m\u0131z\u0131, modern ahlak\u00ee marazlar\u0131n kalbimizi karartmas\u0131na izin vermemeliyiz. Y\u00fcreklerin kar gibi tertemiz kald\u0131\u011f\u0131 bir halin ve selim<span class=\"excerpt-hellip\"> [\u2026]<\/span><\/p>\n","protected":false},"featured_media":0,"template":"","meta":{"_monsterinsights_skip_tracking":false,"_monsterinsights_sitenote_active":false,"_monsterinsights_sitenote_note":"","_monsterinsights_sitenote_category":0},"product_brand":[],"product_cat":[12718,12719,15238],"product_tag":[],"class_list":{"0":"post-712900","1":"product","2":"type-product","3":"status-publish","5":"product_cat-din","6":"product_cat-islam","7":"product_cat-tasavvuf","8":"pa_cilt-ciltsiz","9":"pa_tur-kitap","10":"pa_yayinevi-hayykitap","11":"pa_yazar-bayram-ali-cetinkaya","13":"first","14":"instock","15":"sale","16":"shipping-taxable","17":"purchasable","18":"product-type-simple"},"_links":{"self":[{"href":"https:\/\/roveyayinevi.com.tr\/index.php\/wp-json\/wp\/v2\/product\/712900","targetHints":{"allow":["GET"]}}],"collection":[{"href":"https:\/\/roveyayinevi.com.tr\/index.php\/wp-json\/wp\/v2\/product"}],"about":[{"href":"https:\/\/roveyayinevi.com.tr\/index.php\/wp-json\/wp\/v2\/types\/product"}],"wp:attachment":[{"href":"https:\/\/roveyayinevi.com.tr\/index.php\/wp-json\/wp\/v2\/media?parent=712900"}],"wp:term":[{"taxonomy":"product_brand","embeddable":true,"href":"https:\/\/roveyayinevi.com.tr\/index.php\/wp-json\/wp\/v2\/product_brand?post=712900"},{"taxonomy":"product_cat","embeddable":true,"href":"https:\/\/roveyayinevi.com.tr\/index.php\/wp-json\/wp\/v2\/product_cat?post=712900"},{"taxonomy":"product_tag","embeddable":true,"href":"https:\/\/roveyayinevi.com.tr\/index.php\/wp-json\/wp\/v2\/product_tag?post=712900"}],"curies":[{"name":"wp","href":"https:\/\/api.w.org\/{rel}","templated":true}]}}