{"id":712899,"date":"2025-08-27T17:01:32","date_gmt":"2025-08-27T14:01:32","guid":{"rendered":"https:\/\/roveyayinevi.com.tr\/index.php\/urun\/neye-benzer-gelecek\/"},"modified":"2026-04-16T02:21:37","modified_gmt":"2026-04-15T23:21:37","slug":"neye-benzer-gelecek","status":"publish","type":"product","link":"https:\/\/roveyayinevi.com.tr\/index.php\/urun\/neye-benzer-gelecek\/","title":{"rendered":"Neye Benzer Gelecek"},"content":{"rendered":"<p>Gelece\u011fi merak eden \u00e7ocuklar\u0131n ba\u015fucu kitab\u0131! M\u00fczikal diliyle Frans\u0131z \u00e7ocuk edebiyat\u0131na yeni bir \u00fcslup getiren Olivier de Solminihac imzal\u0131 Neye Benzer Gelecek, b\u00fcy\u00fcrken bol bol soru soran ve her yerde yan\u0131t arayan k\u00fc\u00e7\u00fck okurlara yol g\u00f6sterecek k\u0131sa bir roman.8 ya\u015f ve \u00fczeri kitapseverlerin ilk okuma k\u00fct\u00fcphanelerini zenginle\u015ftirecek Neye Benzer Gelecek, \u201cBen kimim?\u201d, \u201cGelece\u011fim nas\u0131l olacak?\u201d gibi sorular \u00fczerine d\u00fc\u015f\u00fcnen Lukas ad\u0131ndaki k\u00fc\u00e7\u00fck bir kurdun kendini ke\u015fif ser\u00fcvenini anlat\u0131yor.Junko Nakamura\u2019n\u0131n \u00f6zg\u00fcn resimleriyle renklenen Neye Benzer Gelecek, \u00e7ocuklar\u0131 soru sormaya, d\u00fc\u015f\u00fcnmeye ve farkl\u0131 g\u00f6r\u00fc\u015fleri dinleyip kendi yolunu \u00e7izmeye cesaretlendiriyor.Lukas, 8. ya\u015f g\u00fcn\u00fcn\u00fc kutlayan merakl\u0131 bir kurttur. Do\u011fum g\u00fcn\u00fc partisinin ak\u015fam\u0131nda akl\u0131na, kim oldu\u011fu ve gelece\u011finin nas\u0131l olaca\u011f\u0131na dair \u00e7e\u015fitli sorular tak\u0131l\u0131r. Sorular \u00fczerine d\u00fc\u015f\u00fcn\u00fcp dururken ormanda k\u0131sa bir y\u00fcr\u00fcy\u00fc\u015fe \u00e7\u0131kar. Yol boyunca astrolog bir kuzu, toplumbilimci bir tilki ve bir grup k\u00f6t\u00fcmser bayku\u015fla kar\u015f\u0131la\u015f\u0131r. Kafas\u0131ndaki sorular\u0131 onlarla payla\u015f\u0131p kar\u015f\u0131l\u0131\u011f\u0131nda bamba\u015fka yan\u0131tlar al\u0131nca akl\u0131 iyice kar\u0131\u015f\u0131r. Gecenin sonunda bir yerde uyuyakal\u0131r. Sabah uyand\u0131\u011f\u0131nda, aniden kar\u015f\u0131s\u0131nda beliren bir k\u00f6stebek, \u00e7ok ge\u00e7meden Lukas\u2019\u0131n ger\u00e7ekleri ke\u015ffetmesini sa\u011flar. Asl\u0131nda hi\u00e7 kimse gelece\u011fi g\u00f6remez. Kim bilir yar\u0131n ne olacak? Kim bilir bug\u00fcn ne olacak?.. Gelecek ile ilgili zihinleri kurcalayan sorulara a\u00e7\u0131kl\u0131k getiren bu d\u00fc\u015f\u00fcnd\u00fcr\u00fcc\u00fc kitap, b\u00fcy\u00fcy\u00fcnce ne yapmak istedi\u011fini ya da nas\u0131l bir insan olmak istedi\u011fini anlamaya \u00e7al\u0131\u015fan miniklerin yolunu ayd\u0131nlat\u0131yor. \u00c7ocuklar\u0131n d\u00fc\u015f\u00fcnsel geli\u015fimlerine katk\u0131 sa\u011flayacak felsefi bir \u00f6yk\u00fc anlatan Neye Benzer Gelecek, gelece\u011fin ki\u015finin kendi emekleriyle ve kararlar\u0131yla \u015fekillenecek bembeyaz bir sayfa oldu\u011funu an\u0131msat\u0131yor. <\/p>\n","protected":false},"excerpt":{"rendered":"<p>Gelece\u011fi merak eden \u00e7ocuklar\u0131n ba\u015fucu kitab\u0131! M\u00fczikal diliyle Frans\u0131z \u00e7ocuk edebiyat\u0131na yeni bir \u00fcslup getiren Olivier de Solminihac imzal\u0131 Neye Benzer Gelecek, b\u00fcy\u00fcrken bol bol soru<span class=\"excerpt-hellip\"> [\u2026]<\/span><\/p>\n","protected":false},"featured_media":0,"template":"","meta":{"_monsterinsights_skip_tracking":false,"_monsterinsights_sitenote_active":false,"_monsterinsights_sitenote_note":"","_monsterinsights_sitenote_category":0},"product_brand":[],"product_cat":[12275,12274],"product_tag":[],"class_list":{"0":"post-712899","1":"product","2":"type-product","3":"status-publish","5":"product_cat-6-12-yas-kitaplari","6":"product_cat-cocuk-ve-genclik-kitaplari","7":"pa_cilt-ciltsiz","8":"pa_tur-kitap","9":"pa_yayinevi-tudem-yayinlari","10":"pa_yazar-olivier-de-solminihac","12":"first","13":"instock","14":"sale","15":"shipping-taxable","16":"purchasable","17":"product-type-simple"},"_links":{"self":[{"href":"https:\/\/roveyayinevi.com.tr\/index.php\/wp-json\/wp\/v2\/product\/712899","targetHints":{"allow":["GET"]}}],"collection":[{"href":"https:\/\/roveyayinevi.com.tr\/index.php\/wp-json\/wp\/v2\/product"}],"about":[{"href":"https:\/\/roveyayinevi.com.tr\/index.php\/wp-json\/wp\/v2\/types\/product"}],"wp:attachment":[{"href":"https:\/\/roveyayinevi.com.tr\/index.php\/wp-json\/wp\/v2\/media?parent=712899"}],"wp:term":[{"taxonomy":"product_brand","embeddable":true,"href":"https:\/\/roveyayinevi.com.tr\/index.php\/wp-json\/wp\/v2\/product_brand?post=712899"},{"taxonomy":"product_cat","embeddable":true,"href":"https:\/\/roveyayinevi.com.tr\/index.php\/wp-json\/wp\/v2\/product_cat?post=712899"},{"taxonomy":"product_tag","embeddable":true,"href":"https:\/\/roveyayinevi.com.tr\/index.php\/wp-json\/wp\/v2\/product_tag?post=712899"}],"curies":[{"name":"wp","href":"https:\/\/api.w.org\/{rel}","templated":true}]}}