{"id":712898,"date":"2025-08-27T17:01:31","date_gmt":"2025-08-27T14:01:31","guid":{"rendered":"https:\/\/roveyayinevi.com.tr\/index.php\/urun\/curuk-visne-i\/"},"modified":"2026-04-03T02:27:20","modified_gmt":"2026-04-02T23:27:20","slug":"curuk-visne-i","status":"publish","type":"product","link":"https:\/\/roveyayinevi.com.tr\/index.php\/urun\/curuk-visne-i\/","title":{"rendered":"\u00c7\u00fcr\u00fck Vi\u015fne I"},"content":{"rendered":"<p>Wattpad fenomeni Emine Tavuz\u2019dan Esila, kirpik u\u00e7lar\u0131ndan dudaklar\u0131ndaki tebess\u00fcme kadar ac\u0131dan yo\u011frulmu\u015f bir k\u0131zd\u0131. Bedenine at\u0131lan darbeler ruhunda \u00e7ok b\u00fcy\u00fck yaralar a\u00e7m\u0131\u015ft\u0131. S\u00f6m\u00fcr\u00fclecek tek bir yeri bile kalmad\u0131\u011f\u0131 halde bu eziyeti \u00e7ekmek zorundayd\u0131. Ta ki Asr\u0131n\u2019a  kadar.  Asr\u0131n, gen\u00e7 k\u0131z\u0131n s\u0131k\u0131\u015f\u0131p kald\u0131\u011f\u0131 bu kapanda \u00e7aresizce att\u0131\u011f\u0131 sessiz \u00e7\u0131\u011fl\u0131klar\u0131n\u0131 i\u015fitmi\u015fti. Fakat bir sorun vard\u0131. Gen\u00e7 adam yaral\u0131 bir aslan gibiydi; sert, h\u0131r\u00e7\u0131n ve etraf\u0131 duvarlarla kapl\u0131. Esila, onunla tan\u0131\u015ft\u0131\u011f\u0131nda ruhuna daha fazla ac\u0131 bula\u015ft\u0131racakt\u0131 belki de ama tek bir an bile pi\u015fman olmayacakt\u0131. \u00c7\u00fcnk\u00fc ge\u00e7mi\u015fin, s\u0131rtlar\u0131nda a\u00e7t\u0131\u011f\u0131 yaralar\u0131 kopar\u0131p atmak o kadar kolay olmasa da ikisi de yaln\u0131zca birbirleri sayesinde iyile\u015febileceklerini fark ettiklerinde, bolca ac\u0131 vaat eden hastal\u0131kl\u0131 bir ili\u015fkinin temelleri \u00e7oktan at\u0131lm\u0131\u015ft\u0131.  Bitti sand\u0131klar\u0131 yerden ba\u015flayan, ba\u015flad\u0131\u011f\u0131nda \u00e7o\u011falan, \u00e7o\u011fald\u0131k\u00e7a \u015fiddetlenen bu yang\u0131n onlar\u0131n hem kurtulu\u015flar\u0131 hem de biti\u015fleri olacakt\u0131. \u201cKurtar\u0131lmaya ihtiyac\u0131m\u0131z var. Asr\u0131n <\/p>\n","protected":false},"excerpt":{"rendered":"<p>Wattpad fenomeni Emine Tavuz\u2019dan Esila, kirpik u\u00e7lar\u0131ndan dudaklar\u0131ndaki tebess\u00fcme kadar ac\u0131dan yo\u011frulmu\u015f bir k\u0131zd\u0131. Bedenine at\u0131lan darbeler ruhunda \u00e7ok b\u00fcy\u00fck yaralar a\u00e7m\u0131\u015ft\u0131. S\u00f6m\u00fcr\u00fclecek tek bir yeri<span class=\"excerpt-hellip\"> [\u2026]<\/span><\/p>\n","protected":false},"featured_media":0,"template":"","meta":{"_monsterinsights_skip_tracking":false,"_monsterinsights_sitenote_active":false,"_monsterinsights_sitenote_note":"","_monsterinsights_sitenote_category":0},"product_brand":[],"product_cat":[12291,12711],"product_tag":[],"class_list":{"0":"post-712898","1":"product","2":"type-product","3":"status-publish","5":"product_cat-edebiyat","6":"product_cat-roman-oyku","7":"pa_cilt-ciltsiz","8":"pa_tur-kitap","9":"pa_yayinevi-epsilon-yayinlari","10":"pa_yazar-emine-tavuz","12":"first","13":"instock","14":"sale","15":"shipping-taxable","16":"purchasable","17":"product-type-simple"},"_links":{"self":[{"href":"https:\/\/roveyayinevi.com.tr\/index.php\/wp-json\/wp\/v2\/product\/712898","targetHints":{"allow":["GET"]}}],"collection":[{"href":"https:\/\/roveyayinevi.com.tr\/index.php\/wp-json\/wp\/v2\/product"}],"about":[{"href":"https:\/\/roveyayinevi.com.tr\/index.php\/wp-json\/wp\/v2\/types\/product"}],"wp:attachment":[{"href":"https:\/\/roveyayinevi.com.tr\/index.php\/wp-json\/wp\/v2\/media?parent=712898"}],"wp:term":[{"taxonomy":"product_brand","embeddable":true,"href":"https:\/\/roveyayinevi.com.tr\/index.php\/wp-json\/wp\/v2\/product_brand?post=712898"},{"taxonomy":"product_cat","embeddable":true,"href":"https:\/\/roveyayinevi.com.tr\/index.php\/wp-json\/wp\/v2\/product_cat?post=712898"},{"taxonomy":"product_tag","embeddable":true,"href":"https:\/\/roveyayinevi.com.tr\/index.php\/wp-json\/wp\/v2\/product_tag?post=712898"}],"curies":[{"name":"wp","href":"https:\/\/api.w.org\/{rel}","templated":true}]}}