{"id":712897,"date":"2025-08-27T17:01:31","date_gmt":"2025-08-27T14:01:31","guid":{"rendered":"https:\/\/roveyayinevi.com.tr\/index.php\/urun\/vahsi-kartlar-iii-vahsi-jokerler\/"},"modified":"2026-04-16T02:21:37","modified_gmt":"2026-04-15T23:21:37","slug":"vahsi-kartlar-iii-vahsi-jokerler","status":"publish","type":"product","link":"https:\/\/roveyayinevi.com.tr\/index.php\/urun\/vahsi-kartlar-iii-vahsi-jokerler\/","title":{"rendered":"Vah\u015fi Kartlar III: Vah\u015fi Jokerler"},"content":{"rendered":"<p>T\u00fcm d\u00fcnyada milyon satm\u0131\u015f Buz ve Ate\u015fin \u015eark\u0131s\u0131 serisinin yazar\u0131ndan! \u201cOrtak bir d\u00fcnyan\u0131n kullan\u0131ld\u0131\u011f\u0131 kitaplar aras\u0131nda en \u00f6zg\u00fcn\u00fc ve en k\u0131\u015fk\u0131rt\u0131c\u0131 olan\u0131.\u201dPeter. S. Beagle Mr. Robot ve The Magicians dizilerini ekranlara ta\u015f\u0131yan ekip taraf\u0131ndan televizyon haklar\u0131 sat\u0131n al\u0131nan Vah\u015fi Kartlar\u2019\u0131n \u00fc\u00e7\u00fcnc\u00fc cildini sizlere sunmaktan gurur duyuyoruz. 15 Eyl\u00fcl, 1946\u2019da, Vah\u015fi Kart vir\u00fcs\u00fc d\u00fcnyaya yay\u0131ld\u0131 ve bir\u00e7ok ki\u015finin mutasyona u\u011framas\u0131na neden oldu. \u201cAslar\u201d ola\u011fan\u00fcst\u00fc yeteneklere sahip olurken, \u201cJokerler\u201d tuhaf, zihinsel ve fiziksel engellerle lanetlendiler. 15 Eyl\u00fcl, art\u0131k Vah\u015fi Kart G\u00fcn\u00fc olarak kutlan\u0131yordu. Her ge\u00e7en y\u0131lda kutlamalar daha da b\u00fcy\u00fcmekteydi. Vir\u00fcs\u00fcn yay\u0131lmas\u0131n\u0131n k\u0131rk\u0131nc\u0131 y\u0131ld\u00f6n\u00fcm\u00fcnde, 1986\u2019da yap\u0131lacak Vah\u015fi Kart G\u00fcn\u00fc ise \u015fimdiye kadar yap\u0131lan en b\u00fcy\u00fck kutlama olaca\u011fa benziyordu. Ancak \u015feytani ve kudretli bir dehaya sahip G\u00f6kbilimci\u2019nin Vah\u015fi Kart G\u00fcn\u00fc i\u00e7in ba\u015fka planlar\u0131 vard\u0131. Bug\u00fcn, ona kar\u015f\u0131 gelen herkesten intikam\u0131n\u0131 alacakt\u0131. \u0130lk olarak 1987\u2019de yay\u0131mlanmaya ba\u015flayan Vah\u015fi Kartlar efsanesi, George R. R. Martin\u2019in edit\u00f6rl\u00fc\u011f\u00fcn\u00fc yapt\u0131\u011f\u0131 t\u00fcr\u00fcn \u00fcnl\u00fc yazarlar\u0131 ve bizzat George R. R. Martin\u2019in \u00f6yk\u00fcleriyle belli bir ak\u0131\u015f ve kurgu i\u00e7erisinde meydana getirdi\u011fi bir \u201cmozaik roman\u201d. <\/p>\n","protected":false},"excerpt":{"rendered":"<p>T\u00fcm d\u00fcnyada milyon satm\u0131\u015f Buz ve Ate\u015fin \u015eark\u0131s\u0131 serisinin yazar\u0131ndan! \u201cOrtak bir d\u00fcnyan\u0131n kullan\u0131ld\u0131\u011f\u0131 kitaplar aras\u0131nda en \u00f6zg\u00fcn\u00fc ve en k\u0131\u015fk\u0131rt\u0131c\u0131 olan\u0131.\u201dPeter. S. Beagle Mr. Robot<span class=\"excerpt-hellip\"> [\u2026]<\/span><\/p>\n","protected":false},"featured_media":0,"template":"","meta":{"_monsterinsights_skip_tracking":false,"_monsterinsights_sitenote_active":false,"_monsterinsights_sitenote_note":"","_monsterinsights_sitenote_category":0},"product_brand":[],"product_cat":[12291,14777],"product_tag":[],"class_list":{"0":"post-712897","1":"product","2":"type-product","3":"status-publish","5":"product_cat-edebiyat","6":"product_cat-fantastik","7":"pa_cilt-ciltsiz","8":"pa_tur-kitap","9":"pa_yayinevi-epsilon-yayinlari","10":"pa_yazar-george-r-r-martin","12":"first","13":"instock","14":"sale","15":"shipping-taxable","16":"purchasable","17":"product-type-simple"},"_links":{"self":[{"href":"https:\/\/roveyayinevi.com.tr\/index.php\/wp-json\/wp\/v2\/product\/712897","targetHints":{"allow":["GET"]}}],"collection":[{"href":"https:\/\/roveyayinevi.com.tr\/index.php\/wp-json\/wp\/v2\/product"}],"about":[{"href":"https:\/\/roveyayinevi.com.tr\/index.php\/wp-json\/wp\/v2\/types\/product"}],"wp:attachment":[{"href":"https:\/\/roveyayinevi.com.tr\/index.php\/wp-json\/wp\/v2\/media?parent=712897"}],"wp:term":[{"taxonomy":"product_brand","embeddable":true,"href":"https:\/\/roveyayinevi.com.tr\/index.php\/wp-json\/wp\/v2\/product_brand?post=712897"},{"taxonomy":"product_cat","embeddable":true,"href":"https:\/\/roveyayinevi.com.tr\/index.php\/wp-json\/wp\/v2\/product_cat?post=712897"},{"taxonomy":"product_tag","embeddable":true,"href":"https:\/\/roveyayinevi.com.tr\/index.php\/wp-json\/wp\/v2\/product_tag?post=712897"}],"curies":[{"name":"wp","href":"https:\/\/api.w.org\/{rel}","templated":true}]}}