{"id":712896,"date":"2025-08-27T17:01:30","date_gmt":"2025-08-27T14:01:30","guid":{"rendered":"https:\/\/roveyayinevi.com.tr\/index.php\/urun\/barisbaz-kozalak-savaslari\/"},"modified":"2026-04-16T02:21:37","modified_gmt":"2026-04-15T23:21:37","slug":"barisbaz-kozalak-savaslari","status":"publish","type":"product","link":"https:\/\/roveyayinevi.com.tr\/index.php\/urun\/barisbaz-kozalak-savaslari\/","title":{"rendered":"Bar\u0131\u015fbaz: Kozalak Sava\u015flar\u0131"},"content":{"rendered":"<p>\u201cBen kitap okumay\u0131 sevmem!\u201d mi diyordun? Art\u0131k bahanen kalmad\u0131. BARI\u015eBAZ; kitaplarla aras\u0131 hi\u00e7 iyi olmayanlar\u0131n bile fikrini de\u011fi\u015ftiriyor. Bu kitab\u0131 eline alan her \u00e7ocuk bir g\u00fcnde bitiriyor. Anne babalar bile \u015fa\u015f\u0131r\u0131yorlar, \u201cKimmi\u015f bu Bar\u0131\u015fbaz?\u201d diye. Bu renkli d\u00fcnyaya bir giren bir daha \u00e7\u0131kmak istemiyor. Tabii maceran\u0131n devam\u0131n\u0131 da merak ediyor. Elbette macera devam edecek. Bar\u0131\u015fbaz da bunu her \u015feyden \u00e7ok istiyor! Ve bu arada diyor ki: \u201cHer \u015feye mutlaka bir \u00e7ocuk eli de\u011fmeli!\u201d Sen ne dersin? <\/p>\n","protected":false},"excerpt":{"rendered":"<p>\u201cBen kitap okumay\u0131 sevmem!\u201d mi diyordun? Art\u0131k bahanen kalmad\u0131. BARI\u015eBAZ; kitaplarla aras\u0131 hi\u00e7 iyi olmayanlar\u0131n bile fikrini de\u011fi\u015ftiriyor. Bu kitab\u0131 eline alan her \u00e7ocuk bir g\u00fcnde<span class=\"excerpt-hellip\"> [\u2026]<\/span><\/p>\n","protected":false},"featured_media":0,"template":"","meta":{"_monsterinsights_skip_tracking":false,"_monsterinsights_sitenote_active":false,"_monsterinsights_sitenote_note":"","_monsterinsights_sitenote_category":0},"product_brand":[],"product_cat":[12689,12274],"product_tag":[],"class_list":{"0":"post-712896","1":"product","2":"type-product","3":"status-publish","5":"product_cat-cizgi-roman-cocuk-ve-genclik-kitaplari","6":"product_cat-cocuk-ve-genclik-kitaplari","7":"pa_cilt-ciltli","8":"pa_tur-kitap","9":"pa_yayinevi-epsilon-yayinlari","10":"pa_yazar-atilla-baran","12":"first","13":"instock","14":"sale","15":"shipping-taxable","16":"purchasable","17":"product-type-simple"},"_links":{"self":[{"href":"https:\/\/roveyayinevi.com.tr\/index.php\/wp-json\/wp\/v2\/product\/712896","targetHints":{"allow":["GET"]}}],"collection":[{"href":"https:\/\/roveyayinevi.com.tr\/index.php\/wp-json\/wp\/v2\/product"}],"about":[{"href":"https:\/\/roveyayinevi.com.tr\/index.php\/wp-json\/wp\/v2\/types\/product"}],"wp:attachment":[{"href":"https:\/\/roveyayinevi.com.tr\/index.php\/wp-json\/wp\/v2\/media?parent=712896"}],"wp:term":[{"taxonomy":"product_brand","embeddable":true,"href":"https:\/\/roveyayinevi.com.tr\/index.php\/wp-json\/wp\/v2\/product_brand?post=712896"},{"taxonomy":"product_cat","embeddable":true,"href":"https:\/\/roveyayinevi.com.tr\/index.php\/wp-json\/wp\/v2\/product_cat?post=712896"},{"taxonomy":"product_tag","embeddable":true,"href":"https:\/\/roveyayinevi.com.tr\/index.php\/wp-json\/wp\/v2\/product_tag?post=712896"}],"curies":[{"name":"wp","href":"https:\/\/api.w.org\/{rel}","templated":true}]}}