{"id":712895,"date":"2025-08-27T17:01:29","date_gmt":"2025-08-27T14:01:29","guid":{"rendered":"https:\/\/roveyayinevi.com.tr\/index.php\/urun\/klinik-uygulamada-bilissel-davranisci-terapi-depresyon\/"},"modified":"2026-04-16T02:21:37","modified_gmt":"2026-04-15T23:21:37","slug":"klinik-uygulamada-bilissel-davranisci-terapi-depresyon","status":"publish","type":"product","link":"https:\/\/roveyayinevi.com.tr\/index.php\/urun\/klinik-uygulamada-bilissel-davranisci-terapi-depresyon\/","title":{"rendered":"Klinik Uygulamada Bili\u015fsel-Davran\u0131\u015f\u00e7\u0131 Terapi: Depresyon"},"content":{"rendered":"<p>\u201cBili\u015fsel Terapi\u2019nin depresyon tedavisine entegresini anla\u015f\u0131l\u0131r bir dille ve detayl\u0131 bir \u015fekilde a\u00e7\u0131klayan bu kitap ruh sa\u011fl\u0131\u011f\u0131 bilimi ad\u0131na b\u00fcy\u00fck bir de\u011fer arz etmektedir. Hayat ak\u0131\u015f\u0131nda bir\u00e7o\u011fumuzun ge\u00e7irebilece\u011fi bu s\u00fcrece yard\u0131mc\u0131, depresyon ya\u015famam\u0131\u015f ki\u015filer i\u00e7inse bilgilendirici niteliktedir. Sadece klinisyenlerin de\u011fil, hastalar\u0131n da rehberi olabilecek bu kitap, ba\u015fucumuzda bir terapist. Bilim d\u00fcnyas\u0131na kazand\u0131r\u0131lan bu kitap i\u00e7in Dr. Hakan T\u00fcrk\u00e7apar\u2019a te\u015fekk\u00fcr ederim.\u201d DR. EMEL STROUP, ABPP, ACT, CBT \u0130stanbul\u201cKlinik Uygulamada Bili\u015fsel-Davran\u0131\u015f\u00e7\u0131 Terapi: Depresyon\u201d ad\u0131n\u0131 ta\u015f\u0131yan bu kitap Bili\u015fsel Terapi alan\u0131nda temel bilgilere sahip ve bu terapiyi uygulamaya \u00e7al\u0131\u015fan profesyonellere yard\u0131mc\u0131 olmay\u0131 ama\u00e7l\u0131yor. Kitab\u0131n i\u00e7eri\u011fini, klinisyenlerin en \u00e7ok kar\u015f\u0131la\u015ft\u0131klar\u0131 rahats\u0131zl\u0131klardan olan depresyonun Bili\u015fsel-Davran\u0131\u015f\u00e7\u0131 tedavisi olu\u015fturuyor. Kitap, depresyonun genel tan\u0131m\u0131, klinik \u00f6zellikleri, Bili\u015fsel-Davran\u0131\u015f\u00e7\u0131 modeli, Bili\u015fsel-Davran\u0131\u015f\u00e7\u0131 Terapi\u2019nin depresyon tedavisinde kullan\u0131m\u0131na ili\u015fkin klinik \u00e7al\u0131\u015fmalar ve ard\u0131ndan depresyona \u00f6zg\u00fc Bili\u015fsel-Davran\u0131\u015f\u00e7\u0131 Tedavi protokol\u00fcn\u00fcn detayl\u0131 ve uygulamaya d\u00f6n\u00fck bi\u00e7imde aktar\u0131lmas\u0131 ve uygulamay\u0131 \u00f6rnekleyen terapi g\u00f6r\u00fc\u015fmelerinden olu\u015fuyor. \u00d6rnek g\u00f6r\u00fc\u015fmelerin b\u00fcy\u00fck \u00e7o\u011funlu\u011fu ger\u00e7ek hastalarla yap\u0131lan g\u00f6r\u00fc\u015fmelerin ki\u015fisel detaylar de\u011fi\u015ftirilerek d\u00f6n\u00fc\u015ft\u00fcr\u00fclmesiyle olu\u015furken, baz\u0131lar\u0131 da bu konudaki klasik uygulama ve g\u00f6r\u00fc\u015fme \u00f6rneklerinden yararlanarak haz\u0131rlanm\u0131\u015f kurgusal metinlerdir. Kitap, Bili\u015f\u00e7i-Davran\u0131\u015f\u00e7\u0131 Terapi\u2019nin depresyona ili\u015fkin uygulamalar\u0131n\u0131n zeminini olu\u015fturan kuramsal bilgileri de i\u00e7eriyor. Bu b\u00f6l\u00fcmde klinisyenlerin depresyona ili\u015fkin \u00f6nemli ilke ve kavramlar\u0131n\u0131 tekrar g\u00f6zden ge\u00e7irmeleri ama\u00e7lan\u0131yor. Psikoterapi alan\u0131 ne yaz\u0131k ki bilim d\u0131\u015f\u0131 uygulamalar\u0131n i\u00e7ine s\u0131zmas\u0131na olduk\u00e7a elveri\u015fli bir aland\u0131r. Oysa Bili\u015fsel-Davran\u0131\u015f\u00e7\u0131 Terapi tamam\u0131yla deneysel bir bilim olan bili\u015fsel psikoloji ve davran\u0131\u015f bilimi ilkelerine dayan\u0131r. Bu temel bilgilerin \u00fczerine kapsaml\u0131 bir psikopatoloji bilgisinin eklenmesiyle iyi bir Bili\u015fsel-Davran\u0131\u015f\u00e7\u0131 Terapist\u2019in sahip olmas\u0131 gereken kuramsal zemin olu\u015fur. B\u00fct\u00fcn kitap boyunca ana hedef, Bili\u015fsel-Davran\u0131\u015f\u00e7\u0131 Terapi\u2019nin yal\u0131n, a\u00e7\u0131k, anla\u015f\u0131l\u0131r, bilimsel verilere dayanan bi\u00e7emini buna uygun bi\u00e7imde aktarmaya \u00e7al\u0131\u015fmak olmu\u015ftur. Elinizde tuttu\u011funuz bu yenilenmi\u015f bask\u0131da hemen b\u00fct\u00fcn b\u00f6l\u00fcmler g\u00f6zden ge\u00e7irilerek yeniden yaz\u0131ld\u0131. Kitapta 2009\u2019dan bu yana ortaya \u00e7\u0131kan yeni geli\u015fmeleri yans\u0131tan yenilikler ve tamam\u0131yla yeni yaz\u0131lm\u0131\u015f bir b\u00f6l\u00fcm mevcut. Bu yeni b\u00f6l\u00fcm depresyon tedavisinde kar\u015f\u0131la\u015f\u0131lan zorluklar, diren\u00e7li depresyonun \u00f6zellikleri ve bu t\u00fcr depresyonlar\u0131n tedavisinde kullan\u0131labilecek ek teknikleri i\u00e7eriyor.<\/p>\n","protected":false},"excerpt":{"rendered":"<p>\u201cBili\u015fsel Terapi\u2019nin depresyon tedavisine entegresini anla\u015f\u0131l\u0131r bir dille ve detayl\u0131 bir \u015fekilde a\u00e7\u0131klayan bu kitap ruh sa\u011fl\u0131\u011f\u0131 bilimi ad\u0131na b\u00fcy\u00fck bir de\u011fer arz etmektedir. Hayat ak\u0131\u015f\u0131nda<span class=\"excerpt-hellip\"> [\u2026]<\/span><\/p>\n","protected":false},"featured_media":0,"template":"","meta":{"_monsterinsights_skip_tracking":false,"_monsterinsights_sitenote_active":false,"_monsterinsights_sitenote_note":"","_monsterinsights_sitenote_category":0},"product_brand":[],"product_cat":[12358,12357],"product_tag":[],"class_list":{"0":"post-712895","1":"product","2":"type-product","3":"status-publish","5":"product_cat-genel-psikoloji","6":"product_cat-psikoloji","7":"pa_cilt-ciltsiz","8":"pa_tur-kitap","9":"pa_yayinevi-epsilon-yayinlari","10":"pa_yazar-hakan-turkcapar","12":"first","13":"instock","14":"sale","15":"shipping-taxable","16":"purchasable","17":"product-type-simple"},"_links":{"self":[{"href":"https:\/\/roveyayinevi.com.tr\/index.php\/wp-json\/wp\/v2\/product\/712895","targetHints":{"allow":["GET"]}}],"collection":[{"href":"https:\/\/roveyayinevi.com.tr\/index.php\/wp-json\/wp\/v2\/product"}],"about":[{"href":"https:\/\/roveyayinevi.com.tr\/index.php\/wp-json\/wp\/v2\/types\/product"}],"wp:attachment":[{"href":"https:\/\/roveyayinevi.com.tr\/index.php\/wp-json\/wp\/v2\/media?parent=712895"}],"wp:term":[{"taxonomy":"product_brand","embeddable":true,"href":"https:\/\/roveyayinevi.com.tr\/index.php\/wp-json\/wp\/v2\/product_brand?post=712895"},{"taxonomy":"product_cat","embeddable":true,"href":"https:\/\/roveyayinevi.com.tr\/index.php\/wp-json\/wp\/v2\/product_cat?post=712895"},{"taxonomy":"product_tag","embeddable":true,"href":"https:\/\/roveyayinevi.com.tr\/index.php\/wp-json\/wp\/v2\/product_tag?post=712895"}],"curies":[{"name":"wp","href":"https:\/\/api.w.org\/{rel}","templated":true}]}}