{"id":712894,"date":"2025-08-27T17:01:29","date_gmt":"2025-08-27T14:01:29","guid":{"rendered":"https:\/\/roveyayinevi.com.tr\/index.php\/urun\/kaybedenler-kulubu\/"},"modified":"2026-04-16T02:21:37","modified_gmt":"2026-04-15T23:21:37","slug":"kaybedenler-kulubu","status":"publish","type":"product","link":"https:\/\/roveyayinevi.com.tr\/index.php\/urun\/kaybedenler-kulubu\/","title":{"rendered":"Kaybedenler Kul\u00fcb\u00fc"},"content":{"rendered":"<p>Bunun Ad\u0131 Findel ve Karne Oyunu gibi romanlar\u0131yla \u00e7ok sevilen Andrew Clements, bu kez kitaplar\u0131n d\u00fcnyas\u0131nda kaybolmay\u0131 seven bir \u00e7ocu\u011fun g\u00f6z\u00fcnden, okul ya\u015fam\u0131 ve okuma eylemine farkl\u0131 a\u00e7\u0131lardan yakla\u015f\u0131yor. Her \u00e7ocu\u011fun kendine \u00f6zg\u00fc yetene\u011fi oldu\u011funu hat\u0131rlatan roman, ki\u015fisel ke\u015fiflere ve \u00e7oklu d\u00fc\u015f\u00fcnmeye te\u015fvik ediyor. Geri planda ileti\u015fim ve sorumluluk temalar\u0131n\u0131 incelikli ayr\u0131nt\u0131larla i\u015flerken, dijital ya da bas\u0131l\u0131 ayr\u0131m\u0131 yapmadan okurlu\u011fu y\u00fcceltiyor. Durmaks\u0131z\u0131n kitap okuyan Alec, tam bir kitapkurdudur. Okulun ilk g\u00fcn\u00fc, yine derste kitap okurken yakalan\u0131nca, solu\u011fu m\u00fcd\u00fcr\u00fcn \u00fcnl\u00fc k\u0131rm\u0131z\u0131 koltu\u011funda al\u0131r. Bundan b\u00f6yle dersler bitti\u011finde Okul Sonras\u0131 Program\u0131&#8217;na kat\u0131lmak zorundad\u0131r. Neyse ki, OSP&#8217;nin harika bir \u00e7\u00f6z\u00fcm oldu\u011funu ke\u015ffeder: Kitap kul\u00fcb\u00fc kurmay\u0131 ba\u015far\u0131rsa, diledi\u011fi gibi sessiz sakin okuyabilecektir. Ancak, spor kul\u00fcb\u00fcndeki pop\u00fcler Kent onu rahat b\u0131rakaca\u011fa benzemez&#8230; <\/p>\n","protected":false},"excerpt":{"rendered":"<p>Bunun Ad\u0131 Findel ve Karne Oyunu gibi romanlar\u0131yla \u00e7ok sevilen Andrew Clements, bu kez kitaplar\u0131n d\u00fcnyas\u0131nda kaybolmay\u0131 seven bir \u00e7ocu\u011fun g\u00f6z\u00fcnden, okul ya\u015fam\u0131 ve okuma eylemine<span class=\"excerpt-hellip\"> [\u2026]<\/span><\/p>\n","protected":false},"featured_media":0,"template":"","meta":{"_monsterinsights_skip_tracking":false,"_monsterinsights_sitenote_active":false,"_monsterinsights_sitenote_note":"","_monsterinsights_sitenote_category":0},"product_brand":[],"product_cat":[12275,12274],"product_tag":[],"class_list":{"0":"post-712894","1":"product","2":"type-product","3":"status-publish","5":"product_cat-6-12-yas-kitaplari","6":"product_cat-cocuk-ve-genclik-kitaplari","7":"pa_cilt-ciltsiz","8":"pa_tur-kitap","9":"pa_yayinevi-gunisigi-kitapligi","10":"pa_yazar-andrew-clements","12":"first","13":"instock","14":"sale","15":"shipping-taxable","16":"purchasable","17":"product-type-simple"},"_links":{"self":[{"href":"https:\/\/roveyayinevi.com.tr\/index.php\/wp-json\/wp\/v2\/product\/712894","targetHints":{"allow":["GET"]}}],"collection":[{"href":"https:\/\/roveyayinevi.com.tr\/index.php\/wp-json\/wp\/v2\/product"}],"about":[{"href":"https:\/\/roveyayinevi.com.tr\/index.php\/wp-json\/wp\/v2\/types\/product"}],"wp:attachment":[{"href":"https:\/\/roveyayinevi.com.tr\/index.php\/wp-json\/wp\/v2\/media?parent=712894"}],"wp:term":[{"taxonomy":"product_brand","embeddable":true,"href":"https:\/\/roveyayinevi.com.tr\/index.php\/wp-json\/wp\/v2\/product_brand?post=712894"},{"taxonomy":"product_cat","embeddable":true,"href":"https:\/\/roveyayinevi.com.tr\/index.php\/wp-json\/wp\/v2\/product_cat?post=712894"},{"taxonomy":"product_tag","embeddable":true,"href":"https:\/\/roveyayinevi.com.tr\/index.php\/wp-json\/wp\/v2\/product_tag?post=712894"}],"curies":[{"name":"wp","href":"https:\/\/api.w.org\/{rel}","templated":true}]}}