{"id":712891,"date":"2025-08-27T17:01:26","date_gmt":"2025-08-27T14:01:26","guid":{"rendered":"https:\/\/roveyayinevi.com.tr\/index.php\/urun\/sen-yokken\/"},"modified":"2026-04-16T02:21:37","modified_gmt":"2026-04-15T23:21:37","slug":"sen-yokken","status":"publish","type":"product","link":"https:\/\/roveyayinevi.com.tr\/index.php\/urun\/sen-yokken\/","title":{"rendered":"Sen Yokken"},"content":{"rendered":"<p>SEN YOKKEN EN KIYMETL\u0130N\u0130Z\u0130 TEREDD\u00dcT ETMEDEN BIRAKAB\u0130LECE\u011e\u0130N\u0130Z K\u0130M VAR D\u0130YE H\u0130\u00c7 D\u00dc\u015e\u00dcND\u00dcN\u00dcZ M\u00dc? PEK\u0130 O K\u0130\u015e\u0130 S\u0130Z\u0130N \u0130\u00c7\u0130N T\u00dcM VARLI\u011eIYLA, A\u015eKI KAR\u015eISINA ALIP SAVA\u015eAB\u0130L\u0130R M\u0130? \u0130pek, birlikte b\u00fcy\u00fcd\u00fc\u011f\u00fc \u00c7i\u00e7ek i\u00e7in bunu yapabilecek kalbe sahipti. Lakin kendisine b\u0131rak\u0131lan emanet \u00f6yle k\u0131ymetli ve b\u00fcy\u00fckt\u00fc ki bunun i\u00e7in Cemal\u2019le sava\u015fmas\u0131 gerekiyordu. Sava\u015ft\u0131k\u00e7a dengeler de\u011fi\u015fecek, a\u015fk b\u00fcy\u00fcy\u00fcp hem Cemal\u2019i hem \u0130pek\u2019i t\u00fcm g\u00fcc\u00fcyle \u00f6rseleyecekti. Farkl\u0131 y\u00f6nlere savrulmak \u00e7\u00f6z\u00fcm olsa da insan t\u00fcm kalbini dolduran bir \u00f6zleme ne kadar dayanabilirdi? Gurur, a\u015fktan daha m\u0131 kuvvetliydi? O asl\u0131nda \u00e7o\u011fu zaman, mutsuzlu\u011fun kap\u0131lar\u0131n\u0131 kuvvetle aralayan bir duygudan ba\u015fka bir \u015fey de\u011fildi. GURURLA A\u015eKIN BU D\u00d6NG\u00dcSEL SAVA\u015eINDA \u0130K\u0130S\u0130 DE B\u0130RB\u0130R\u0130N\u0130 YOK SAYAMAZKEN HAYATIN ONLARI NEREDE VE NASIL B\u0130RLE\u015eT\u0130RECE\u011e\u0130N\u0130 SADECE ZAMAN G\u00d6STERECEKT\u0130. <\/p>\n","protected":false},"excerpt":{"rendered":"<p>SEN YOKKEN EN KIYMETL\u0130N\u0130Z\u0130 TEREDD\u00dcT ETMEDEN BIRAKAB\u0130LECE\u011e\u0130N\u0130Z K\u0130M VAR D\u0130YE H\u0130\u00c7 D\u00dc\u015e\u00dcND\u00dcN\u00dcZ M\u00dc? PEK\u0130 O K\u0130\u015e\u0130 S\u0130Z\u0130N \u0130\u00c7\u0130N T\u00dcM VARLI\u011eIYLA, A\u015eKI KAR\u015eISINA ALIP SAVA\u015eAB\u0130L\u0130R M\u0130? \u0130pek,<span class=\"excerpt-hellip\"> [\u2026]<\/span><\/p>\n","protected":false},"featured_media":0,"template":"","meta":{"_monsterinsights_skip_tracking":false,"_monsterinsights_sitenote_active":false,"_monsterinsights_sitenote_note":"","_monsterinsights_sitenote_category":0},"product_brand":[],"product_cat":[14643,12291],"product_tag":[],"class_list":{"0":"post-712891","1":"product","2":"type-product","3":"status-publish","5":"product_cat-ask","6":"product_cat-edebiyat","7":"pa_cilt-ciltsiz","8":"pa_tur-kitap","9":"pa_yayinevi-ephesus-yayinlari","10":"pa_yazar-gunes-demirel","12":"first","13":"instock","14":"sale","15":"shipping-taxable","16":"purchasable","17":"product-type-simple"},"_links":{"self":[{"href":"https:\/\/roveyayinevi.com.tr\/index.php\/wp-json\/wp\/v2\/product\/712891","targetHints":{"allow":["GET"]}}],"collection":[{"href":"https:\/\/roveyayinevi.com.tr\/index.php\/wp-json\/wp\/v2\/product"}],"about":[{"href":"https:\/\/roveyayinevi.com.tr\/index.php\/wp-json\/wp\/v2\/types\/product"}],"wp:attachment":[{"href":"https:\/\/roveyayinevi.com.tr\/index.php\/wp-json\/wp\/v2\/media?parent=712891"}],"wp:term":[{"taxonomy":"product_brand","embeddable":true,"href":"https:\/\/roveyayinevi.com.tr\/index.php\/wp-json\/wp\/v2\/product_brand?post=712891"},{"taxonomy":"product_cat","embeddable":true,"href":"https:\/\/roveyayinevi.com.tr\/index.php\/wp-json\/wp\/v2\/product_cat?post=712891"},{"taxonomy":"product_tag","embeddable":true,"href":"https:\/\/roveyayinevi.com.tr\/index.php\/wp-json\/wp\/v2\/product_tag?post=712891"}],"curies":[{"name":"wp","href":"https:\/\/api.w.org\/{rel}","templated":true}]}}