{"id":712890,"date":"2025-08-27T17:01:26","date_gmt":"2025-08-27T14:01:26","guid":{"rendered":"https:\/\/roveyayinevi.com.tr\/index.php\/urun\/elif-hastanede-ilk-okuma-kitabim\/"},"modified":"2026-04-16T02:21:37","modified_gmt":"2026-04-15T23:21:37","slug":"elif-hastanede-ilk-okuma-kitabim","status":"publish","type":"product","link":"https:\/\/roveyayinevi.com.tr\/index.php\/urun\/elif-hastanede-ilk-okuma-kitabim\/","title":{"rendered":"Elif Hastanede &#8211; \u0130lk Okuma Kitab\u0131m"},"content":{"rendered":"<p>Elif kayd\u0131raktan kayarken baca\u011f\u0131n\u0131 k\u0131rd\u0131\u011f\u0131 i\u00e7in hastanede yatmak zorundayd\u0131. Neyse ki annesi yan\u0131ndayd\u0131 ve onu hi\u00e7 yaln\u0131z b\u0131rakm\u0131yordu. Elif birka\u00e7 g\u00fcn i\u00e7inde hastaneye ve doktorlara al\u0131\u015ft\u0131. R\u00f6ntgen cihaz\u0131ndan ve kan vermekten korkmuyordu art\u0131k. \u00dcstelik hastanede yeni bir arkada\u015f da edindi. <\/p>\n","protected":false},"excerpt":{"rendered":"<p>Elif kayd\u0131raktan kayarken baca\u011f\u0131n\u0131 k\u0131rd\u0131\u011f\u0131 i\u00e7in hastanede yatmak zorundayd\u0131. Neyse ki annesi yan\u0131ndayd\u0131 ve onu hi\u00e7 yaln\u0131z b\u0131rakm\u0131yordu. Elif birka\u00e7 g\u00fcn i\u00e7inde hastaneye ve doktorlara al\u0131\u015ft\u0131.<span class=\"excerpt-hellip\"> [\u2026]<\/span><\/p>\n","protected":false},"featured_media":0,"template":"","meta":{"_monsterinsights_skip_tracking":false,"_monsterinsights_sitenote_active":false,"_monsterinsights_sitenote_note":"","_monsterinsights_sitenote_category":0},"product_brand":[],"product_cat":[12274,12284],"product_tag":[],"class_list":{"0":"post-712890","1":"product","2":"type-product","3":"status-publish","5":"product_cat-cocuk-ve-genclik-kitaplari","6":"product_cat-hikayeler","7":"pa_cilt-ciltsiz","8":"pa_tur-kitap","9":"pa_yayinevi-is-bankasi-kultur-yayinlari","10":"pa_yazar-liane-schneider","12":"first","13":"instock","14":"sale","15":"shipping-taxable","16":"purchasable","17":"product-type-simple"},"_links":{"self":[{"href":"https:\/\/roveyayinevi.com.tr\/index.php\/wp-json\/wp\/v2\/product\/712890","targetHints":{"allow":["GET"]}}],"collection":[{"href":"https:\/\/roveyayinevi.com.tr\/index.php\/wp-json\/wp\/v2\/product"}],"about":[{"href":"https:\/\/roveyayinevi.com.tr\/index.php\/wp-json\/wp\/v2\/types\/product"}],"wp:attachment":[{"href":"https:\/\/roveyayinevi.com.tr\/index.php\/wp-json\/wp\/v2\/media?parent=712890"}],"wp:term":[{"taxonomy":"product_brand","embeddable":true,"href":"https:\/\/roveyayinevi.com.tr\/index.php\/wp-json\/wp\/v2\/product_brand?post=712890"},{"taxonomy":"product_cat","embeddable":true,"href":"https:\/\/roveyayinevi.com.tr\/index.php\/wp-json\/wp\/v2\/product_cat?post=712890"},{"taxonomy":"product_tag","embeddable":true,"href":"https:\/\/roveyayinevi.com.tr\/index.php\/wp-json\/wp\/v2\/product_tag?post=712890"}],"curies":[{"name":"wp","href":"https:\/\/api.w.org\/{rel}","templated":true}]}}