{"id":712885,"date":"2025-08-27T17:01:23","date_gmt":"2025-08-27T14:01:23","guid":{"rendered":"https:\/\/roveyayinevi.com.tr\/index.php\/urun\/uyum-saglama-yetenegi-surekli-yenilenen-is-dunyasinin-belirsizliginde-kazanma-sanati\/"},"modified":"2026-04-16T02:21:37","modified_gmt":"2026-04-15T23:21:37","slug":"uyum-saglama-yetenegi-surekli-yenilenen-is-dunyasinin-belirsizliginde-kazanma-sanati","status":"publish","type":"product","link":"https:\/\/roveyayinevi.com.tr\/index.php\/urun\/uyum-saglama-yetenegi-surekli-yenilenen-is-dunyasinin-belirsizliginde-kazanma-sanati\/","title":{"rendered":"Uyum Sa\u011flama Yetene\u011fi S\u00fcrekli Yenilenen \u0130\u015f D\u00fcnyas\u0131n\u0131n Belirsizli\u011finde Kazanma Sanat\u0131"},"content":{"rendered":"<p>\u201cTarih, stat\u00fckoyu s\u00fcrd\u00fcrmeyi beceren k\u00fclt\u00fcrlerin veya \u015firketlerin \u00f6yk\u00fcs\u00fcn\u00fc anlatmaz. Tarihte \u00f6ne \u00e7\u0131kanlar ile yok olanlar\u0131n \u00f6yk\u00fcleri yer al\u0131r. \u015eirketler, uyarlanma yetene\u011fine sahip olman\u0131n organizasyonlar\u0131 a\u00e7\u0131s\u0131ndan ne anlama geldi\u011fini ve bu yetene\u011fi kullanarak nas\u0131l \u00f6ne \u00e7\u0131kabileceklerini bulmak zorundad\u0131r. Max McKeown\u2019un son kitab\u0131 bu konuda ihtiya\u00e7 duyacaklar\u0131 yol haritas\u0131n\u0131 sunuyor.\u201dTac Anderson, Ba\u015fkan Yard\u0131mc\u0131s\u0131, Dijital Stratejiler Y\u00f6neticisi, Waggener Edstrom CommunicationsUyum Sa\u011flama Yetene\u011fi, ko\u015fullar\u0131n her an de\u011fi\u015febilece\u011fi, ne zaman ne olaca\u011f\u0131 belirsiz bu d\u00fcnyada, ba\u015far\u0131ya ula\u015fabilece\u011fimiz daha iyi bir gelece\u011fi nas\u0131l yaratabiliriz sorusuna odaklan\u0131yor.Uyum sa\u011flama yetene\u011fi size ne katar? Ba\u015far\u0131 i\u00e7in nas\u0131l uyum sa\u011flayabilirsiniz? Ba\u015far\u0131l\u0131 bir uyarlanman\u0131n \u00fc\u00e7 ad\u0131m\u0131 nelerdir? H\u0131zl\u0131 ve ak\u0131ll\u0131ca uyum sa\u011flama nas\u0131l yap\u0131l\u0131r? <\/p>\n","protected":false},"excerpt":{"rendered":"<p>\u201cTarih, stat\u00fckoyu s\u00fcrd\u00fcrmeyi beceren k\u00fclt\u00fcrlerin veya \u015firketlerin \u00f6yk\u00fcs\u00fcn\u00fc anlatmaz. Tarihte \u00f6ne \u00e7\u0131kanlar ile yok olanlar\u0131n \u00f6yk\u00fcleri yer al\u0131r. \u015eirketler, uyarlanma yetene\u011fine sahip olman\u0131n organizasyonlar\u0131 a\u00e7\u0131s\u0131ndan ne<span class=\"excerpt-hellip\"> [\u2026]<\/span><\/p>\n","protected":false},"featured_media":0,"template":"","meta":{"_monsterinsights_skip_tracking":false,"_monsterinsights_sitenote_active":false,"_monsterinsights_sitenote_note":"","_monsterinsights_sitenote_category":0},"product_brand":[],"product_cat":[12364,12376],"product_tag":[],"class_list":{"0":"post-712885","1":"product","2":"type-product","3":"status-publish","5":"product_cat-genel-konular","6":"product_cat-kisisel-gelisim","7":"pa_cilt-ciltsiz","8":"pa_tur-kitap","9":"pa_yayinevi-is-bankasi-kultur-yayinlari","10":"pa_yazar-max-mckeown","12":"first","13":"instock","14":"sale","15":"shipping-taxable","16":"purchasable","17":"product-type-simple"},"_links":{"self":[{"href":"https:\/\/roveyayinevi.com.tr\/index.php\/wp-json\/wp\/v2\/product\/712885","targetHints":{"allow":["GET"]}}],"collection":[{"href":"https:\/\/roveyayinevi.com.tr\/index.php\/wp-json\/wp\/v2\/product"}],"about":[{"href":"https:\/\/roveyayinevi.com.tr\/index.php\/wp-json\/wp\/v2\/types\/product"}],"wp:attachment":[{"href":"https:\/\/roveyayinevi.com.tr\/index.php\/wp-json\/wp\/v2\/media?parent=712885"}],"wp:term":[{"taxonomy":"product_brand","embeddable":true,"href":"https:\/\/roveyayinevi.com.tr\/index.php\/wp-json\/wp\/v2\/product_brand?post=712885"},{"taxonomy":"product_cat","embeddable":true,"href":"https:\/\/roveyayinevi.com.tr\/index.php\/wp-json\/wp\/v2\/product_cat?post=712885"},{"taxonomy":"product_tag","embeddable":true,"href":"https:\/\/roveyayinevi.com.tr\/index.php\/wp-json\/wp\/v2\/product_tag?post=712885"}],"curies":[{"name":"wp","href":"https:\/\/api.w.org\/{rel}","templated":true}]}}