{"id":712884,"date":"2025-08-27T17:01:22","date_gmt":"2025-08-27T14:01:22","guid":{"rendered":"https:\/\/roveyayinevi.com.tr\/index.php\/urun\/bahriyede-zafer-rehberi-rehber-i-muzafferiyyat-i-bahriyye-2-abdulhamid-devrinde-zirhli-gemiler-ve-deniz-muharebe-doktrinleri\/"},"modified":"2026-04-16T02:21:37","modified_gmt":"2026-04-15T23:21:37","slug":"bahriyede-zafer-rehberi-rehber-i-muzafferiyyat-i-bahriyye-2-abdulhamid-devrinde-zirhli-gemiler-ve-deniz-muharebe-doktrinleri","status":"publish","type":"product","link":"https:\/\/roveyayinevi.com.tr\/index.php\/urun\/bahriyede-zafer-rehberi-rehber-i-muzafferiyyat-i-bahriyye-2-abdulhamid-devrinde-zirhli-gemiler-ve-deniz-muharebe-doktrinleri\/","title":{"rendered":"Bahriyede Zafer Rehberi Rehber-i Muzafferiyyat-\u0131 Bahriyye &#8211; 2. Abd\u00fclhamid Devrinde Z\u0131rhl\u0131 Gemiler ve Deniz Muharebe Doktrinleri"},"content":{"rendered":"<p>On dokuzuncu y\u00fczy\u0131l\u0131n sonlar\u0131na do\u011fru, ah\u015fap g\u00f6vdeli ve yelkenli gemiler yerini buhar makineleriyle donat\u0131lan z\u0131rhl\u0131 gemilere b\u0131rak\u0131r. G\u00fc\u00e7l\u00fc gemi toplar\u0131n\u0131n imali ve suyun alt\u0131nda hareket edebilen torpidolar ile deniz may\u0131nlar\u0131n\u0131n kullan\u0131m\u0131, deniz g\u00fcc\u00fc kavram\u0131n\u0131n yeni ba\u015ftan tan\u0131mlanmas\u0131na sebep olur. B\u00f6ylece maliyetli g\u00fc\u00e7l\u00fc donanmalar, devletlerin askeri, ekonomik ve sosyal geli\u015fmi\u015fli\u011finde zirveyi belirleyen en \u00f6nemli g\u00f6sterge haline gelir. Osmanl\u0131 \u0130mparatorlu\u011fu, 19. y\u00fczy\u0131l boyunca i\u00e7inde bulundu\u011fu buhrana ve zay\u0131flayan ekonomisine ra\u011fmen, denizcilik sekt\u00f6r\u00fcndeki geli\u015fmeleri yak\u0131ndan izlemi\u015f, bilhassa donanma konusunu en hayati meselelerden biri olarak ele alm\u0131\u015ft\u0131r. Bu d\u00f6n\u00fc\u015f\u00fcm \u00e7a\u011f\u0131nda yeti\u015fmi\u015f Osmanl\u0131 askeri entelekt\u00fcellerinden Miralay Ahmed Muhtar Pa\u015fa, deniz g\u00fc\u00e7lerinin d\u00fcnya \u00e7ap\u0131nda geldi\u011fi nokta \u00fczerine kafa yormu\u015f ve deniz g\u00fcc\u00fc kavram\u0131n\u0131 b\u00fct\u00fcn Osmanl\u0131 ayd\u0131nlar\u0131n\u0131n anlayaca\u011f\u0131 rahat bir dille anlatmak i\u00e7in elinizdeki eseri yazm\u0131\u015ft\u0131r. Sultan II. Abd\u00fclhamid\u2019in tahta \u00e7\u0131k\u0131\u015f\u0131n\u0131n 25. y\u0131l\u0131na tesad\u00fcf eden 1900\u2019de yay\u0131mlanan Rehber-i Muzafferiyy\u00e2t-\u0131 Bahriyye\u2019de d\u00f6nemin denizci devletlerinin sahip olduklar\u0131 platformlar ile bunlar\u0131n \u00f6zellikleri; kara ve deniz unsurlar\u0131n\u0131n m\u00fc\u015fterek harek\u00e2t kabiliyetleri ile sahil muhafaza ve top teknolojilerinin mukayesesi, Osmanl\u0131 \u0130mparatorlu\u011fu\u2019nun 19. y\u00fczy\u0131lda deniz g\u00fcc\u00fc kapasitesi ile takip etti\u011fi deniz stratejisi ayr\u0131nt\u0131l\u0131 olarak ele al\u0131nmaktad\u0131r. <\/p>\n","protected":false},"excerpt":{"rendered":"<p>On dokuzuncu y\u00fczy\u0131l\u0131n sonlar\u0131na do\u011fru, ah\u015fap g\u00f6vdeli ve yelkenli gemiler yerini buhar makineleriyle donat\u0131lan z\u0131rhl\u0131 gemilere b\u0131rak\u0131r. G\u00fc\u00e7l\u00fc gemi toplar\u0131n\u0131n imali ve suyun alt\u0131nda hareket edebilen<span class=\"excerpt-hellip\"> [\u2026]<\/span><\/p>\n","protected":false},"featured_media":0,"template":"","meta":{"_monsterinsights_skip_tracking":false,"_monsterinsights_sitenote_active":false,"_monsterinsights_sitenote_note":"","_monsterinsights_sitenote_category":0},"product_brand":[],"product_cat":[13517,12304],"product_tag":[],"class_list":{"0":"post-712884","1":"product","2":"type-product","3":"status-publish","5":"product_cat-osmanli-tarihi","6":"product_cat-tarih","7":"pa_cilt-ciltsiz","8":"pa_tur-kitap","9":"pa_yayinevi-is-bankasi-kultur-yayinlari","10":"pa_yazar-ahmed-muhtar-pasa","12":"first","13":"instock","14":"sale","15":"shipping-taxable","16":"purchasable","17":"product-type-simple"},"_links":{"self":[{"href":"https:\/\/roveyayinevi.com.tr\/index.php\/wp-json\/wp\/v2\/product\/712884","targetHints":{"allow":["GET"]}}],"collection":[{"href":"https:\/\/roveyayinevi.com.tr\/index.php\/wp-json\/wp\/v2\/product"}],"about":[{"href":"https:\/\/roveyayinevi.com.tr\/index.php\/wp-json\/wp\/v2\/types\/product"}],"wp:attachment":[{"href":"https:\/\/roveyayinevi.com.tr\/index.php\/wp-json\/wp\/v2\/media?parent=712884"}],"wp:term":[{"taxonomy":"product_brand","embeddable":true,"href":"https:\/\/roveyayinevi.com.tr\/index.php\/wp-json\/wp\/v2\/product_brand?post=712884"},{"taxonomy":"product_cat","embeddable":true,"href":"https:\/\/roveyayinevi.com.tr\/index.php\/wp-json\/wp\/v2\/product_cat?post=712884"},{"taxonomy":"product_tag","embeddable":true,"href":"https:\/\/roveyayinevi.com.tr\/index.php\/wp-json\/wp\/v2\/product_tag?post=712884"}],"curies":[{"name":"wp","href":"https:\/\/api.w.org\/{rel}","templated":true}]}}