{"id":712881,"date":"2025-08-27T17:01:21","date_gmt":"2025-08-27T14:01:21","guid":{"rendered":"https:\/\/roveyayinevi.com.tr\/index.php\/urun\/donem-kadinlar-erken-modern-donem-akdenizinde-toplumsal-cinsiyet-kimlik-ve-sinirlar\/"},"modified":"2026-04-16T02:21:37","modified_gmt":"2026-04-15T23:21:37","slug":"donem-kadinlar-erken-modern-donem-akdenizinde-toplumsal-cinsiyet-kimlik-ve-sinirlar","status":"publish","type":"product","link":"https:\/\/roveyayinevi.com.tr\/index.php\/urun\/donem-kadinlar-erken-modern-donem-akdenizinde-toplumsal-cinsiyet-kimlik-ve-sinirlar\/","title":{"rendered":"D\u00f6nem Kad\u0131nlar: Erken Modern D\u00f6nem Akdeniz\u2019inde Toplumsal Cinsiyet, Kimlik Ve S\u0131n\u0131rlar"},"content":{"rendered":"<p>Elinizdeki kitapta erken modern d\u00f6nemde do\u011fduklar\u0131 yerleri, ailelerini ve dinlerini b\u0131rakan Akdenizli kad\u0131nlar\u0131n, toplumsal ve siyasi olarak sahip olduklar\u0131 karma\u015f\u0131k alan\u0131 a\u00e7\u0131k eden hik\u00e2yeleri anlat\u0131l\u0131yor. \u201cD\u00f6nme\u201d, en dar anlam\u0131yla erken modern Akdeniz\u2019de H\u0131ristiyanl\u0131ktan M\u00fcsl\u00fcmanl\u0131\u011fa ge\u00e7enler i\u00e7in kullan\u0131l\u0131r. Eric R. Dursteler, D\u00f6nme Kad\u0131nlar\u2019da bu anlam\u0131 ustaca de\u011fi\u015ftirerek kelimeyi, d\u00f6nemin ve b\u00f6lgenin toplumsal, dini, siyasi ve toplumsal cinsiyet s\u0131n\u0131rlar\u0131n\u0131n \u00f6tesine ge\u00e7en herkesi kapsayacak \u015fekilde kullan\u0131yor. G\u00fc\u00e7l\u00fc bir ar\u015fiv \u00e7al\u0131\u015fmas\u0131yla aktar\u0131lan bu hik\u00e2yeler arac\u0131l\u0131\u011f\u0131yla Dursteler, hem erken modern d\u00f6nem Akdeniz\u2019de kad\u0131nlar\u0131n belirli deneyimleri ve ko\u015fullar\u0131na hem de daha geni\u015f k\u00fclt\u00fcrel ve toplumsal pratiklerle geleneklere dair \u00f6nemli \u00f6ng\u00f6r\u00fclerde bulunuyor. Kitapta kendisini ezen kocas\u0131ndan ka\u00e7mak i\u00e7in \u0130stanbul\u2019a, d\u00f6nme a\u011fabeyinin yan\u0131na gelip Fatma Hatun ad\u0131n\u0131 alan Venedikli Beatrice Michel\u2019in hik\u00e2yesiyle kad\u0131nlar\u0131n din ve yer de\u011fi\u015ftirerek nas\u0131l \u015fahsi ve ailevi stat\u00fclerini y\u00fckselttiklerini okuruz. H\u0131ristiyan Elena Civalelli ve M\u00fcsl\u00fcman Mihale \u015eatorovi\u00e7\u2019in paralel hik\u00e2yesinde iki cesur kad\u0131n\u0131n Osmanl\u0131-Venedik s\u0131n\u0131r\u0131n\u0131 kullanarak kendi hayatlar\u0131n\u0131 tayin edi\u015flerine tan\u0131k oluruz. Yunan adas\u0131 Milos\u2019tan ka\u00e7an d\u00f6rt M\u00fcsl\u00fcman kad\u0131n\u0131n (Ay\u015fe, Emine, Hatice ve anneleri Maria) Korfu\u2019ya s\u0131\u011f\u0131nmalar\u0131 ve \u0130slamdan H\u0131ristiyanl\u0131\u011fa d\u00f6nmeleriyle bir kad\u0131n\u0131n hayat\u0131 \u00fczerinde s\u00f6z sahibi olmas\u0131n\u0131n Osmanl\u0131-Venedik s\u0131n\u0131r\u0131nda uluslararas\u0131 bir f\u0131rt\u0131na kopard\u0131\u011f\u0131n\u0131 g\u00f6r\u00fcr\u00fcz. Kad\u0131n failli\u011fine dair heyecan verici bir anlat\u0131 olan D\u00f6nme Kad\u0131nlar, erken modern Akdeniz\u2019de kimlik ve d\u00f6nmelik aras\u0131ndaki ba\u011flant\u0131y\u0131 ayd\u0131nlat\u0131yor. Zengin i\u00e7eri\u011fe sahip bu s\u00fcr\u00fckleyici kitap, sadece d\u00f6nemi \u00e7al\u0131\u015fan ara\u015ft\u0131rmac\u0131lara de\u011fil, geni\u015f bir okuyucu kitlesine hitap ediyor. Eric R. Dursteler, Brigham Young \u00dcniversitesi Tarih B\u00f6l\u00fcm\u00fc\u2019nde profes\u00f6r ve b\u00f6l\u00fcm ba\u015fkan\u0131. <\/p>\n","protected":false},"excerpt":{"rendered":"<p>Elinizdeki kitapta erken modern d\u00f6nemde do\u011fduklar\u0131 yerleri, ailelerini ve dinlerini b\u0131rakan Akdenizli kad\u0131nlar\u0131n, toplumsal ve siyasi olarak sahip olduklar\u0131 karma\u015f\u0131k alan\u0131 a\u00e7\u0131k eden hik\u00e2yeleri anlat\u0131l\u0131yor. \u201cD\u00f6nme\u201d,<span class=\"excerpt-hellip\"> [\u2026]<\/span><\/p>\n","protected":false},"featured_media":0,"template":"","meta":{"_monsterinsights_skip_tracking":false,"_monsterinsights_sitenote_active":false,"_monsterinsights_sitenote_note":"","_monsterinsights_sitenote_category":0},"product_brand":[],"product_cat":[14741,13488],"product_tag":[],"class_list":{"0":"post-712881","1":"product","2":"type-product","3":"status-publish","5":"product_cat-kadin-sorunlari-feminizm","6":"product_cat-toplum-ve-insan","7":"pa_cilt-ciltsiz","8":"pa_tur-kitap","9":"pa_yayinevi-koc-universitesi-yayinlari","10":"pa_yazar-eric-r-dursteler","12":"first","13":"instock","14":"sale","15":"shipping-taxable","16":"purchasable","17":"product-type-simple"},"_links":{"self":[{"href":"https:\/\/roveyayinevi.com.tr\/index.php\/wp-json\/wp\/v2\/product\/712881","targetHints":{"allow":["GET"]}}],"collection":[{"href":"https:\/\/roveyayinevi.com.tr\/index.php\/wp-json\/wp\/v2\/product"}],"about":[{"href":"https:\/\/roveyayinevi.com.tr\/index.php\/wp-json\/wp\/v2\/types\/product"}],"wp:attachment":[{"href":"https:\/\/roveyayinevi.com.tr\/index.php\/wp-json\/wp\/v2\/media?parent=712881"}],"wp:term":[{"taxonomy":"product_brand","embeddable":true,"href":"https:\/\/roveyayinevi.com.tr\/index.php\/wp-json\/wp\/v2\/product_brand?post=712881"},{"taxonomy":"product_cat","embeddable":true,"href":"https:\/\/roveyayinevi.com.tr\/index.php\/wp-json\/wp\/v2\/product_cat?post=712881"},{"taxonomy":"product_tag","embeddable":true,"href":"https:\/\/roveyayinevi.com.tr\/index.php\/wp-json\/wp\/v2\/product_tag?post=712881"}],"curies":[{"name":"wp","href":"https:\/\/api.w.org\/{rel}","templated":true}]}}