{"id":712880,"date":"2025-08-27T17:01:20","date_gmt":"2025-08-27T14:01:20","guid":{"rendered":"https:\/\/roveyayinevi.com.tr\/index.php\/urun\/enayi-bir-ask\/"},"modified":"2026-04-16T02:21:37","modified_gmt":"2026-04-15T23:21:37","slug":"enayi-bir-ask","status":"publish","type":"product","link":"https:\/\/roveyayinevi.com.tr\/index.php\/urun\/enayi-bir-ask\/","title":{"rendered":"Enayi Bir A\u015fk"},"content":{"rendered":"<p>Enayi a\u015fklar ya\u015fayan gen\u00e7 k\u0131zlar, evliler, terbiyesiz adamlar, kadri bilinmemi\u015f yazarlar, bek\u00e7iler, hocalar, ya\u015flananlar veya hi\u00e7 ya\u015famayanlar. Yaz\u0131ld\u0131\u011f\u0131 zaman bile naif, naifli\u011fiyle tuhaf olan \u00f6yk\u00fcler. \u015eiir Erk\u00f6k Y\u0131lmaz, 1948\u2019de Ankara&#8217;da do\u011fdu, iktisat\u00e7\u0131 oldu, hesaps\u0131z yazd\u0131. <\/p>\n","protected":false},"excerpt":{"rendered":"<p>Enayi a\u015fklar ya\u015fayan gen\u00e7 k\u0131zlar, evliler, terbiyesiz adamlar, kadri bilinmemi\u015f yazarlar, bek\u00e7iler, hocalar, ya\u015flananlar veya hi\u00e7 ya\u015famayanlar. Yaz\u0131ld\u0131\u011f\u0131 zaman bile naif, naifli\u011fiyle tuhaf olan \u00f6yk\u00fcler. \u015eiir<span class=\"excerpt-hellip\"> [\u2026]<\/span><\/p>\n","protected":false},"featured_media":0,"template":"","meta":{"_monsterinsights_skip_tracking":false,"_monsterinsights_sitenote_active":false,"_monsterinsights_sitenote_note":"","_monsterinsights_sitenote_category":0},"product_brand":[],"product_cat":[12291,12711],"product_tag":[],"class_list":{"0":"post-712880","1":"product","2":"type-product","3":"status-publish","5":"product_cat-edebiyat","6":"product_cat-roman-oyku","7":"pa_cilt-ciltsiz","8":"pa_tur-kitap","9":"pa_yayinevi-koc-universitesi-yayinlari","10":"pa_yazar-siir-erkok-yilmaz","12":"first","13":"instock","14":"sale","15":"shipping-taxable","16":"purchasable","17":"product-type-simple"},"_links":{"self":[{"href":"https:\/\/roveyayinevi.com.tr\/index.php\/wp-json\/wp\/v2\/product\/712880","targetHints":{"allow":["GET"]}}],"collection":[{"href":"https:\/\/roveyayinevi.com.tr\/index.php\/wp-json\/wp\/v2\/product"}],"about":[{"href":"https:\/\/roveyayinevi.com.tr\/index.php\/wp-json\/wp\/v2\/types\/product"}],"wp:attachment":[{"href":"https:\/\/roveyayinevi.com.tr\/index.php\/wp-json\/wp\/v2\/media?parent=712880"}],"wp:term":[{"taxonomy":"product_brand","embeddable":true,"href":"https:\/\/roveyayinevi.com.tr\/index.php\/wp-json\/wp\/v2\/product_brand?post=712880"},{"taxonomy":"product_cat","embeddable":true,"href":"https:\/\/roveyayinevi.com.tr\/index.php\/wp-json\/wp\/v2\/product_cat?post=712880"},{"taxonomy":"product_tag","embeddable":true,"href":"https:\/\/roveyayinevi.com.tr\/index.php\/wp-json\/wp\/v2\/product_tag?post=712880"}],"curies":[{"name":"wp","href":"https:\/\/api.w.org\/{rel}","templated":true}]}}